{"id":34853,"date":"2024-06-03T16:33:19","date_gmt":"2024-06-03T14:33:19","guid":{"rendered":"http:\/\/dev.modularte.de\/STEVIASWEET-WP\/?post_type=product&#038;p=34853"},"modified":"2024-08-08T15:23:38","modified_gmt":"2024-08-08T13:23:38","slug":"gummibaerchen-alle-sorten-ohne-zucker","status":"publish","type":"product","link":"http:\/\/dev.modularte.de\/STEVIASWEET-WP\/produkt\/gummibaerchen-alle-sorten-ohne-zucker\/","title":{"rendered":"Gummib\u00e4rchen alle Sorten ohne Zucker"},"content":{"rendered":"<p>Das ultimative Quartett f\u00fcr deine Naschmomente: Unser Probier-Pack vereint das komplette Gummib\u00e4rchen Sortiment, alle ges\u00fcsst mit der magischen S\u00fcsse von Stevia. Diese Zusammenstellung ist ein wahr gewordener Traum f\u00fcr alle, die bewusst geniessen wollen, ohne auf die s\u00fcsse Verf\u00fchrung verzichten zu m\u00fcssen.<\/p>\n<p>Die nat\u00fcrlichen Aromen und Farbstoffe garantieren eine Explosion der Geschmackssinne, w\u00e4hrend Stevia einen Hauch von S\u00fcsse hinzuf\u00fcgt, ohne einen Zuckerkr\u00fcmel in Sicht. Perfekt zum Teilen mit deinem Lieblingsmenschen, f\u00fcr gem\u00fctliche Abende allein oder als zahnschonende, s\u00fcsse \u00dcberraschung f\u00fcr die Kleinen.<\/p>\n<p>Und keine Sorge, falls du nicht alles auf einmal naschen m\u00f6chtest (obwohl wir wetten, dass es schwerfallen wird!), die Packungen kommen mit einem praktischen Zipper, damit du deine Gummib\u00e4rchen frisch und lecker halten kannst, wann immer die Lust auf S\u00fcsses dich packt.<\/p>\n<p>Mit unserem Probier-Pack musst du keine Kompromisse mehr eingehen. \u00d6ffne dein Herz und deine Geschmacksknospen f\u00fcr den doppelten Genuss \u2013 v\u00f6llig zuckerfrei und voller Liebe. Cheers to the sweet symphony of health and happiness!<\/p>\n<p>&nbsp;<\/p>\n<p>Lagerung:<br \/>\nVor W\u00e4rme gesch\u00fctzt, trocken und geruchfrei lagern\u200b<\/p>\n<p>Produktionsland:<br \/>\nBelgien<\/p>\n","protected":false},"excerpt":{"rendered":"<p>Inhalt<br \/>\n2 x 250 g<br \/>\n2 x 100 g<\/p>\n","protected":false},"featured_media":32719,"template":"","meta":{"_acf_changed":false,"inline_featured_image":false,"kia_subtitle":"B\u00e4ren, vegane Herzen, Cola Flaschen &amp; vegane Erdbeeren"},"product_brand":[],"product_cat":[309,311,306],"product_tag":[51,52,53,54,55,58,73],"class_list":{"0":"post-34853","1":"product","2":"type-product","3":"status-publish","4":"has-post-thumbnail","6":"productbadges-neu","7":"product_cat-aktion","8":"product_cat-probier-pack","9":"product_cat-suesswaren","10":"product_tag-fructosefrei","11":"product_tag-glutenfrei","12":"product_tag-laktosefrei","13":"product_tag-low-carb","14":"product_tag-ohne-farbstoffe","15":"product_tag-ohne-zuckerzusatz","16":"product_tag-zuckerfrei","18":"first","19":"instock","20":"sale","21":"taxable","22":"shipping-taxable","23":"purchasable","24":"product-type-bundle"},"bundled_by":[],"bundle_stock_status":"instock","bundle_stock_quantity":379,"bundle_virtual":false,"bundle_layout":"default","bundle_add_to_cart_form_location":"default","bundle_editable_in_cart":false,"bundle_sold_individually_context":"product","bundle_item_grouping":"parent","bundle_min_size":"","bundle_max_size":"","bundle_price":{"price":{"min":{"incl_tax":"15.9","excl_tax":"15.5"},"max":{"incl_tax":"15.9","excl_tax":"15.5"}},"regular_price":{"min":{"incl_tax":"19.7","excl_tax":"19.2"},"max":{"incl_tax":"19.7","excl_tax":"19.2"}}},"bundled_items":[{"bundled_item_id":546,"product_id":185,"menu_order":0,"quantity_min":1,"quantity_max":1,"quantity_default":1,"priced_individually":true,"shipped_individually":false,"override_title":false,"title":"Gummib\u00e4rchen ohne Zucker","override_description":false,"description":"","optional":false,"hide_thumbnail":false,"discount":"19.29","override_variations":false,"allowed_variations":[],"override_default_variation_attributes":false,"default_variation_attributes":[],"single_product_visibility":"hidden","cart_visibility":"hidden","order_visibility":"visible","single_product_price_visibility":"hidden","cart_price_visibility":"hidden","order_price_visibility":"hidden","stock_status":"in_stock"},{"bundled_item_id":547,"product_id":186,"menu_order":1,"quantity_min":1,"quantity_max":1,"quantity_default":1,"priced_individually":true,"shipped_individually":false,"override_title":false,"title":"Vegane Gummib\u00e4rchen-Herzform ohne Zucker","override_description":false,"description":"","optional":false,"hide_thumbnail":false,"discount":"19.29","override_variations":false,"allowed_variations":[],"override_default_variation_attributes":false,"default_variation_attributes":[],"single_product_visibility":"hidden","cart_visibility":"hidden","order_visibility":"visible","single_product_price_visibility":"hidden","cart_price_visibility":"hidden","order_price_visibility":"hidden","stock_status":"in_stock"},{"bundled_item_id":548,"product_id":31941,"menu_order":2,"quantity_min":1,"quantity_max":1,"quantity_default":1,"priced_individually":true,"shipped_individually":false,"override_title":false,"title":"Gummib\u00e4rchen-Cola Flaschen ohne Zucker","override_description":false,"description":"","optional":false,"hide_thumbnail":false,"discount":"19.29","override_variations":false,"allowed_variations":[],"override_default_variation_attributes":false,"default_variation_attributes":[],"single_product_visibility":"hidden","cart_visibility":"hidden","order_visibility":"visible","single_product_price_visibility":"hidden","cart_price_visibility":"hidden","order_price_visibility":"hidden","stock_status":"in_stock"},{"bundled_item_id":549,"product_id":31944,"menu_order":3,"quantity_min":1,"quantity_max":1,"quantity_default":1,"priced_individually":true,"shipped_individually":false,"override_title":false,"title":"Vegane Gummib\u00e4rchen-Erdbeeren ohne Zucker","override_description":false,"description":"","optional":false,"hide_thumbnail":false,"discount":"19.29","override_variations":false,"allowed_variations":[],"override_default_variation_attributes":false,"default_variation_attributes":[],"single_product_visibility":"hidden","cart_visibility":"hidden","order_visibility":"visible","single_product_price_visibility":"hidden","cart_price_visibility":"hidden","order_price_visibility":"hidden","stock_status":"in_stock"}],"bundle_sell_ids":[],"acf":[],"publishpress_future_action":{"enabled":false,"date":"2026-05-16 04:41:14","action":"change-status","newStatus":"draft","terms":[],"taxonomy":"product_cat","extraData":[]},"publishpress_future_workflow_manual_trigger":{"enabledWorkflows":[]},"_links":{"self":[{"href":"http:\/\/dev.modularte.de\/STEVIASWEET-WP\/wp-json\/wp\/v2\/product\/34853","targetHints":{"allow":["GET"]}}],"collection":[{"href":"http:\/\/dev.modularte.de\/STEVIASWEET-WP\/wp-json\/wp\/v2\/product"}],"about":[{"href":"http:\/\/dev.modularte.de\/STEVIASWEET-WP\/wp-json\/wp\/v2\/types\/product"}],"wp:featuredmedia":[{"embeddable":true,"href":"http:\/\/dev.modularte.de\/STEVIASWEET-WP\/wp-json\/wp\/v2\/media\/32719"}],"wp:attachment":[{"href":"http:\/\/dev.modularte.de\/STEVIASWEET-WP\/wp-json\/wp\/v2\/media?parent=34853"}],"wp:term":[{"taxonomy":"product_brand","embeddable":true,"href":"http:\/\/dev.modularte.de\/STEVIASWEET-WP\/wp-json\/wp\/v2\/product_brand?post=34853"},{"taxonomy":"product_cat","embeddable":true,"href":"http:\/\/dev.modularte.de\/STEVIASWEET-WP\/wp-json\/wp\/v2\/product_cat?post=34853"},{"taxonomy":"product_tag","embeddable":true,"href":"http:\/\/dev.modularte.de\/STEVIASWEET-WP\/wp-json\/wp\/v2\/product_tag?post=34853"}],"curies":[{"name":"wp","href":"https:\/\/api.w.org\/{rel}","templated":true}]}}