{"id":32355,"date":"2024-04-22T13:03:53","date_gmt":"2024-04-22T11:03:53","guid":{"rendered":"http:\/\/dev.modularte.de\/STEVIASWEET-WP\/?post_type=product&#038;p=32355"},"modified":"2024-08-08T15:25:42","modified_gmt":"2024-08-08T13:25:42","slug":"kleine-gummibaerchen-probier-pack-ohne-zucker","status":"publish","type":"product","link":"http:\/\/dev.modularte.de\/STEVIASWEET-WP\/produkt\/kleine-gummibaerchen-probier-pack-ohne-zucker\/","title":{"rendered":"Kleine Gummib\u00e4rchen Probier-Pack ohne Zucker"},"content":{"rendered":"<p>Tauche ein in die Welt des ultimativen Naschvergn\u00fcgens mit unserem unwiderstehlichen Kombi-Paket: Cola Flaschen Gummib\u00e4rchen und Gummib\u00e4rchen-Erdbeeren!<\/p>\n<p>Schliess dich der Zuckerrevolution an und erlebe den intensiven Cola-Geschmack unserer brandneuen Cola Flaschen Gummib\u00e4rchen &#8211; die Antwort f\u00fcr alle, die auf Zucker pfeifen, aber nicht auf den k\u00f6stlichen Cola-Geschmack verzichten wollen! Diese zuckerfreien Gummib\u00e4rchen sind wahre Zuckerrebellen, die den unerw\u00fcnschten Zuckerzusatz sparen, aber dennoch den vollen Cola-Kick liefern. Eine wahre Party in deinem Mund, ohne den Zuckerkater danach!<\/p>\n<p>Doch das ist noch nicht alles! Mach dich bereit f\u00fcr eine fruchtige Revolution mit unseren brandneuen veganen Gummib\u00e4rchen-Erdbeeren &#8211; die perfekte Antwort f\u00fcr alle, die auf Zucker verzichten wollen, aber nicht auf den s\u00fcssen Geschmack von Gummib\u00e4rchen! Diese fruchtig-s\u00fcssen Erdbeeren sind der ideale Snack f\u00fcr zwischendurch und die Superstars auf jeder Nasch-Party. Teile sie mit deinen Liebsten oder geniesse sie ganz f\u00fcr dich allein &#8211; diese Gummib\u00e4rchen sind f\u00fcr jeden da!<\/p>\n<p>Und das Beste? Beide Sorten sind so zahnschonend, dass selbst dein Zahnarzt vor Freude in die H\u00e4nde klatschen w\u00fcrde! Mit handlichen 100 g pro Packung sind sie dein unschlagbarer Begleiter durch den Tag. Und dank des praktischen Zippverschlusses kannst du die Packung m\u00fchelos wieder verschliessen, wenn du nicht alles auf einmal vernaschen m\u00f6chtest.<\/p>\n<p>Also worauf wartest du noch? Hol dir jetzt das ultimative Naschvergn\u00fcgen ohne s\u00fcsse Schuldgef\u00fchle!<\/p>\n<p>&nbsp;<\/p>\n<p>Lagerung:<br \/>\nVor W\u00e4rme gesch\u00fctzt, trocken und geruchfrei lagern\u200b<\/p>\n<p>Produktionsland:<br \/>\nBelgien<\/p>\n","protected":false},"excerpt":{"rendered":"<p>Inhalt<br \/>\n2 x 100 g<\/p>\n","protected":false},"featured_media":32685,"template":"","meta":{"_acf_changed":false,"inline_featured_image":false,"kia_subtitle":"Cola Flaschen &amp; vegane Erdbeeren"},"product_brand":[],"product_cat":[309,311,306],"product_tag":[51,52,53,54,58,73],"class_list":{"0":"post-32355","1":"product","2":"type-product","3":"status-publish","4":"has-post-thumbnail","6":"productbadges-neu","7":"productbadges-probier-pack","8":"product_cat-aktion","9":"product_cat-probier-pack","10":"product_cat-suesswaren","11":"product_tag-fructosefrei","12":"product_tag-glutenfrei","13":"product_tag-laktosefrei","14":"product_tag-low-carb","15":"product_tag-ohne-zuckerzusatz","16":"product_tag-zuckerfrei","18":"first","19":"instock","20":"sale","21":"taxable","22":"shipping-taxable","23":"purchasable","24":"product-type-bundle"},"bundled_by":[],"bundle_stock_status":"instock","bundle_stock_quantity":1538,"bundle_virtual":false,"bundle_layout":"default","bundle_add_to_cart_form_location":"default","bundle_editable_in_cart":false,"bundle_sold_individually_context":"product","bundle_item_grouping":"parent","bundle_min_size":"","bundle_max_size":"","bundle_price":{"price":{"min":{"incl_tax":"6.9","excl_tax":"6.72"},"max":{"incl_tax":"6.9","excl_tax":"6.72"}},"regular_price":{"min":{"incl_tax":"7.9","excl_tax":"7.7"},"max":{"incl_tax":"7.9","excl_tax":"7.7"}}},"bundled_items":[{"bundled_item_id":490,"product_id":31941,"menu_order":0,"quantity_min":1,"quantity_max":1,"quantity_default":1,"priced_individually":true,"shipped_individually":false,"override_title":false,"title":"Gummib\u00e4rchen-Cola Flaschen ohne Zucker","override_description":false,"description":"","optional":false,"hide_thumbnail":false,"discount":"12.659","override_variations":false,"allowed_variations":[],"override_default_variation_attributes":false,"default_variation_attributes":[],"single_product_visibility":"hidden","cart_visibility":"hidden","order_visibility":"visible","single_product_price_visibility":"hidden","cart_price_visibility":"hidden","order_price_visibility":"hidden","stock_status":"in_stock"},{"bundled_item_id":491,"product_id":31944,"menu_order":1,"quantity_min":1,"quantity_max":1,"quantity_default":1,"priced_individually":true,"shipped_individually":false,"override_title":false,"title":"Vegane Gummib\u00e4rchen-Erdbeeren ohne Zucker","override_description":false,"description":"","optional":false,"hide_thumbnail":false,"discount":"12.659","override_variations":false,"allowed_variations":[],"override_default_variation_attributes":false,"default_variation_attributes":[],"single_product_visibility":"hidden","cart_visibility":"hidden","order_visibility":"visible","single_product_price_visibility":"hidden","cart_price_visibility":"hidden","order_price_visibility":"hidden","stock_status":"in_stock"}],"bundle_sell_ids":[],"acf":[],"publishpress_future_action":{"enabled":false,"date":"2026-05-16 03:00:32","action":"change-status","newStatus":"draft","terms":[],"taxonomy":"product_cat","extraData":[]},"publishpress_future_workflow_manual_trigger":{"enabledWorkflows":[]},"_links":{"self":[{"href":"http:\/\/dev.modularte.de\/STEVIASWEET-WP\/wp-json\/wp\/v2\/product\/32355","targetHints":{"allow":["GET"]}}],"collection":[{"href":"http:\/\/dev.modularte.de\/STEVIASWEET-WP\/wp-json\/wp\/v2\/product"}],"about":[{"href":"http:\/\/dev.modularte.de\/STEVIASWEET-WP\/wp-json\/wp\/v2\/types\/product"}],"wp:featuredmedia":[{"embeddable":true,"href":"http:\/\/dev.modularte.de\/STEVIASWEET-WP\/wp-json\/wp\/v2\/media\/32685"}],"wp:attachment":[{"href":"http:\/\/dev.modularte.de\/STEVIASWEET-WP\/wp-json\/wp\/v2\/media?parent=32355"}],"wp:term":[{"taxonomy":"product_brand","embeddable":true,"href":"http:\/\/dev.modularte.de\/STEVIASWEET-WP\/wp-json\/wp\/v2\/product_brand?post=32355"},{"taxonomy":"product_cat","embeddable":true,"href":"http:\/\/dev.modularte.de\/STEVIASWEET-WP\/wp-json\/wp\/v2\/product_cat?post=32355"},{"taxonomy":"product_tag","embeddable":true,"href":"http:\/\/dev.modularte.de\/STEVIASWEET-WP\/wp-json\/wp\/v2\/product_tag?post=32355"}],"curies":[{"name":"wp","href":"https:\/\/api.w.org\/{rel}","templated":true}]}}