{"id":32011,"date":"2024-04-24T12:19:17","date_gmt":"2024-04-24T10:19:17","guid":{"rendered":"http:\/\/dev.modularte.de\/STEVIASWEET-WP\/?post_type=product&#038;p=32011"},"modified":"2024-09-10T12:21:07","modified_gmt":"2024-09-10T10:21:07","slug":"dunkle-schokoladen-nibs-himbeeren-ohne-zuckerzusatz","status":"publish","type":"product","link":"http:\/\/dev.modularte.de\/STEVIASWEET-WP\/produkt\/dunkle-schokoladen-nibs-himbeeren-ohne-zuckerzusatz\/","title":{"rendered":"Dunkle Schokoladen Nibs Himbeeren ohne Zuckerzusatz"},"content":{"rendered":"<p>In jeder Nib versteckt sich die pure Verf\u00fchrung: gefriergetrocknete Himbeeren, umh\u00fcllt von edler dunkler Schokolade &#8211; und das alles ohne Zuckerzusatz!<\/p>\n<p>Diese himmlischen Leckerbissen sind nicht nur vegan, sondern auch ein wahrer Gamechanger f\u00fcr bewusste Naschkatzen. Die fruchtige Frische der Himbeeren vereint sich perfekt mit der dunklen Schokolade, f\u00fcr ein Geschmackserlebnis, das seinesgleichen sucht. Und das Beste? Sie sind nat\u00fcrlich mit Stevia ges\u00fcsst, f\u00fcr eine s\u00fcsse Versuchung ohne Reue!<\/p>\n<p>Geniesse jeden Bissen dieser K\u00f6stlichkeiten und entdecke den perfekten Snack f\u00fcr zwischendurch, zum Teilen mit Freunden oder einfach f\u00fcr dich selbst. Und dank der wiederverschliessbaren Verpackung mit Zipper hast du immer und \u00fcberall deine Lieblingsnascherei griffbereit.<\/p>\n<p>Also g\u00f6nn dir eine Auszeit vom Alltag und lass dich von unseren dunklen Schokoladen-Nibs mit Himbeeren verf\u00fchren &#8211; ein Genussmoment, der dich garantiert verzaubern wird!<\/p>\n<p>&nbsp;<\/p>\n<p>Lagerung:<br \/>\nVor W\u00e4rme gesch\u00fctzt, trocken und geruchfrei lagern\u200b<\/p>\n<p>Produktionsland:<br \/>\nLitauen<\/p>\n","protected":false},"excerpt":{"rendered":"<p>Inhalt<br \/>\n80 g<\/p>\n","protected":false},"featured_media":32012,"template":"","meta":{"_acf_changed":false,"inline_featured_image":false,"kia_subtitle":""},"product_brand":[],"product_cat":[306],"product_tag":[52,53,54,55,58,59,60],"class_list":{"0":"post-32011","1":"product","2":"type-product","3":"status-publish","4":"has-post-thumbnail","6":"productbadges-neu","7":"product_cat-suesswaren","8":"product_tag-glutenfrei","9":"product_tag-laktosefrei","10":"product_tag-low-carb","11":"product_tag-ohne-farbstoffe","12":"product_tag-ohne-zuckerzusatz","13":"product_tag-vegan","14":"product_tag-vegetarisch","16":"first","17":"instock","18":"taxable","19":"shipping-taxable","20":"purchasable","21":"product-type-simple"},"bundled_by":["204","24460"],"bundle_stock_status":"instock","bundle_stock_quantity":2478,"bundle_virtual":false,"bundle_layout":"","bundle_add_to_cart_form_location":"","bundle_editable_in_cart":false,"bundle_sold_individually_context":"","bundle_item_grouping":"","bundle_min_size":"","bundle_max_size":"","bundle_price":[],"bundled_items":[],"bundle_sell_ids":[],"acf":[],"publishpress_future_action":{"enabled":false,"date":"2026-05-16 04:35:15","action":"change-status","newStatus":"draft","terms":[],"taxonomy":"product_cat","extraData":[]},"publishpress_future_workflow_manual_trigger":{"enabledWorkflows":[]},"_links":{"self":[{"href":"http:\/\/dev.modularte.de\/STEVIASWEET-WP\/wp-json\/wp\/v2\/product\/32011","targetHints":{"allow":["GET"]}}],"collection":[{"href":"http:\/\/dev.modularte.de\/STEVIASWEET-WP\/wp-json\/wp\/v2\/product"}],"about":[{"href":"http:\/\/dev.modularte.de\/STEVIASWEET-WP\/wp-json\/wp\/v2\/types\/product"}],"wp:featuredmedia":[{"embeddable":true,"href":"http:\/\/dev.modularte.de\/STEVIASWEET-WP\/wp-json\/wp\/v2\/media\/32012"}],"wp:attachment":[{"href":"http:\/\/dev.modularte.de\/STEVIASWEET-WP\/wp-json\/wp\/v2\/media?parent=32011"}],"wp:term":[{"taxonomy":"product_brand","embeddable":true,"href":"http:\/\/dev.modularte.de\/STEVIASWEET-WP\/wp-json\/wp\/v2\/product_brand?post=32011"},{"taxonomy":"product_cat","embeddable":true,"href":"http:\/\/dev.modularte.de\/STEVIASWEET-WP\/wp-json\/wp\/v2\/product_cat?post=32011"},{"taxonomy":"product_tag","embeddable":true,"href":"http:\/\/dev.modularte.de\/STEVIASWEET-WP\/wp-json\/wp\/v2\/product_tag?post=32011"}],"curies":[{"name":"wp","href":"https:\/\/api.w.org\/{rel}","templated":true}]}}