{"id":31944,"date":"2024-04-08T07:57:39","date_gmt":"2024-04-08T05:57:39","guid":{"rendered":"http:\/\/dev.modularte.de\/STEVIASWEET-WP\/?post_type=product&#038;p=31944"},"modified":"2024-09-06T13:50:59","modified_gmt":"2024-09-06T11:50:59","slug":"vegane-gummibaerchen-erdbeeren-ohne-zucker","status":"publish","type":"product","link":"http:\/\/dev.modularte.de\/STEVIASWEET-WP\/produkt\/vegane-gummibaerchen-erdbeeren-ohne-zucker\/","title":{"rendered":"Vegane Gummib\u00e4rchen-Erdbeeren ohne Zucker"},"content":{"rendered":"<p>Klingt nach einer fruchtigen Revolution! Trommelwirbel f\u00fcr unsere brandneuen und veganen Gummib\u00e4rchen-Erdbeeren &#8211; die perfekte Antwort f\u00fcr alle, die auf Zucker verzichten wollen, aber nicht auf den s\u00fcssen Geschmack von Gummib\u00e4rchen!<\/p>\n<p>Die fruchtig-s\u00fcssen Erdbeeren sind nicht nur der perfekte Snack f\u00fcr zwischendurch, sondern auch die Superstars auf jeder Nasch-Party. Teile sie mit deinen Freunden, deiner Familie oder mach es dir einfach selbst gem\u00fctlich &#8211; diese Gummib\u00e4rchen sind f\u00fcr alle da! Und sie sind so zahnschonend, dass du ohne schlechtes Gewissen deinen s\u00fcssen Zahn ausleben kannst.<\/p>\n<p>Mit handlichen 100 g pro Packung sind diese Fruchtgummis dein unschlagbarer Begleiter durch den Tag. Und falls du nicht alles auf einmal vernaschen m\u00f6chtest, kannst du die Packung m\u00fchelos mit dem Zippverschluss wieder verschliessen. Praktisch, k\u00f6stlich und dabei noch vegan &#8211; so macht Naschen Spass! Hol dir jetzt den unverwechselbaren Erdbeer-Kick ohne Zucker und ohne tierische Geheimnisse &#8211; cheers to berrylicious fun!<\/p>\n<p>&nbsp;<\/p>\n<p>Lagerung:<br \/>\nVor W\u00e4rme gesch\u00fctzt, trocken und geruchfrei lagern\u200b<\/p>\n<p>Produktionsland:<br \/>\nBelgien<\/p>\n","protected":false},"excerpt":{"rendered":"<p>Inhalt<br \/>\n100 g<\/p>\n","protected":false},"featured_media":31949,"template":"","meta":{"_acf_changed":false,"inline_featured_image":false,"kia_subtitle":""},"product_brand":[],"product_cat":[306],"product_tag":[51,52,53,54,58,59,60,73],"class_list":{"0":"post-31944","1":"product","2":"type-product","3":"status-publish","4":"has-post-thumbnail","6":"productbadges-neu","7":"product_cat-suesswaren","8":"product_tag-fructosefrei","9":"product_tag-glutenfrei","10":"product_tag-laktosefrei","11":"product_tag-low-carb","12":"product_tag-ohne-zuckerzusatz","13":"product_tag-vegan","14":"product_tag-vegetarisch","15":"product_tag-zuckerfrei","17":"first","18":"instock","19":"taxable","20":"shipping-taxable","21":"purchasable","22":"product-type-simple"},"bundled_by":["32356","32355","32716","34836","34853"],"bundle_stock_status":"instock","bundle_stock_quantity":1668,"bundle_virtual":false,"bundle_layout":"","bundle_add_to_cart_form_location":"","bundle_editable_in_cart":false,"bundle_sold_individually_context":"","bundle_item_grouping":"","bundle_min_size":"","bundle_max_size":"","bundle_price":[],"bundled_items":[],"bundle_sell_ids":[],"acf":[],"publishpress_future_action":{"enabled":false,"date":"2026-05-16 05:39:50","action":"change-status","newStatus":"draft","terms":[],"taxonomy":"product_cat","extraData":[]},"publishpress_future_workflow_manual_trigger":{"enabledWorkflows":[]},"_links":{"self":[{"href":"http:\/\/dev.modularte.de\/STEVIASWEET-WP\/wp-json\/wp\/v2\/product\/31944","targetHints":{"allow":["GET"]}}],"collection":[{"href":"http:\/\/dev.modularte.de\/STEVIASWEET-WP\/wp-json\/wp\/v2\/product"}],"about":[{"href":"http:\/\/dev.modularte.de\/STEVIASWEET-WP\/wp-json\/wp\/v2\/types\/product"}],"wp:featuredmedia":[{"embeddable":true,"href":"http:\/\/dev.modularte.de\/STEVIASWEET-WP\/wp-json\/wp\/v2\/media\/31949"}],"wp:attachment":[{"href":"http:\/\/dev.modularte.de\/STEVIASWEET-WP\/wp-json\/wp\/v2\/media?parent=31944"}],"wp:term":[{"taxonomy":"product_brand","embeddable":true,"href":"http:\/\/dev.modularte.de\/STEVIASWEET-WP\/wp-json\/wp\/v2\/product_brand?post=31944"},{"taxonomy":"product_cat","embeddable":true,"href":"http:\/\/dev.modularte.de\/STEVIASWEET-WP\/wp-json\/wp\/v2\/product_cat?post=31944"},{"taxonomy":"product_tag","embeddable":true,"href":"http:\/\/dev.modularte.de\/STEVIASWEET-WP\/wp-json\/wp\/v2\/product_tag?post=31944"}],"curies":[{"name":"wp","href":"https:\/\/api.w.org\/{rel}","templated":true}]}}