{"id":31941,"date":"2024-04-08T07:57:05","date_gmt":"2024-04-08T05:57:05","guid":{"rendered":"http:\/\/dev.modularte.de\/STEVIASWEET-WP\/?post_type=product&#038;p=31941"},"modified":"2024-09-06T13:50:59","modified_gmt":"2024-09-06T11:50:59","slug":"gummibaerchen-cola","status":"publish","type":"product","link":"http:\/\/dev.modularte.de\/STEVIASWEET-WP\/produkt\/gummibaerchen-cola\/","title":{"rendered":"Gummib\u00e4rchen-Cola Flaschen ohne Zucker"},"content":{"rendered":"<p>Hier sind unsere brandneuen, herrlich leckeren Cola Flaschen Gummib\u00e4rchen &#8211; die ultimative Antwort f\u00fcr alle, die auf Zucker pfeifen, aber nicht auf den k\u00f6stlichen Cola-Geschmack verzichten wollen!<\/p>\n<p>Diese Gummib\u00e4rchen sind echte Zuckerrebellen, die sich den unerw\u00fcnschten Zuckerzusatz gespart haben, aber daf\u00fcr umso mehr intensiven Cola-Geschmack mitbringen. Eine Party in deinem Mund, ohne den Zuckerkater danach!<\/p>\n<p>Die fruchtig-s\u00fcssen Cola Flaschen sind nicht nur der perfekte Snack f\u00fcr zwischendurch, sondern auch die heimlichen Stars auf jeder Nasch-Party. Teile sie mit deinen Freunden, deiner Familie oder verstecke sie vor neugierigen Blicken &#8211; du entscheidest! Und keine Sorge, sie sind so zahnschonend, dass selbst dein Zahnarzt vor Freude in die H\u00e4nde klatschen w\u00fcrde.<\/p>\n<p>Mit handlichen 100 g pro Packung sind diese Fruchtgummis dein unschlagbarer Begleiter. Und f\u00fcr den Fall, dass du mal nicht alles auf einmal vernaschen m\u00f6chtest, kannst du die Packung ganz einfach mit dem Zippverschluss wieder verschliessen. Praktisch und k\u00f6stlich &#8211; so macht Naschen Spass! Hol dir jetzt den unverwechselbaren Cola-Kick ohne s\u00fcsse Schuldgef\u00fchle &#8211; cheers to sugar-free fun!<\/p>\n<p>&nbsp;<\/p>\n<p>Lagerung:<br \/>\nVor W\u00e4rme gesch\u00fctzt, trocken und geruchfrei lagern\u200b<\/p>\n<p>Produktionsland:<br \/>\nBelgien<\/p>\n","protected":false},"excerpt":{"rendered":"<p>Inhalt<br \/>\n100 g<\/p>\n","protected":false},"featured_media":31948,"template":"","meta":{"_acf_changed":false,"inline_featured_image":false,"kia_subtitle":""},"product_brand":[],"product_cat":[306],"product_tag":[51,52,53,54,58,73],"class_list":{"0":"post-31941","1":"product","2":"type-product","3":"status-publish","4":"has-post-thumbnail","6":"product_cat-suesswaren","7":"product_tag-fructosefrei","8":"product_tag-glutenfrei","9":"product_tag-laktosefrei","10":"product_tag-low-carb","11":"product_tag-ohne-zuckerzusatz","12":"product_tag-zuckerfrei","14":"first","15":"instock","16":"taxable","17":"shipping-taxable","18":"purchasable","19":"product-type-simple"},"bundled_by":["32356","32355","32716","34836","34853"],"bundle_stock_status":"instock","bundle_stock_quantity":1538,"bundle_virtual":false,"bundle_layout":"","bundle_add_to_cart_form_location":"","bundle_editable_in_cart":false,"bundle_sold_individually_context":"","bundle_item_grouping":"","bundle_min_size":"","bundle_max_size":"","bundle_price":[],"bundled_items":[],"bundle_sell_ids":[],"acf":[],"publishpress_future_action":{"enabled":false,"date":"2026-05-16 05:40:05","action":"change-status","newStatus":"draft","terms":[],"taxonomy":"product_cat","extraData":[]},"publishpress_future_workflow_manual_trigger":{"enabledWorkflows":[]},"_links":{"self":[{"href":"http:\/\/dev.modularte.de\/STEVIASWEET-WP\/wp-json\/wp\/v2\/product\/31941","targetHints":{"allow":["GET"]}}],"collection":[{"href":"http:\/\/dev.modularte.de\/STEVIASWEET-WP\/wp-json\/wp\/v2\/product"}],"about":[{"href":"http:\/\/dev.modularte.de\/STEVIASWEET-WP\/wp-json\/wp\/v2\/types\/product"}],"wp:featuredmedia":[{"embeddable":true,"href":"http:\/\/dev.modularte.de\/STEVIASWEET-WP\/wp-json\/wp\/v2\/media\/31948"}],"wp:attachment":[{"href":"http:\/\/dev.modularte.de\/STEVIASWEET-WP\/wp-json\/wp\/v2\/media?parent=31941"}],"wp:term":[{"taxonomy":"product_brand","embeddable":true,"href":"http:\/\/dev.modularte.de\/STEVIASWEET-WP\/wp-json\/wp\/v2\/product_brand?post=31941"},{"taxonomy":"product_cat","embeddable":true,"href":"http:\/\/dev.modularte.de\/STEVIASWEET-WP\/wp-json\/wp\/v2\/product_cat?post=31941"},{"taxonomy":"product_tag","embeddable":true,"href":"http:\/\/dev.modularte.de\/STEVIASWEET-WP\/wp-json\/wp\/v2\/product_tag?post=31941"}],"curies":[{"name":"wp","href":"https:\/\/api.w.org\/{rel}","templated":true}]}}