{"id":29042,"date":"2023-10-05T09:10:15","date_gmt":"2023-10-05T07:10:15","guid":{"rendered":"http:\/\/dev.modularte.de\/STEVIASWEET-WP\/?post_type=product&#038;p=29042"},"modified":"2024-08-08T14:31:01","modified_gmt":"2024-08-08T12:31:01","slug":"backzucker-duo-70-weniger-kalorien","status":"publish","type":"product","link":"http:\/\/dev.modularte.de\/STEVIASWEET-WP\/produkt\/backzucker-duo-70-weniger-kalorien\/","title":{"rendered":"Backzucker Duo-Pack mit 70% weniger Kalorien"},"content":{"rendered":"<p>Mit 70% weniger Kalorien als Zucker ist es nicht nur ges\u00fcnder und zahnschonendender, sondern bietet so auch mehr Spass am S\u00fcssen. Durch die einfache Dosierung ist es universal einsetzbar und du bekommst perfekte Backergebnisse. Ideal geeignet f\u00fcr die Low Carb Ern\u00e4hrung und f\u00fcr alle, die auf eine zuckerreduzierte Ern\u00e4hrung achten m\u00f6chten.<\/p>\n<p>Entdecke das Rezept f\u00fcr <a href=\"http:\/\/dev.modularte.de\/STEVIASWEET-WP\/rezepte\/zimtschnecken-zuckerfrei\/\">k\u00f6stliche Zimtschnecken<\/a> oder einen <a href=\"http:\/\/dev.modularte.de\/STEVIASWEET-WP\/rezepte\/baumnuss-apfel-gugelhupf\/\">Baumnuss-Apfel-Gugelhupf<\/a>, den du mit unserem Backzucker zubereiten kannst. Du findest zahlreiche weitere inspirierende Rezeptideen auf unserer <a href=\"http:\/\/dev.modularte.de\/STEVIASWEET-WP\/rezepte\">Rezeptseite<\/a>.<\/p>\n<p>Ein L\u00f6ffel SteviaSweet Backzucker entspricht einem L\u00f6ffel Zucker.<\/p>\n<p>&nbsp;<\/p>\n<p>Lagerung:<br \/>\nVor W\u00e4rme gesch\u00fctzt, trocken und geruchfrei lagern.<\/p>\n<p>Produktionsland:<br \/>\nDeutschland<\/p>\n","protected":false},"excerpt":{"rendered":"<p>Inhalt<br \/>\n2 x 400 g<\/p>\n<p><span data-offset-key=\"brsjp-0-0\">Preis ist reduziert wegen des\u00a0<\/span><span id=\"decorator-corrected-entity-id-30\" data-entity-key=\"30\" data-offset-key=\"brsjp-1-0\"><span data-offset-key=\"brsjp-1-0\">Ablaufdatums<\/span><\/span><span data-offset-key=\"brsjp-2-0\">: 09.2024<\/span><\/p>\n","protected":false},"featured_media":29045,"template":"","meta":{"_acf_changed":false,"inline_featured_image":false,"kia_subtitle":"Aus Erythrit, Isomaltulose &amp; Steviolglycosiden"},"product_brand":[],"product_cat":[307,305],"product_tag":[51,52,53,54,55,56,58,59,60],"class_list":{"0":"post-29042","1":"product","2":"type-product","3":"status-publish","4":"has-post-thumbnail","6":"productbadges-less-food-waste","7":"product_cat-backen-ohne-zucker","8":"product_cat-zuckerersatz","9":"product_tag-fructosefrei","10":"product_tag-glutenfrei","11":"product_tag-laktosefrei","12":"product_tag-low-carb","13":"product_tag-ohne-farbstoffe","14":"product_tag-ohne-geschmacksverstaerker","15":"product_tag-ohne-zuckerzusatz","16":"product_tag-vegan","17":"product_tag-vegetarisch","19":"first","20":"instock","21":"taxable","22":"shipping-taxable","23":"purchasable","24":"product-type-bundle"},"bundled_by":[],"bundle_stock_status":"instock","bundle_stock_quantity":76,"bundle_virtual":false,"bundle_layout":"default","bundle_add_to_cart_form_location":"default","bundle_editable_in_cart":false,"bundle_sold_individually_context":"product","bundle_item_grouping":"parent","bundle_min_size":"","bundle_max_size":"","bundle_price":{"price":{"min":{"incl_tax":"13.9","excl_tax":"13.55"},"max":{"incl_tax":"13.9","excl_tax":"13.55"}},"regular_price":{"min":{"incl_tax":"18.8","excl_tax":"18.32"},"max":{"incl_tax":"18.8","excl_tax":"18.32"}}},"bundled_items":[{"bundled_item_id":472,"product_id":199,"menu_order":0,"quantity_min":2,"quantity_max":2,"quantity_default":2,"priced_individually":true,"shipped_individually":false,"override_title":false,"title":"Backzucker mit 70% weniger Kalorien","override_description":false,"description":"","optional":false,"hide_thumbnail":false,"discount":"","override_variations":false,"allowed_variations":[],"override_default_variation_attributes":false,"default_variation_attributes":[],"single_product_visibility":"hidden","cart_visibility":"hidden","order_visibility":"visible","single_product_price_visibility":"hidden","cart_price_visibility":"hidden","order_price_visibility":"visible","stock_status":"in_stock"}],"bundle_sell_ids":[],"acf":[],"publishpress_future_action":{"enabled":false,"date":"2026-05-16 03:51:01","action":"change-status","newStatus":"draft","terms":[],"taxonomy":"product_cat","extraData":[]},"publishpress_future_workflow_manual_trigger":{"enabledWorkflows":[]},"_links":{"self":[{"href":"http:\/\/dev.modularte.de\/STEVIASWEET-WP\/wp-json\/wp\/v2\/product\/29042","targetHints":{"allow":["GET"]}}],"collection":[{"href":"http:\/\/dev.modularte.de\/STEVIASWEET-WP\/wp-json\/wp\/v2\/product"}],"about":[{"href":"http:\/\/dev.modularte.de\/STEVIASWEET-WP\/wp-json\/wp\/v2\/types\/product"}],"wp:featuredmedia":[{"embeddable":true,"href":"http:\/\/dev.modularte.de\/STEVIASWEET-WP\/wp-json\/wp\/v2\/media\/29045"}],"wp:attachment":[{"href":"http:\/\/dev.modularte.de\/STEVIASWEET-WP\/wp-json\/wp\/v2\/media?parent=29042"}],"wp:term":[{"taxonomy":"product_brand","embeddable":true,"href":"http:\/\/dev.modularte.de\/STEVIASWEET-WP\/wp-json\/wp\/v2\/product_brand?post=29042"},{"taxonomy":"product_cat","embeddable":true,"href":"http:\/\/dev.modularte.de\/STEVIASWEET-WP\/wp-json\/wp\/v2\/product_cat?post=29042"},{"taxonomy":"product_tag","embeddable":true,"href":"http:\/\/dev.modularte.de\/STEVIASWEET-WP\/wp-json\/wp\/v2\/product_tag?post=29042"}],"curies":[{"name":"wp","href":"https:\/\/api.w.org\/{rel}","templated":true}]}}