{"id":23734,"date":"2023-02-23T09:17:21","date_gmt":"2023-02-23T08:17:21","guid":{"rendered":"http:\/\/mysteviasweet.ch.w01dee90.kasserver.com\/?post_type=product&#038;p=23734"},"modified":"2024-04-04T11:03:31","modified_gmt":"2024-04-04T09:03:31","slug":"suesse-naschkombination","status":"publish","type":"product","link":"http:\/\/dev.modularte.de\/STEVIASWEET-WP\/produkt\/suesse-naschkombination\/","title":{"rendered":"S\u00fcsse Naschkombination"},"content":{"rendered":"<p>Hast du Heisshunger auf etwas S\u00fcsses, willst aber deinen Zuckerkonsum reduzieren? Dann probiere unser leckeres Paket mit Gummib\u00e4rchen und dunklen Schokoladen Nibs.<\/p>\n<p>Die Schokoladen Nibs sind eine unwiderstehliche Verbindung von feinster dunkler Schokolade mit einem weichen Kern aus erlesenen Blaubeeren, die f\u00fcr eine fruchtige Note sorgen.<\/p>\n<p>Leckere Gummib\u00e4rchen mit nat\u00fcrlichen Aromen und Farbstoffen wie Spirulina-Extrakt, Distelkonzentrat oder schwarzes Karottensaftkonzentrat. Unsere fruchtig-s\u00fcssen B\u00e4ren sind ohne Zucker und eignen sich somit f\u00fcr jeden der auf eine zuckerfreie Ern\u00e4hrung achtet.<\/p>\n<p>Perfekt f\u00fcr zwischendrin und zum Mitnehmen, eignen sie sich f\u00fcr einen gesunden und bewussten Lebensstil.<\/p>\n<p>Produktionsland:<br \/>\nBelgien &amp; Litauen<\/p>\n","protected":false},"excerpt":{"rendered":"<p>Auf der Suche nach der perfekten Nascherei? Dann hol dir die s\u00fcsse Kombination aus Gummib\u00e4rchen und Schokoladen Nibs.<\/p>\n","protected":false},"featured_media":31313,"template":"","meta":{"_acf_changed":false,"inline_featured_image":false,"kia_subtitle":"Gummib\u00e4rchen und dunkle Schokoladen Nibs"},"product_brand":[],"product_cat":[310,311,308,306],"product_tag":[52,53,54,58],"class_list":{"0":"post-23734","1":"product","2":"type-product","3":"status-publish","4":"has-post-thumbnail","6":"productbadges-probier-pack","7":"product_cat-pakete","8":"product_cat-probier-pack","9":"product_cat-schokolade-zuckerfrei","10":"product_cat-suesswaren","11":"product_tag-glutenfrei","12":"product_tag-laktosefrei","13":"product_tag-low-carb","14":"product_tag-ohne-zuckerzusatz","16":"first","17":"instock","18":"sale","19":"taxable","20":"shipping-taxable","21":"purchasable","22":"product-type-bundle"},"bundled_by":[],"bundle_stock_status":"instock","bundle_stock_quantity":551,"bundle_virtual":false,"bundle_layout":"default","bundle_add_to_cart_form_location":"default","bundle_editable_in_cart":false,"bundle_sold_individually_context":"product","bundle_item_grouping":"parent","bundle_min_size":"","bundle_max_size":"","bundle_price":{"price":{"min":{"incl_tax":"9.85","excl_tax":"9.6"},"max":{"incl_tax":"9.85","excl_tax":"9.6"}},"regular_price":{"min":{"incl_tax":"11.7","excl_tax":"11.4"},"max":{"incl_tax":"11.7","excl_tax":"11.4"}}},"bundled_items":[{"bundled_item_id":339,"product_id":185,"menu_order":0,"quantity_min":1,"quantity_max":1,"quantity_default":1,"priced_individually":true,"shipped_individually":false,"override_title":false,"title":"","override_description":true,"description":"","optional":false,"hide_thumbnail":false,"discount":"16.95","override_variations":false,"allowed_variations":[],"override_default_variation_attributes":false,"default_variation_attributes":[],"single_product_visibility":"hidden","cart_visibility":"hidden","order_visibility":"visible","single_product_price_visibility":"hidden","cart_price_visibility":"hidden","order_price_visibility":"hidden","stock_status":"in_stock"},{"bundled_item_id":475,"product_id":183,"menu_order":1,"quantity_min":1,"quantity_max":1,"quantity_default":1,"priced_individually":true,"shipped_individually":false,"override_title":false,"title":"","override_description":false,"description":"","optional":false,"hide_thumbnail":false,"discount":"14.66","override_variations":false,"allowed_variations":[],"override_default_variation_attributes":false,"default_variation_attributes":[],"single_product_visibility":"hidden","cart_visibility":"hidden","order_visibility":"visible","single_product_price_visibility":"hidden","cart_price_visibility":"hidden","order_price_visibility":"hidden","stock_status":"in_stock"}],"bundle_sell_ids":[],"acf":[],"publishpress_future_action":{"enabled":false,"date":"2026-05-16 04:41:03","action":"change-status","newStatus":"draft","terms":[],"taxonomy":"product_cat","extraData":[]},"publishpress_future_workflow_manual_trigger":{"enabledWorkflows":[]},"_links":{"self":[{"href":"http:\/\/dev.modularte.de\/STEVIASWEET-WP\/wp-json\/wp\/v2\/product\/23734","targetHints":{"allow":["GET"]}}],"collection":[{"href":"http:\/\/dev.modularte.de\/STEVIASWEET-WP\/wp-json\/wp\/v2\/product"}],"about":[{"href":"http:\/\/dev.modularte.de\/STEVIASWEET-WP\/wp-json\/wp\/v2\/types\/product"}],"wp:featuredmedia":[{"embeddable":true,"href":"http:\/\/dev.modularte.de\/STEVIASWEET-WP\/wp-json\/wp\/v2\/media\/31313"}],"wp:attachment":[{"href":"http:\/\/dev.modularte.de\/STEVIASWEET-WP\/wp-json\/wp\/v2\/media?parent=23734"}],"wp:term":[{"taxonomy":"product_brand","embeddable":true,"href":"http:\/\/dev.modularte.de\/STEVIASWEET-WP\/wp-json\/wp\/v2\/product_brand?post=23734"},{"taxonomy":"product_cat","embeddable":true,"href":"http:\/\/dev.modularte.de\/STEVIASWEET-WP\/wp-json\/wp\/v2\/product_cat?post=23734"},{"taxonomy":"product_tag","embeddable":true,"href":"http:\/\/dev.modularte.de\/STEVIASWEET-WP\/wp-json\/wp\/v2\/product_tag?post=23734"}],"curies":[{"name":"wp","href":"https:\/\/api.w.org\/{rel}","templated":true}]}}