{"id":204,"date":"2022-04-19T12:54:34","date_gmt":"2022-04-19T12:54:34","guid":{"rendered":"http:\/\/dev.modularte.de\/STEVIASWEET-WP\/produkt\/dunkle-schokoladen-nibs-probier-pack-ohne-zuckerzusatz-2\/"},"modified":"2024-08-08T15:26:02","modified_gmt":"2024-08-08T13:26:02","slug":"dunkle-schokoladen-nibs-probier-pack","status":"publish","type":"product","link":"http:\/\/dev.modularte.de\/STEVIASWEET-WP\/produkt\/dunkle-schokoladen-nibs-probier-pack\/","title":{"rendered":"Dunkle Schokoladen Nibs Probier-Pack ohne Zuckerzusatz"},"content":{"rendered":"<p>Die Schokoladen Nibs sind eine unwiderstehliche Verbindung von feinster dunkler Schokolade mit einem weichen Kern aus erlesenen Blaubeeren\/Himbeeren\/Kirschen, die f\u00fcr eine fruchtige Note sorgen. Perfekt f\u00fcr zwischendrin und zum Mitnehmen, eignen sie sich f\u00fcr einen gesunden und bewussten Lebensstil.<\/p>\n<p>Ausserdem sind die dunklen Schokoladen Nibs ohne Zuckerzusatz, GMO-Frei und vegan.<\/p>\n<p>&nbsp;<\/p>\n<p>Lagerung:<br \/>\nVor W\u00e4rme gesch\u00fctzt, trocken und geruchfrei lagern<\/p>\n<p>Produktionsland:<br \/>\nLitauen<\/p>\n","protected":false},"excerpt":{"rendered":"<p>Inhalt<br \/>\n3 x 80 g<\/p>\n","protected":false},"featured_media":449,"template":"","meta":{"_acf_changed":false,"inline_featured_image":false,"kia_subtitle":"Blaubeeren, Himbeeren &amp; Kirschen"},"product_brand":[],"product_cat":[309,311,308,306],"product_tag":[52,53,54,55,58,59,60],"class_list":{"0":"post-204","1":"product","2":"type-product","3":"status-publish","4":"has-post-thumbnail","6":"productbadges-probier-pack","7":"product_cat-aktion","8":"product_cat-probier-pack","9":"product_cat-schokolade-zuckerfrei","10":"product_cat-suesswaren","11":"product_tag-glutenfrei","12":"product_tag-laktosefrei","13":"product_tag-low-carb","14":"product_tag-ohne-farbstoffe","15":"product_tag-ohne-zuckerzusatz","16":"product_tag-vegan","17":"product_tag-vegetarisch","19":"first","20":"instock","21":"sale","22":"taxable","23":"shipping-taxable","24":"purchasable","25":"product-type-bundle"},"bundled_by":[],"bundle_stock_status":"instock","bundle_stock_quantity":2478,"bundle_virtual":false,"bundle_layout":"default","bundle_add_to_cart_form_location":"default","bundle_editable_in_cart":false,"bundle_sold_individually_context":"product","bundle_item_grouping":"parent","bundle_min_size":"","bundle_max_size":"","bundle_price":{"price":{"min":{"incl_tax":"14.85","excl_tax":"14.46"},"max":{"incl_tax":"14.85","excl_tax":"14.46"}},"regular_price":{"min":{"incl_tax":"17.4","excl_tax":"16.95"},"max":{"incl_tax":"17.4","excl_tax":"16.95"}}},"bundled_items":[{"bundled_item_id":95,"product_id":182,"menu_order":0,"quantity_min":1,"quantity_max":1,"quantity_default":1,"priced_individually":true,"shipped_individually":false,"override_title":false,"title":"Dunkle Schokoladen Nibs Kirschen ohne Zuckerzusatz","override_description":true,"description":"","optional":false,"hide_thumbnail":false,"discount":"14.66","override_variations":false,"allowed_variations":[],"override_default_variation_attributes":false,"default_variation_attributes":[],"single_product_visibility":"hidden","cart_visibility":"hidden","order_visibility":"visible","single_product_price_visibility":"hidden","cart_price_visibility":"visible","order_price_visibility":"visible","stock_status":"in_stock"},{"bundled_item_id":96,"product_id":183,"menu_order":1,"quantity_min":1,"quantity_max":1,"quantity_default":1,"priced_individually":true,"shipped_individually":false,"override_title":false,"title":"Dunkle Schokoladen Nibs Blaubeeren ohne Zuckerzusatz","override_description":true,"description":"","optional":false,"hide_thumbnail":false,"discount":"14.66","override_variations":false,"allowed_variations":[],"override_default_variation_attributes":false,"default_variation_attributes":[],"single_product_visibility":"hidden","cart_visibility":"hidden","order_visibility":"visible","single_product_price_visibility":"visible","cart_price_visibility":"visible","order_price_visibility":"visible","stock_status":"in_stock"},{"bundled_item_id":508,"product_id":32011,"menu_order":2,"quantity_min":1,"quantity_max":1,"quantity_default":1,"priced_individually":true,"shipped_individually":false,"override_title":false,"title":"Dunkle Schokoladen Nibs Himbeeren ohne Zuckerzusatz","override_description":false,"description":"","optional":false,"hide_thumbnail":false,"discount":"14.66","override_variations":false,"allowed_variations":[],"override_default_variation_attributes":false,"default_variation_attributes":[],"single_product_visibility":"hidden","cart_visibility":"hidden","order_visibility":"visible","single_product_price_visibility":"hidden","cart_price_visibility":"hidden","order_price_visibility":"hidden","stock_status":"in_stock"}],"bundle_sell_ids":[],"acf":[],"publishpress_future_action":{"enabled":false,"date":"2026-05-16 00:58:51","action":"change-status","newStatus":"draft","terms":[],"taxonomy":"product_cat","extraData":[]},"publishpress_future_workflow_manual_trigger":{"enabledWorkflows":[]},"_links":{"self":[{"href":"http:\/\/dev.modularte.de\/STEVIASWEET-WP\/wp-json\/wp\/v2\/product\/204","targetHints":{"allow":["GET"]}}],"collection":[{"href":"http:\/\/dev.modularte.de\/STEVIASWEET-WP\/wp-json\/wp\/v2\/product"}],"about":[{"href":"http:\/\/dev.modularte.de\/STEVIASWEET-WP\/wp-json\/wp\/v2\/types\/product"}],"wp:featuredmedia":[{"embeddable":true,"href":"http:\/\/dev.modularte.de\/STEVIASWEET-WP\/wp-json\/wp\/v2\/media\/449"}],"wp:attachment":[{"href":"http:\/\/dev.modularte.de\/STEVIASWEET-WP\/wp-json\/wp\/v2\/media?parent=204"}],"wp:term":[{"taxonomy":"product_brand","embeddable":true,"href":"http:\/\/dev.modularte.de\/STEVIASWEET-WP\/wp-json\/wp\/v2\/product_brand?post=204"},{"taxonomy":"product_cat","embeddable":true,"href":"http:\/\/dev.modularte.de\/STEVIASWEET-WP\/wp-json\/wp\/v2\/product_cat?post=204"},{"taxonomy":"product_tag","embeddable":true,"href":"http:\/\/dev.modularte.de\/STEVIASWEET-WP\/wp-json\/wp\/v2\/product_tag?post=204"}],"curies":[{"name":"wp","href":"https:\/\/api.w.org\/{rel}","templated":true}]}}