{"id":203,"date":"2022-04-19T12:54:34","date_gmt":"2022-04-19T10:54:34","guid":{"rendered":"http:\/\/dev.modularte.de\/STEVIASWEET-WP\/produkt\/premium-schokolade-probier-pack-ohne-zuckerzusatz-2\/"},"modified":"2024-08-08T15:26:55","modified_gmt":"2024-08-08T13:26:55","slug":"premium-schokolade-probier-pack-ohne-zucker","status":"publish","type":"product","link":"http:\/\/dev.modularte.de\/STEVIASWEET-WP\/produkt\/premium-schokolade-probier-pack-ohne-zucker\/","title":{"rendered":"Schokoladen Probier-Pack ohne Zuckerzusatz"},"content":{"rendered":"<p>Die\u00a0<span class=\"hiddenSpellError\">SteviaSweet<\/span>\u00a0Premium Schokolade ist eine verf\u00fchrerische Wahl f\u00fcr Schokoladenliebhaber, die auf den Zusatz von Zucker verzichten m\u00f6chten. Jede Sorte wird sorgf\u00e4ltig aus den besten Zutaten hergestellt und bietet ein unglaublich zartes Schmelzen im Mund.<\/p>\n<p>Im Probier-Pack musst du dich nicht entscheiden, ob die knusprigen\u00a0<span class=\"hiddenSpellError\">Kokosnuss-Crisps<\/span>, die dunklen\u00a0<span class=\"hiddenSpellError\">Kakao-Nibs<\/span>, die k\u00f6stliche Mischung aus Haseln\u00fcssen und Milch oder die klassische Milchschokolade\u00a0<span class=\"hiddenSpellError\">geniesst<\/span><span class=\"hiddenGrammarError\">\u00a0&#8211;\u00a0<\/span>diese Schokolade wird dich begeistern. Mit dieser k\u00f6stlichen Schokolade kannst du\u00a0deine Lust nach\u00a0<span class=\"hiddenSpellError\">S\u00fcssem<\/span>\u00a0befriedigen und gleichzeitig deinem gesunden und bewussten Lebensstil beibehalten.<\/p>\n<p>G\u00f6nne dir das Vergn\u00fcgen, ohne das schlechte Gewissen!<\/p>\n<p>&nbsp;<\/p>\n<p>Lagerung:<br \/>\nVor W\u00e4rme gesch\u00fctzt, trocken und geruchfrei lagern\u200b<\/p>\n<p>Produktionsland:<br \/>\nBelgien<\/p>\n","protected":false},"excerpt":{"rendered":"<p>Inhalt<br \/>\n4 x 85 g<\/p>\n","protected":false},"featured_media":317,"template":"","meta":{"_acf_changed":false,"inline_featured_image":false,"kia_subtitle":"Kokosnuss-Crisps, dunkle Kakao-Nibs, Haseln\u00fcsse &amp; Milch"},"product_brand":[],"product_cat":[309,311,308,306],"product_tag":[51,52,54,55,56,58,60],"class_list":{"0":"post-203","1":"product","2":"type-product","3":"status-publish","4":"has-post-thumbnail","6":"productbadges-probier-pack","7":"product_cat-aktion","8":"product_cat-probier-pack","9":"product_cat-schokolade-zuckerfrei","10":"product_cat-suesswaren","11":"product_tag-fructosefrei","12":"product_tag-glutenfrei","13":"product_tag-low-carb","14":"product_tag-ohne-farbstoffe","15":"product_tag-ohne-geschmacksverstaerker","16":"product_tag-ohne-zuckerzusatz","17":"product_tag-vegetarisch","19":"first","20":"instock","21":"sale","22":"taxable","23":"shipping-taxable","24":"purchasable","25":"product-type-bundle"},"bundled_by":[],"bundle_stock_status":"instock","bundle_stock_quantity":316,"bundle_virtual":false,"bundle_layout":"default","bundle_add_to_cart_form_location":"default","bundle_editable_in_cart":false,"bundle_sold_individually_context":"product","bundle_item_grouping":"parent","bundle_min_size":"","bundle_max_size":"","bundle_price":{"price":{"min":{"incl_tax":"13.95","excl_tax":"13.6"},"max":{"incl_tax":"13.95","excl_tax":"13.6"}},"regular_price":{"min":{"incl_tax":"19.6","excl_tax":"19.12"},"max":{"incl_tax":"19.6","excl_tax":"19.12"}}},"bundled_items":[{"bundled_item_id":122,"product_id":179,"menu_order":0,"quantity_min":1,"quantity_max":1,"quantity_default":1,"priced_individually":true,"shipped_individually":false,"override_title":false,"title":"Schokolade dunkle Kakao Nibs ohne Zuckerzusatz","override_description":true,"description":"","optional":false,"hide_thumbnail":false,"discount":"28.85","override_variations":false,"allowed_variations":[],"override_default_variation_attributes":false,"default_variation_attributes":[],"single_product_visibility":"hidden","cart_visibility":"hidden","order_visibility":"visible","single_product_price_visibility":"visible","cart_price_visibility":"visible","order_price_visibility":"visible","stock_status":"in_stock"},{"bundled_item_id":123,"product_id":180,"menu_order":1,"quantity_min":1,"quantity_max":1,"quantity_default":1,"priced_individually":true,"shipped_individually":false,"override_title":false,"title":"Schokolade Kokosnuss-Crisps ohne Zuckerzusatz","override_description":true,"description":"","optional":false,"hide_thumbnail":false,"discount":"28.88","override_variations":false,"allowed_variations":[],"override_default_variation_attributes":false,"default_variation_attributes":[],"single_product_visibility":"hidden","cart_visibility":"hidden","order_visibility":"visible","single_product_price_visibility":"visible","cart_price_visibility":"visible","order_price_visibility":"visible","stock_status":"in_stock"},{"bundled_item_id":219,"product_id":18254,"menu_order":2,"quantity_min":1,"quantity_max":1,"quantity_default":1,"priced_individually":true,"shipped_individually":false,"override_title":false,"title":"Schokolade Haseln\u00fcsse ohne Zuckerzusatz","override_description":true,"description":"","optional":false,"hide_thumbnail":false,"discount":"28.83","override_variations":false,"allowed_variations":[],"override_default_variation_attributes":false,"default_variation_attributes":[],"single_product_visibility":"hidden","cart_visibility":"hidden","order_visibility":"visible","single_product_price_visibility":"visible","cart_price_visibility":"visible","order_price_visibility":"visible","stock_status":"in_stock"},{"bundled_item_id":128,"product_id":181,"menu_order":3,"quantity_min":1,"quantity_max":1,"quantity_default":1,"priced_individually":true,"shipped_individually":false,"override_title":false,"title":"Schokolade Milch ohne Zuckerzusatz","override_description":true,"description":"","optional":false,"hide_thumbnail":false,"discount":"28.83","override_variations":false,"allowed_variations":[],"override_default_variation_attributes":false,"default_variation_attributes":[],"single_product_visibility":"hidden","cart_visibility":"hidden","order_visibility":"visible","single_product_price_visibility":"visible","cart_price_visibility":"visible","order_price_visibility":"visible","stock_status":"in_stock"}],"bundle_sell_ids":[],"acf":[],"publishpress_future_action":{"enabled":false,"date":"2026-05-16 00:54:49","action":"change-status","newStatus":"draft","terms":[],"taxonomy":"product_cat","extraData":[]},"publishpress_future_workflow_manual_trigger":{"enabledWorkflows":[]},"_links":{"self":[{"href":"http:\/\/dev.modularte.de\/STEVIASWEET-WP\/wp-json\/wp\/v2\/product\/203","targetHints":{"allow":["GET"]}}],"collection":[{"href":"http:\/\/dev.modularte.de\/STEVIASWEET-WP\/wp-json\/wp\/v2\/product"}],"about":[{"href":"http:\/\/dev.modularte.de\/STEVIASWEET-WP\/wp-json\/wp\/v2\/types\/product"}],"wp:featuredmedia":[{"embeddable":true,"href":"http:\/\/dev.modularte.de\/STEVIASWEET-WP\/wp-json\/wp\/v2\/media\/317"}],"wp:attachment":[{"href":"http:\/\/dev.modularte.de\/STEVIASWEET-WP\/wp-json\/wp\/v2\/media?parent=203"}],"wp:term":[{"taxonomy":"product_brand","embeddable":true,"href":"http:\/\/dev.modularte.de\/STEVIASWEET-WP\/wp-json\/wp\/v2\/product_brand?post=203"},{"taxonomy":"product_cat","embeddable":true,"href":"http:\/\/dev.modularte.de\/STEVIASWEET-WP\/wp-json\/wp\/v2\/product_cat?post=203"},{"taxonomy":"product_tag","embeddable":true,"href":"http:\/\/dev.modularte.de\/STEVIASWEET-WP\/wp-json\/wp\/v2\/product_tag?post=203"}],"curies":[{"name":"wp","href":"https:\/\/api.w.org\/{rel}","templated":true}]}}