{"id":200,"date":"2022-04-19T12:54:34","date_gmt":"2022-04-19T10:54:34","guid":{"rendered":"http:\/\/dev.modularte.de\/STEVIASWEET-WP\/produkt\/cold-infusion-eistee-ohne-zucker\/"},"modified":"2024-09-06T08:30:06","modified_gmt":"2024-09-06T06:30:06","slug":"cold-brewed-infusions-lychee-ohne-zucker","status":"publish","type":"product","link":"http:\/\/dev.modularte.de\/STEVIASWEET-WP\/produkt\/cold-brewed-infusions-lychee-ohne-zucker\/","title":{"rendered":"Cold Infusion Eistee Litschi ohne Zucker"},"content":{"rendered":"<p>Unsere neue SteviaSweet Cold Brewed Infusion enth\u00e4lt eine perfekte Mischung aus getrockneten Fr\u00fcchten und Kr\u00e4utern, um dir einen genussvollen Moment zu zaubern. Jeder Beutel ist einzeln verpackt, damit wir die Frische so lang wie m\u00f6glich erhalten k\u00f6nnen. Egal ob zu Hause oder unterwegs, du bekommst immer eine k\u00f6stliche Erfrischung und Abwechslung, wenn du mal auf was anderes Lust hast als Wasser. G\u00f6nn dir eine fruchtige Auszeit mit gutem Gewissen, leicht und angenehm ges\u00fcsst mit einem Hauch von Stevia.<br data-text=\"true\" \/>1. Leg den Beutel in ein Glas oder Trinkflasche<br \/>\n2. Mit kaltem Wasser aufgiessen (ggf. Eisw\u00fcrfel hinzuf\u00fcgen)<br \/>\n3. Fertig zum Geniessen!<\/p>\n<p>Zubereitungstipp:<br \/>\nDen Teebeutel in kaltes Wasser legen bzw. mit kaltem Wasser aufgiessen und wenige Minuten warten \u2013 kein kochendes Wasser erforderlich. Somit perfekt f\u00fcr unterwegs oder zum Sport.<\/p>\n<p>&nbsp;<\/p>\n<p>Lagerung:<br \/>\nVor W\u00e4rme gesch\u00fctzt, trocken und geruchfrei lagern.<\/p>\n<p>Produktionsland:<br \/>\nIndien<\/p>\n","protected":false},"excerpt":{"rendered":"<p>Inhalt<br \/>\n18 x 3 g<\/p>\n<p><span data-offset-key=\"brsjp-0-0\">Preis ist reduziert wegen des\u00a0<\/span><span id=\"decorator-corrected-entity-id-30\" data-entity-key=\"30\" data-offset-key=\"brsjp-1-0\"><span data-offset-key=\"brsjp-1-0\">Ablaufdatums<\/span><\/span><span data-offset-key=\"brsjp-2-0\">: 30.09.2024<\/span><\/p>\n","protected":false},"featured_media":331,"template":"","meta":{"_acf_changed":false,"inline_featured_image":false,"kia_subtitle":""},"product_brand":[],"product_cat":[306],"product_tag":[51,52,53,54,55,56,58,59,60,73],"class_list":{"0":"post-200","1":"product","2":"type-product","3":"status-publish","4":"has-post-thumbnail","6":"productbadges-less-food-waste","7":"product_cat-suesswaren","8":"product_tag-fructosefrei","9":"product_tag-glutenfrei","10":"product_tag-laktosefrei","11":"product_tag-low-carb","12":"product_tag-ohne-farbstoffe","13":"product_tag-ohne-geschmacksverstaerker","14":"product_tag-ohne-zuckerzusatz","15":"product_tag-vegan","16":"product_tag-vegetarisch","17":"product_tag-zuckerfrei","19":"first","20":"instock","21":"sale","22":"taxable","23":"shipping-taxable","24":"purchasable","25":"product-type-simple"},"bundled_by":["9799","202","21625","25376"],"bundle_stock_status":"instock","bundle_stock_quantity":490,"bundle_virtual":false,"bundle_layout":"","bundle_add_to_cart_form_location":"","bundle_editable_in_cart":false,"bundle_sold_individually_context":"","bundle_item_grouping":"","bundle_min_size":"","bundle_max_size":"","bundle_price":[],"bundled_items":[],"bundle_sell_ids":[],"acf":[],"publishpress_future_action":{"enabled":false,"date":"2026-05-16 03:00:09","action":"change-status","newStatus":"draft","terms":[],"taxonomy":"product_cat","extraData":[]},"publishpress_future_workflow_manual_trigger":{"enabledWorkflows":[]},"_links":{"self":[{"href":"http:\/\/dev.modularte.de\/STEVIASWEET-WP\/wp-json\/wp\/v2\/product\/200","targetHints":{"allow":["GET"]}}],"collection":[{"href":"http:\/\/dev.modularte.de\/STEVIASWEET-WP\/wp-json\/wp\/v2\/product"}],"about":[{"href":"http:\/\/dev.modularte.de\/STEVIASWEET-WP\/wp-json\/wp\/v2\/types\/product"}],"wp:featuredmedia":[{"embeddable":true,"href":"http:\/\/dev.modularte.de\/STEVIASWEET-WP\/wp-json\/wp\/v2\/media\/331"}],"wp:attachment":[{"href":"http:\/\/dev.modularte.de\/STEVIASWEET-WP\/wp-json\/wp\/v2\/media?parent=200"}],"wp:term":[{"taxonomy":"product_brand","embeddable":true,"href":"http:\/\/dev.modularte.de\/STEVIASWEET-WP\/wp-json\/wp\/v2\/product_brand?post=200"},{"taxonomy":"product_cat","embeddable":true,"href":"http:\/\/dev.modularte.de\/STEVIASWEET-WP\/wp-json\/wp\/v2\/product_cat?post=200"},{"taxonomy":"product_tag","embeddable":true,"href":"http:\/\/dev.modularte.de\/STEVIASWEET-WP\/wp-json\/wp\/v2\/product_tag?post=200"}],"curies":[{"name":"wp","href":"https:\/\/api.w.org\/{rel}","templated":true}]}}