{"id":187,"date":"2022-04-19T12:54:31","date_gmt":"2022-04-19T12:54:31","guid":{"rendered":"http:\/\/dev.modularte.de\/STEVIASWEET-WP\/produkt\/thermobecher-034-l\/"},"modified":"2024-09-05T09:43:16","modified_gmt":"2024-09-05T07:43:16","slug":"thermobecher","status":"publish","type":"product","link":"http:\/\/dev.modularte.de\/STEVIASWEET-WP\/produkt\/thermobecher\/","title":{"rendered":"Thermobecher 0,34 L"},"content":{"rendered":"<p>Der SteviaSweet Thermobecher eignet sich f\u00fcr jede Art von Getr\u00e4nken. Der stylisch Becher h\u00e4lt Getr\u00e4nke bis zu 4 Stunden kalt und 2 Stunden warm. Durch den Kunsstoffdeckel mit verschliessbarem Trink\u00f6ffnung kann nichts auslaufen. Er hat ein Fassungsverm\u00f6gen von 0,34 Litern und besteht aus lebensmitteltauglichem, doppelwandigem Edelstahl.<\/p>\n<p>Inhalt:<br \/>\n340 ml<\/p>\n","protected":false},"excerpt":{"rendered":"<p>Perfekt geeignet f\u00fcr Getr\u00e4nke to go<\/p>\n","protected":false},"featured_media":1732,"template":"","meta":{"_acf_changed":false,"inline_featured_image":false,"kia_subtitle":""},"product_brand":[],"product_cat":[327],"product_tag":[],"class_list":{"0":"post-187","1":"product","2":"type-product","3":"status-publish","4":"has-post-thumbnail","6":"product_cat-diverses","8":"first","9":"instock","10":"taxable","11":"shipping-taxable","12":"purchasable","13":"product-type-simple"},"bundled_by":["9799","9978","20596","22120","22122","25011","25376"],"bundle_stock_status":"instock","bundle_stock_quantity":284,"bundle_virtual":false,"bundle_layout":"","bundle_add_to_cart_form_location":"","bundle_editable_in_cart":false,"bundle_sold_individually_context":"","bundle_item_grouping":"","bundle_min_size":"","bundle_max_size":"","bundle_price":[],"bundled_items":[],"bundle_sell_ids":[],"acf":[],"publishpress_future_action":{"enabled":false,"date":"2026-05-16 04:41:06","action":"change-status","newStatus":"draft","terms":[],"taxonomy":"product_cat","extraData":[]},"publishpress_future_workflow_manual_trigger":{"enabledWorkflows":[]},"_links":{"self":[{"href":"http:\/\/dev.modularte.de\/STEVIASWEET-WP\/wp-json\/wp\/v2\/product\/187","targetHints":{"allow":["GET"]}}],"collection":[{"href":"http:\/\/dev.modularte.de\/STEVIASWEET-WP\/wp-json\/wp\/v2\/product"}],"about":[{"href":"http:\/\/dev.modularte.de\/STEVIASWEET-WP\/wp-json\/wp\/v2\/types\/product"}],"wp:featuredmedia":[{"embeddable":true,"href":"http:\/\/dev.modularte.de\/STEVIASWEET-WP\/wp-json\/wp\/v2\/media\/1732"}],"wp:attachment":[{"href":"http:\/\/dev.modularte.de\/STEVIASWEET-WP\/wp-json\/wp\/v2\/media?parent=187"}],"wp:term":[{"taxonomy":"product_brand","embeddable":true,"href":"http:\/\/dev.modularte.de\/STEVIASWEET-WP\/wp-json\/wp\/v2\/product_brand?post=187"},{"taxonomy":"product_cat","embeddable":true,"href":"http:\/\/dev.modularte.de\/STEVIASWEET-WP\/wp-json\/wp\/v2\/product_cat?post=187"},{"taxonomy":"product_tag","embeddable":true,"href":"http:\/\/dev.modularte.de\/STEVIASWEET-WP\/wp-json\/wp\/v2\/product_tag?post=187"}],"curies":[{"name":"wp","href":"https:\/\/api.w.org\/{rel}","templated":true}]}}