{"id":186,"date":"2022-04-19T12:54:31","date_gmt":"2022-04-19T10:54:31","guid":{"rendered":"http:\/\/dev.modularte.de\/STEVIASWEET-WP\/produkt\/vegane-gummibaerchen-in-herzform-ohne-zucker\/"},"modified":"2024-09-06T12:06:59","modified_gmt":"2024-09-06T10:06:59","slug":"vegane-gummibaerchen-herzform-ohne-zucker","status":"publish","type":"product","link":"http:\/\/dev.modularte.de\/STEVIASWEET-WP\/produkt\/vegane-gummibaerchen-herzform-ohne-zucker\/","title":{"rendered":"Vegane Gummib\u00e4rchen-Herzform ohne Zucker"},"content":{"rendered":"<p>Hol dir unsere veganen Gummib\u00e4rchen in Herzform mit dem erfrischenden Geschmack von Holunder und Zitrone.<\/p>\n<p>Diese zuckerfreien Leckerbissen sind nicht nur gut f\u00fcr die Seele, sondern auch f\u00fcr alle, die einen bewussten Lebensstil pflegen m\u00f6chten. Die nat\u00fcrlichen Aromen und Farbstoffe sorgen f\u00fcr eine Geschmacksexplosion, w\u00e4hrend die S\u00fcsse des Stevia-Zaubers dem Ganzen die Krone aufsetzt.<\/p>\n<p>Perfekte f\u00fcr Naschmomente zu zweit, zum Teilen oder einfach, um sich selbst zu verw\u00f6hnen. Und wenn du mal nicht alles auf einmal vernaschen m\u00f6chtest, kein Problem! Die wiederverschliessbare Packung mit Zipper macht es dir leicht, die s\u00fcsse Versuchung immer griffbereit zu haben.<\/p>\n<p>Keine Sorge um die Z\u00e4hne &#8211; diese Gummib\u00e4rchen sind nicht nur zuckerfrei, sondern auch zahnschonend. Ob f\u00fcr Veganer, Naschkatzen oder diejenigen, die auf Zucker verzichten wollen &#8211; diese Herzchen sind die perfekte Wahl.<\/p>\n<p>Also schnapp dir die Packung, \u00f6ffne dein Herz f\u00fcr den fruchtigen Genuss und erlebe die s\u00fcsse Magie ohne Zucker. Cheers to sweet and vegan hearts!<\/p>\n<p>&nbsp;<\/p>\n<p>Lagerung:<br \/>\nVor W\u00e4rme gesch\u00fctzt, trocken und geruchfrei lagern\u200b<\/p>\n<p>Produktionsland:<br \/>\nBelgien<\/p>\n","protected":false},"excerpt":{"rendered":"<p>Inhalt<br \/>\n250 g<\/p>\n","protected":false},"featured_media":264,"template":"","meta":{"_acf_changed":false,"inline_featured_image":false,"kia_subtitle":"Holunder &amp; Zitrone"},"product_brand":[],"product_cat":[306],"product_tag":[51,52,53,54,58,59,60,73],"class_list":{"0":"post-186","1":"product","2":"type-product","3":"status-publish","4":"has-post-thumbnail","6":"product_cat-suesswaren","7":"product_tag-fructosefrei","8":"product_tag-glutenfrei","9":"product_tag-laktosefrei","10":"product_tag-low-carb","11":"product_tag-ohne-zuckerzusatz","12":"product_tag-vegan","13":"product_tag-vegetarisch","14":"product_tag-zuckerfrei","16":"first","17":"instock","18":"taxable","19":"shipping-taxable","20":"purchasable","21":"product-type-simple"},"bundled_by":["205","16094","21625","22120","22123","22124","20596","25376","32356","32716","34836","34853"],"bundle_stock_status":"instock","bundle_stock_quantity":379,"bundle_virtual":false,"bundle_layout":"","bundle_add_to_cart_form_location":"","bundle_editable_in_cart":false,"bundle_sold_individually_context":"","bundle_item_grouping":"","bundle_min_size":"","bundle_max_size":"","bundle_price":[],"bundled_items":[],"bundle_sell_ids":[],"acf":[],"publishpress_future_action":{"enabled":false,"date":"2026-05-16 03:48:49","action":"change-status","newStatus":"draft","terms":[],"taxonomy":"product_cat","extraData":[]},"publishpress_future_workflow_manual_trigger":{"enabledWorkflows":[]},"_links":{"self":[{"href":"http:\/\/dev.modularte.de\/STEVIASWEET-WP\/wp-json\/wp\/v2\/product\/186","targetHints":{"allow":["GET"]}}],"collection":[{"href":"http:\/\/dev.modularte.de\/STEVIASWEET-WP\/wp-json\/wp\/v2\/product"}],"about":[{"href":"http:\/\/dev.modularte.de\/STEVIASWEET-WP\/wp-json\/wp\/v2\/types\/product"}],"wp:featuredmedia":[{"embeddable":true,"href":"http:\/\/dev.modularte.de\/STEVIASWEET-WP\/wp-json\/wp\/v2\/media\/264"}],"wp:attachment":[{"href":"http:\/\/dev.modularte.de\/STEVIASWEET-WP\/wp-json\/wp\/v2\/media?parent=186"}],"wp:term":[{"taxonomy":"product_brand","embeddable":true,"href":"http:\/\/dev.modularte.de\/STEVIASWEET-WP\/wp-json\/wp\/v2\/product_brand?post=186"},{"taxonomy":"product_cat","embeddable":true,"href":"http:\/\/dev.modularte.de\/STEVIASWEET-WP\/wp-json\/wp\/v2\/product_cat?post=186"},{"taxonomy":"product_tag","embeddable":true,"href":"http:\/\/dev.modularte.de\/STEVIASWEET-WP\/wp-json\/wp\/v2\/product_tag?post=186"}],"curies":[{"name":"wp","href":"https:\/\/api.w.org\/{rel}","templated":true}]}}