{"id":185,"date":"2022-04-19T12:54:31","date_gmt":"2022-04-19T12:54:31","guid":{"rendered":"http:\/\/dev.modularte.de\/STEVIASWEET-WP\/produkt\/gummibaerchen-ohne-zucker\/"},"modified":"2024-09-06T12:06:59","modified_gmt":"2024-09-06T10:06:59","slug":"gummibaerchen-ohne-zucker","status":"publish","type":"product","link":"http:\/\/dev.modularte.de\/STEVIASWEET-WP\/produkt\/gummibaerchen-ohne-zucker\/","title":{"rendered":"Gummib\u00e4rchen ohne Zucker"},"content":{"rendered":"<p>Trommelwirbel f\u00fcr die <span data-offset-key=\"5kcik-1-0\">fruchtig-s\u00fcssen<\/span> <span data-offset-key=\"5kcik-3-0\">Gummib\u00e4rchen ohne Zucker, daf\u00fcr mit<\/span><span data-offset-key=\"5kcik-4-0\"> der <\/span><span data-offset-key=\"5kcik-5-0\">s\u00fcssen<\/span><span data-offset-key=\"5kcik-6-0\"> Magie von Stevia! Tauche ein in einen Gaumenschmaus voller nat\u00fcrlicher Aromen und Farbstoffe, darunter der zauberhafte Hauch von Stevia, der diesen B\u00e4ren ihre unwiderstehliche <\/span><span data-offset-key=\"5kcik-7-0\">S\u00fcsse<\/span><span data-offset-key=\"5kcik-8-0\"> verleiht.<\/span><\/p>\n<p>Diese zuckerfreien Leckerbissen sind nicht nur eine himmlische Nascherei, sondern auch ein Fest f\u00fcr alle, die sich bewusst ern\u00e4hren m\u00f6chten. Perfekt f\u00fcr den spontanen <span data-offset-key=\"5kcik-1-0\">Naschhunger zwischendurch<\/span><span data-offset-key=\"5kcik-2-0\">, zum Teilen mit Freunden und Familie oder einfach, um sich selbst zu verw\u00f6hnen. Und das Beste? Die Packung ist mit einem praktischen Zipper ausgestattet, sodass du immer und \u00fcberall genussvoll zugreifen kannst.<\/span><\/p>\n<p>Sorgen um die Z\u00e4hne ad\u00e9! Diese Gummib\u00e4rchen sind nicht nur zuckerfrei, sondern auch zahnschonend, damit du deinen s\u00fcssen Moment in vollen Z\u00fcgen geniessen kannst. Ob f\u00fcr kleine Naschkatzen, Gross und Klein oder diejenigen, die auf Zucker verzichten wollen &#8211; diese Gummib\u00e4rchen sind die s\u00fcsse Versuchung ohne Reue.<\/p>\n<p>Also schnapp dir die Packung, mach es dir gem\u00fctlich und erlebe den fruchtigen Spass ohne Zucker: Cheers to sugar-free sweetness!<\/p>\n<p>&nbsp;<\/p>\n<p>Lagerung:<br \/>\nVor W\u00e4rme gesch\u00fctzt, trocken und geruchfrei lagern\u200b<\/p>\n<p>Produktionsland:<br \/>\nBelgien<\/p>\n","protected":false},"excerpt":{"rendered":"<p>Inhalt<br \/>\n250 g<\/p>\n","protected":false},"featured_media":218,"template":"","meta":{"_acf_changed":false,"inline_featured_image":false,"kia_subtitle":"Apfel &amp; schwarze Johannisbeeren"},"product_brand":[],"product_cat":[306],"product_tag":[51,52,53,54,58,73],"class_list":{"0":"post-185","1":"product","2":"type-product","3":"status-publish","4":"has-post-thumbnail","6":"product_cat-suesswaren","7":"product_tag-fructosefrei","8":"product_tag-glutenfrei","9":"product_tag-laktosefrei","10":"product_tag-low-carb","11":"product_tag-ohne-zuckerzusatz","12":"product_tag-zuckerfrei","14":"first","15":"instock","16":"taxable","17":"shipping-taxable","18":"purchasable","19":"product-type-simple"},"bundled_by":["205","16094","20596","22124","23734","24681","25376","32356","32716","34836","34853"],"bundle_stock_status":"instock","bundle_stock_quantity":551,"bundle_virtual":false,"bundle_layout":"","bundle_add_to_cart_form_location":"","bundle_editable_in_cart":false,"bundle_sold_individually_context":"","bundle_item_grouping":"","bundle_min_size":"","bundle_max_size":"","bundle_price":[],"bundled_items":[],"bundle_sell_ids":[],"acf":[],"publishpress_future_action":{"enabled":false,"date":"2026-05-16 03:48:55","action":"change-status","newStatus":"draft","terms":[],"taxonomy":"product_cat","extraData":[]},"publishpress_future_workflow_manual_trigger":{"enabledWorkflows":[]},"_links":{"self":[{"href":"http:\/\/dev.modularte.de\/STEVIASWEET-WP\/wp-json\/wp\/v2\/product\/185","targetHints":{"allow":["GET"]}}],"collection":[{"href":"http:\/\/dev.modularte.de\/STEVIASWEET-WP\/wp-json\/wp\/v2\/product"}],"about":[{"href":"http:\/\/dev.modularte.de\/STEVIASWEET-WP\/wp-json\/wp\/v2\/types\/product"}],"wp:featuredmedia":[{"embeddable":true,"href":"http:\/\/dev.modularte.de\/STEVIASWEET-WP\/wp-json\/wp\/v2\/media\/218"}],"wp:attachment":[{"href":"http:\/\/dev.modularte.de\/STEVIASWEET-WP\/wp-json\/wp\/v2\/media?parent=185"}],"wp:term":[{"taxonomy":"product_brand","embeddable":true,"href":"http:\/\/dev.modularte.de\/STEVIASWEET-WP\/wp-json\/wp\/v2\/product_brand?post=185"},{"taxonomy":"product_cat","embeddable":true,"href":"http:\/\/dev.modularte.de\/STEVIASWEET-WP\/wp-json\/wp\/v2\/product_cat?post=185"},{"taxonomy":"product_tag","embeddable":true,"href":"http:\/\/dev.modularte.de\/STEVIASWEET-WP\/wp-json\/wp\/v2\/product_tag?post=185"}],"curies":[{"name":"wp","href":"https:\/\/api.w.org\/{rel}","templated":true}]}}