{"id":184,"date":"2022-04-19T12:54:31","date_gmt":"2022-04-19T12:54:31","guid":{"rendered":"http:\/\/dev.modularte.de\/STEVIASWEET-WP\/produkt\/crystal-duo-pack-mit-erythit-steviolglycosiden\/"},"modified":"2024-08-08T15:28:23","modified_gmt":"2024-08-08T13:28:23","slug":"crystal-duo-pack-erythit-steviolglycosiden","status":"publish","type":"product","link":"http:\/\/dev.modularte.de\/STEVIASWEET-WP\/produkt\/crystal-duo-pack-erythit-steviolglycosiden\/","title":{"rendered":"Crystal Duo-Pack Zuckerersatz ohne Kalorien"},"content":{"rendered":"<p>Du kannst SteviaSweet Crystal f\u00fcr alles verwenden, f\u00fcr das du normalerweise Zucker nehmen w\u00fcrdest. Also zum Kochen, Backen, f\u00fcr Drinks und Desserts. Deiner Fantasie sind keine Grenzen gesetzt. In unserer Rezeptsammlung findest du \u00fcbrigens jede Menge leckere Inspirationen.<\/p>\n<p>Ein Teel\u00f6ffel SteviaSweet Crystal entspricht zwei Teel\u00f6ffel Zucker.<\/p>\n<p>&nbsp;<\/p>\n<p>Lagerung:<br \/>\nVor W\u00e4rme gesch\u00fctzt, trocken und geruchfrei lagern.<\/p>\n<p>Produktionsland:<br \/>\nDeutschland<\/p>\n<p>&nbsp;<\/p>\n","protected":false},"excerpt":{"rendered":"<p>Inhalt<br \/>\n2 x 250 g<\/p>\n","protected":false},"featured_media":1826,"template":"","meta":{"_acf_changed":false,"inline_featured_image":false,"kia_subtitle":"mit Erythit &amp; Steviolglycosiden"},"product_brand":[],"product_cat":[307,305],"product_tag":[51,52,53,54,55,58,59,60,73],"class_list":{"0":"post-184","1":"product","2":"type-product","3":"status-publish","4":"has-post-thumbnail","6":"productbadges-duo-pack","7":"product_cat-backen-ohne-zucker","8":"product_cat-zuckerersatz","9":"product_tag-fructosefrei","10":"product_tag-glutenfrei","11":"product_tag-laktosefrei","12":"product_tag-low-carb","13":"product_tag-ohne-farbstoffe","14":"product_tag-ohne-zuckerzusatz","15":"product_tag-vegan","16":"product_tag-vegetarisch","17":"product_tag-zuckerfrei","19":"first","20":"instock","21":"sale","22":"taxable","23":"shipping-taxable","24":"purchasable","25":"product-type-bundle"},"bundled_by":[],"bundle_stock_status":"instock","bundle_stock_quantity":149,"bundle_virtual":false,"bundle_layout":"default","bundle_add_to_cart_form_location":"default","bundle_editable_in_cart":false,"bundle_sold_individually_context":"product","bundle_item_grouping":"parent","bundle_min_size":"","bundle_max_size":"","bundle_price":{"price":{"min":{"incl_tax":"15.9","excl_tax":"15.5"},"max":{"incl_tax":"15.9","excl_tax":"15.5"}},"regular_price":{"min":{"incl_tax":"17.9","excl_tax":"17.45"},"max":{"incl_tax":"17.9","excl_tax":"17.45"}}},"bundled_items":[{"bundled_item_id":119,"product_id":173,"menu_order":0,"quantity_min":2,"quantity_max":2,"quantity_default":2,"priced_individually":true,"shipped_individually":false,"override_title":true,"title":"Crystal mit Erythrit & Steviolglycosiden","override_description":true,"description":"2 x 250 g","optional":false,"hide_thumbnail":false,"discount":"11.1731","override_variations":false,"allowed_variations":[],"override_default_variation_attributes":false,"default_variation_attributes":[],"single_product_visibility":"hidden","cart_visibility":"hidden","order_visibility":"visible","single_product_price_visibility":"visible","cart_price_visibility":"visible","order_price_visibility":"visible","stock_status":"in_stock"}],"bundle_sell_ids":[],"acf":[],"publishpress_future_action":{"enabled":false,"date":"2026-05-16 04:48:13","action":"change-status","newStatus":"draft","terms":[],"taxonomy":"product_cat","extraData":[]},"publishpress_future_workflow_manual_trigger":{"enabledWorkflows":[]},"_links":{"self":[{"href":"http:\/\/dev.modularte.de\/STEVIASWEET-WP\/wp-json\/wp\/v2\/product\/184","targetHints":{"allow":["GET"]}}],"collection":[{"href":"http:\/\/dev.modularte.de\/STEVIASWEET-WP\/wp-json\/wp\/v2\/product"}],"about":[{"href":"http:\/\/dev.modularte.de\/STEVIASWEET-WP\/wp-json\/wp\/v2\/types\/product"}],"wp:featuredmedia":[{"embeddable":true,"href":"http:\/\/dev.modularte.de\/STEVIASWEET-WP\/wp-json\/wp\/v2\/media\/1826"}],"wp:attachment":[{"href":"http:\/\/dev.modularte.de\/STEVIASWEET-WP\/wp-json\/wp\/v2\/media?parent=184"}],"wp:term":[{"taxonomy":"product_brand","embeddable":true,"href":"http:\/\/dev.modularte.de\/STEVIASWEET-WP\/wp-json\/wp\/v2\/product_brand?post=184"},{"taxonomy":"product_cat","embeddable":true,"href":"http:\/\/dev.modularte.de\/STEVIASWEET-WP\/wp-json\/wp\/v2\/product_cat?post=184"},{"taxonomy":"product_tag","embeddable":true,"href":"http:\/\/dev.modularte.de\/STEVIASWEET-WP\/wp-json\/wp\/v2\/product_tag?post=184"}],"curies":[{"name":"wp","href":"https:\/\/api.w.org\/{rel}","templated":true}]}}