{"id":183,"date":"2022-04-19T12:54:31","date_gmt":"2022-04-19T10:54:31","guid":{"rendered":"http:\/\/dev.modularte.de\/STEVIASWEET-WP\/produkt\/dunkle-schokoladen-nibs-ohne-zuckerzusatz-2\/"},"modified":"2024-09-10T12:21:07","modified_gmt":"2024-09-10T10:21:07","slug":"dunkle-schokoladen-nibs-blaubeeren-ohne-zucker","status":"publish","type":"product","link":"http:\/\/dev.modularte.de\/STEVIASWEET-WP\/produkt\/dunkle-schokoladen-nibs-blaubeeren-ohne-zucker\/","title":{"rendered":"Dunkle Schokoladen Nibs Blaubeeren ohne Zuckerzusatz"},"content":{"rendered":"<p>Tauche ein in die Welt der Beeren mit unseren k\u00f6stlichen dunklen Schokoladen-Nibs, die gef\u00fcllt mit gefriergetrocknet Blaubeeren sind &#8211; und das alles ohne Zuckerzusatz!<\/p>\n<p>Diese himmlischen Leckerbissen sind nicht nur vegan, sondern auch ein wahrer Genuss f\u00fcr bewusste Naschkatzen. Die fruchtige Frische der Blaubeeren vereint sich perfekt mit der intensiven dunklen Schokolade, f\u00fcr ein Geschmackserlebnis, das seinesgleichen sucht. Und das Beste? Sie sind nat\u00fcrlich mit Stevia ges\u00fcsst, f\u00fcr eine s\u00fcsse Versuchung ohne Reue!<\/p>\n<p>Geniesse jeden Bissen dieser K\u00f6stlichkeiten und entdecke den perfekten Snack f\u00fcr zwischendurch, zum Teilen mit Freunden oder einfach f\u00fcr dich selbst. Und dank der wiederverschliessbaren Verpackung mit Zipper hast du immer und \u00fcberall deine Lieblingsnascherei griffbereit.<\/p>\n<p>Also g\u00f6nne dir eine Auszeit vom Alltag und lass dich von unseren dunklen Schokoladen-Nibs mit Blaubeeren verf\u00fchren &#8211; ein Genussmoment, der dich garantiert verzaubern wird!<\/p>\n<p>&nbsp;<\/p>\n<p>Lagerung:<br \/>\nVor W\u00e4rme gesch\u00fctzt, trocken und geruchfrei lagern\u200b<\/p>\n<p>Produktionsland:<br \/>\nLitauen<\/p>\n","protected":false},"excerpt":{"rendered":"<p>Inhalt<br \/>\n80 g<\/p>\n","protected":false},"featured_media":355,"template":"","meta":{"_acf_changed":false,"inline_featured_image":false,"kia_subtitle":""},"product_brand":[],"product_cat":[308,306],"product_tag":[52,53,54,55,58,59,60],"class_list":{"0":"post-183","1":"product","2":"type-product","3":"status-publish","4":"has-post-thumbnail","6":"product_cat-schokolade-zuckerfrei","7":"product_cat-suesswaren","8":"product_tag-glutenfrei","9":"product_tag-laktosefrei","10":"product_tag-low-carb","11":"product_tag-ohne-farbstoffe","12":"product_tag-ohne-zuckerzusatz","13":"product_tag-vegan","14":"product_tag-vegetarisch","16":"first","17":"instock","18":"taxable","19":"shipping-taxable","20":"purchasable","21":"product-type-simple"},"bundled_by":["204","16094","20596","22120","22122","22124","24460","24602","25011","21625","23734","32356"],"bundle_stock_status":"instock","bundle_stock_quantity":2791,"bundle_virtual":false,"bundle_layout":"","bundle_add_to_cart_form_location":"","bundle_editable_in_cart":false,"bundle_sold_individually_context":"","bundle_item_grouping":"","bundle_min_size":"","bundle_max_size":"","bundle_price":[],"bundled_items":[],"bundle_sell_ids":[],"acf":[],"publishpress_future_action":{"enabled":false,"date":"2026-05-16 03:49:00","action":"change-status","newStatus":"draft","terms":[],"taxonomy":"product_cat","extraData":[]},"publishpress_future_workflow_manual_trigger":{"enabledWorkflows":[]},"_links":{"self":[{"href":"http:\/\/dev.modularte.de\/STEVIASWEET-WP\/wp-json\/wp\/v2\/product\/183","targetHints":{"allow":["GET"]}}],"collection":[{"href":"http:\/\/dev.modularte.de\/STEVIASWEET-WP\/wp-json\/wp\/v2\/product"}],"about":[{"href":"http:\/\/dev.modularte.de\/STEVIASWEET-WP\/wp-json\/wp\/v2\/types\/product"}],"wp:featuredmedia":[{"embeddable":true,"href":"http:\/\/dev.modularte.de\/STEVIASWEET-WP\/wp-json\/wp\/v2\/media\/355"}],"wp:attachment":[{"href":"http:\/\/dev.modularte.de\/STEVIASWEET-WP\/wp-json\/wp\/v2\/media?parent=183"}],"wp:term":[{"taxonomy":"product_brand","embeddable":true,"href":"http:\/\/dev.modularte.de\/STEVIASWEET-WP\/wp-json\/wp\/v2\/product_brand?post=183"},{"taxonomy":"product_cat","embeddable":true,"href":"http:\/\/dev.modularte.de\/STEVIASWEET-WP\/wp-json\/wp\/v2\/product_cat?post=183"},{"taxonomy":"product_tag","embeddable":true,"href":"http:\/\/dev.modularte.de\/STEVIASWEET-WP\/wp-json\/wp\/v2\/product_tag?post=183"}],"curies":[{"name":"wp","href":"https:\/\/api.w.org\/{rel}","templated":true}]}}