{"id":182,"date":"2022-04-19T12:54:31","date_gmt":"2022-04-19T10:54:31","guid":{"rendered":"http:\/\/dev.modularte.de\/STEVIASWEET-WP\/produkt\/dunkle-schokoladen-nibs-ohne-zuckerzusatz\/"},"modified":"2024-09-10T12:21:07","modified_gmt":"2024-09-10T10:21:07","slug":"dunkle-schokoladen-nibs-kirschen-ohne-zucker","status":"publish","type":"product","link":"http:\/\/dev.modularte.de\/STEVIASWEET-WP\/produkt\/dunkle-schokoladen-nibs-kirschen-ohne-zucker\/","title":{"rendered":"Dunkle Schokoladen Nibs Kirschen ohne Zuckerzusatz"},"content":{"rendered":"<div class=\"flex-1 overflow-hidden\">\n<div class=\"react-scroll-to-bottom--css-uckmt-79elbk h-full\">\n<div class=\"react-scroll-to-bottom--css-uckmt-1n7m0yu\">\n<div>\n<div class=\"flex flex-col text-sm pb-9\">\n<div class=\"w-full text-token-text-primary\" dir=\"auto\" data-testid=\"conversation-turn-7\">\n<div class=\"px-4 py-2 justify-center text-base md:gap-6 m-auto\">\n<div class=\"flex flex-1 text-base mx-auto gap-3 juice:gap-4 juice:md:gap-6 md:px-5 lg:px-1 xl:px-5 md:max-w-3xl lg:max-w-[40rem] xl:max-w-[48rem]\">\n<div class=\"relative flex w-full flex-col agent-turn\">\n<div class=\"flex-col gap-1 md:gap-3\">\n<div class=\"flex flex-grow flex-col max-w-full\">\n<div class=\"min-h-[20px] text-message flex flex-col items-start gap-3 whitespace-pre-wrap break-words [.text-message+&amp;]:mt-5 overflow-x-auto\" dir=\"auto\" data-message-author-role=\"assistant\" data-message-id=\"d77fb584-16d4-41be-867b-c12236810eb2\">\n<div class=\"markdown prose w-full break-words dark:prose-invert light\">\n<p>Lust auf eine neue Art von Schokolade? Dann tauche ein in die faszinierende Welt mit unseren unwiderstehlich k\u00f6stlichen dunklen Schokoladen-Nibs, die mit gefriergetrockneten Kirschen veredelt sind &#8211; und das alles ohne Zuckerzusatz!<\/p>\n<p>Diese himmlischen Leckerbissen sind nicht nur vegan, sondern auch ein wahrer Genuss f\u00fcr anspruchsvolle Naschkatzen. Die fruchtige Frische der Kirschen vereint sich harmonisch mit der intensiven dunklen Schokolade, f\u00fcr ein Geschmackserlebnis, das seinesgleichen sucht. Und das Beste? Sie sind nat\u00fcrlich mit Stevia ges\u00fcsst, f\u00fcr eine s\u00fcsse Versuchung ohne Reue!<\/p>\n<p>Geniesse jeden einzelnen Bissen dieser unwiderstehlich leckeren K\u00f6stlichkeiten und entdecke den perfekten Snack f\u00fcr zwischendurch, zum Teilen mit Freunden oder einfach f\u00fcr dich selbst. Und dank der praktischen, wiederverschliessbaren Verpackung mit Zipper hast du deine Lieblingsnascherei immer und \u00fcberall griffbereit.<\/p>\n<p>Also g\u00f6nne dir eine wohlverdiente Auszeit vom Alltag und lasse dich von unseren dunklen Schokoladen-Nibs mit Kirschen verf\u00fchren &#8211; ein Genussmoment, der dich garantiert in seinen Bann ziehen wird!<\/p>\n<p>&nbsp;<\/p>\n<\/div>\n<\/div>\n<\/div>\n<\/div>\n<\/div>\n<\/div>\n<\/div>\n<\/div>\n<\/div>\n<\/div>\n<\/div>\n<\/div>\n<\/div>\n<p>Lagerung:<br \/>\nVor W\u00e4rme gesch\u00fctzt, trocken und geruchfrei lagern\u200b<\/p>\n<p>Produktionsland:<br \/>\nLitauen<\/p>\n","protected":false},"excerpt":{"rendered":"<p>Inhalt<br \/>\n80 g<\/p>\n","protected":false},"featured_media":359,"template":"","meta":{"_acf_changed":false,"inline_featured_image":false,"kia_subtitle":""},"product_brand":[],"product_cat":[308,306],"product_tag":[52,53,54,55,58,59,60],"class_list":{"0":"post-182","1":"product","2":"type-product","3":"status-publish","4":"has-post-thumbnail","6":"product_cat-schokolade-zuckerfrei","7":"product_cat-suesswaren","8":"product_tag-glutenfrei","9":"product_tag-laktosefrei","10":"product_tag-low-carb","11":"product_tag-ohne-farbstoffe","12":"product_tag-ohne-zuckerzusatz","13":"product_tag-vegan","14":"product_tag-vegetarisch","16":"first","17":"instock","18":"taxable","19":"shipping-taxable","20":"purchasable","21":"product-type-simple"},"bundled_by":["9799","204","16094","20596","22120","22122","22123","22124","24460","24596","21625","32356"],"bundle_stock_status":"instock","bundle_stock_quantity":3111,"bundle_virtual":false,"bundle_layout":"","bundle_add_to_cart_form_location":"","bundle_editable_in_cart":false,"bundle_sold_individually_context":"","bundle_item_grouping":"","bundle_min_size":"","bundle_max_size":"","bundle_price":[],"bundled_items":[],"bundle_sell_ids":[],"acf":[],"publishpress_future_action":{"enabled":false,"date":"2026-05-16 03:00:19","action":"change-status","newStatus":"draft","terms":[],"taxonomy":"product_cat","extraData":[]},"publishpress_future_workflow_manual_trigger":{"enabledWorkflows":[]},"_links":{"self":[{"href":"http:\/\/dev.modularte.de\/STEVIASWEET-WP\/wp-json\/wp\/v2\/product\/182","targetHints":{"allow":["GET"]}}],"collection":[{"href":"http:\/\/dev.modularte.de\/STEVIASWEET-WP\/wp-json\/wp\/v2\/product"}],"about":[{"href":"http:\/\/dev.modularte.de\/STEVIASWEET-WP\/wp-json\/wp\/v2\/types\/product"}],"wp:featuredmedia":[{"embeddable":true,"href":"http:\/\/dev.modularte.de\/STEVIASWEET-WP\/wp-json\/wp\/v2\/media\/359"}],"wp:attachment":[{"href":"http:\/\/dev.modularte.de\/STEVIASWEET-WP\/wp-json\/wp\/v2\/media?parent=182"}],"wp:term":[{"taxonomy":"product_brand","embeddable":true,"href":"http:\/\/dev.modularte.de\/STEVIASWEET-WP\/wp-json\/wp\/v2\/product_brand?post=182"},{"taxonomy":"product_cat","embeddable":true,"href":"http:\/\/dev.modularte.de\/STEVIASWEET-WP\/wp-json\/wp\/v2\/product_cat?post=182"},{"taxonomy":"product_tag","embeddable":true,"href":"http:\/\/dev.modularte.de\/STEVIASWEET-WP\/wp-json\/wp\/v2\/product_tag?post=182"}],"curies":[{"name":"wp","href":"https:\/\/api.w.org\/{rel}","templated":true}]}}