{"id":179,"date":"2022-04-19T12:54:31","date_gmt":"2022-04-19T10:54:31","guid":{"rendered":"http:\/\/dev.modularte.de\/STEVIASWEET-WP\/produkt\/premium-schokolade-ohne-zuckerzusatz\/"},"modified":"2024-09-10T12:21:07","modified_gmt":"2024-09-10T10:21:07","slug":"premium-schokolade-dunkle-kakao-nibs-ohne-zucker","status":"publish","type":"product","link":"http:\/\/dev.modularte.de\/STEVIASWEET-WP\/produkt\/premium-schokolade-dunkle-kakao-nibs-ohne-zucker\/","title":{"rendered":"Schokolade dunkle Kakao Nibs ohne Zuckerzusatz"},"content":{"rendered":"<p>Die\u00a0<span class=\"hiddenSpellError\">SteviaSweet<\/span>\u00a0Premium Schokolade ist eine verf\u00fchrerische Wahl f\u00fcr Schokoladenliebhaber, die auf den Zusatz von Zucker verzichten m\u00f6chten. Jede Sorte wird sorgf\u00e4ltig aus den besten Zutaten hergestellt und bietet ein unglaublich zartes Schmelzen im Mund.<\/p>\n<p>Die dunklen <span class=\"hiddenSpellError\">Kakao-Nibs ist vegan und begeistert mit der Kombination aus dunkler Schokolade und Kakao-Nibs<\/span><span class=\"hiddenGrammarError\">\u00a0\u2013\u00a0<\/span>diese Schokolade wird dich begeistern. Mit dieser k\u00f6stlichen Schokolade kannst du\u00a0deine Lust nach\u00a0<span class=\"hiddenSpellError\">S\u00fcssem<\/span>\u00a0befriedigen und gleichzeitig deinem gesunden und bewussten Lebensstil beibehalten.<\/p>\n<p>G\u00f6nne dir das Vergn\u00fcgen, ohne das schlechte Gewissen!<\/p>\n<p>&nbsp;<\/p>\n<p>Lagerung:<br \/>\nVor W\u00e4rme gesch\u00fctzt, trocken und geruchfrei lagern\u200b<\/p>\n<p>Produktionsland:<br \/>\nBelgien<\/p>\n","protected":false},"excerpt":{"rendered":"<p>Inhalt<br \/>\n85 g<\/p>\n","protected":false},"featured_media":14273,"template":"","meta":{"_acf_changed":false,"inline_featured_image":false,"kia_subtitle":""},"product_brand":[],"product_cat":[308,306],"product_tag":[51,52,53,54,55,56,58,59,60],"class_list":{"0":"post-179","1":"product","2":"type-product","3":"status-publish","4":"has-post-thumbnail","6":"product_cat-schokolade-zuckerfrei","7":"product_cat-suesswaren","8":"product_tag-fructosefrei","9":"product_tag-glutenfrei","10":"product_tag-laktosefrei","11":"product_tag-low-carb","12":"product_tag-ohne-farbstoffe","13":"product_tag-ohne-geschmacksverstaerker","14":"product_tag-ohne-zuckerzusatz","15":"product_tag-vegan","16":"product_tag-vegetarisch","18":"first","19":"instock","20":"taxable","21":"shipping-taxable","22":"purchasable","23":"product-type-simple"},"bundled_by":["203","16094","21625","22122","24460","25011","32356"],"bundle_stock_status":"instock","bundle_stock_quantity":316,"bundle_virtual":false,"bundle_layout":"","bundle_add_to_cart_form_location":"","bundle_editable_in_cart":false,"bundle_sold_individually_context":"","bundle_item_grouping":"","bundle_min_size":"","bundle_max_size":"","bundle_price":[],"bundled_items":[],"bundle_sell_ids":[],"acf":[],"publishpress_future_action":{"enabled":false,"date":"2026-05-16 08:22:54","action":"change-status","newStatus":"draft","terms":[],"taxonomy":"product_cat","extraData":[]},"publishpress_future_workflow_manual_trigger":{"enabledWorkflows":[]},"_links":{"self":[{"href":"http:\/\/dev.modularte.de\/STEVIASWEET-WP\/wp-json\/wp\/v2\/product\/179","targetHints":{"allow":["GET"]}}],"collection":[{"href":"http:\/\/dev.modularte.de\/STEVIASWEET-WP\/wp-json\/wp\/v2\/product"}],"about":[{"href":"http:\/\/dev.modularte.de\/STEVIASWEET-WP\/wp-json\/wp\/v2\/types\/product"}],"wp:featuredmedia":[{"embeddable":true,"href":"http:\/\/dev.modularte.de\/STEVIASWEET-WP\/wp-json\/wp\/v2\/media\/14273"}],"wp:attachment":[{"href":"http:\/\/dev.modularte.de\/STEVIASWEET-WP\/wp-json\/wp\/v2\/media?parent=179"}],"wp:term":[{"taxonomy":"product_brand","embeddable":true,"href":"http:\/\/dev.modularte.de\/STEVIASWEET-WP\/wp-json\/wp\/v2\/product_brand?post=179"},{"taxonomy":"product_cat","embeddable":true,"href":"http:\/\/dev.modularte.de\/STEVIASWEET-WP\/wp-json\/wp\/v2\/product_cat?post=179"},{"taxonomy":"product_tag","embeddable":true,"href":"http:\/\/dev.modularte.de\/STEVIASWEET-WP\/wp-json\/wp\/v2\/product_tag?post=179"}],"curies":[{"name":"wp","href":"https:\/\/api.w.org\/{rel}","templated":true}]}}