{"id":177,"date":"2022-04-19T12:54:31","date_gmt":"2022-04-19T12:54:31","guid":{"rendered":"http:\/\/dev.modularte.de\/STEVIASWEET-WP\/produkt\/crystal-sticks-mit-erythrit-steviolglycosiden\/"},"modified":"2024-09-06T06:35:45","modified_gmt":"2024-09-06T04:35:45","slug":"crystal-sticks-mit-erythrit-steviolglycosiden","status":"publish","type":"product","link":"http:\/\/dev.modularte.de\/STEVIASWEET-WP\/produkt\/crystal-sticks-mit-erythrit-steviolglycosiden\/","title":{"rendered":"Crystal Sticks Zuckerersatz ohne Kalorien"},"content":{"rendered":"<p>Verwende SteviaSweet Crystal einfach wie Zucker &#8211; jetzt auch in der praktischen Sticks-Variante f\u00fcr die perfekte S\u00fcsse ganz ohne Kalorien. Dein idealer Begleiter f\u00fcr unterwegs, aber auch praktisch f\u00fcr all deine Getr\u00e4nke und schnelles s\u00fcssen Zuhause.<\/p>\n<p>Ein SteviaSweet Crystal Stick entspricht einem Teel\u00f6ffel Zucker.<\/p>\n<p>&nbsp;<\/p>\n<p>Lagerung:<br \/>\nVor W\u00e4rme gesch\u00fctzt, trocken und geruchfrei lagern.<\/p>\n<p>Produktionsland:<br \/>\nSpanien<\/p>\n<p>&nbsp;<\/p>\n","protected":false},"excerpt":{"rendered":"<p>Inhalt<br \/>\n100 x 1.5 g<\/p>\n","protected":false},"featured_media":280,"template":"","meta":{"_acf_changed":false,"inline_featured_image":false,"kia_subtitle":"mit Erythrit &amp; Steviolglycosiden"},"product_brand":[],"product_cat":[305],"product_tag":[51,52,53,54,55,58,59,60,73],"class_list":{"0":"post-177","1":"product","2":"type-product","3":"status-publish","4":"has-post-thumbnail","6":"product_cat-zuckerersatz","7":"product_tag-fructosefrei","8":"product_tag-glutenfrei","9":"product_tag-laktosefrei","10":"product_tag-low-carb","11":"product_tag-ohne-farbstoffe","12":"product_tag-ohne-zuckerzusatz","13":"product_tag-vegan","14":"product_tag-vegetarisch","15":"product_tag-zuckerfrei","17":"first","18":"instock","19":"taxable","20":"shipping-taxable","21":"purchasable","22":"product-type-simple"},"bundled_by":[],"bundle_stock_status":"instock","bundle_stock_quantity":73,"bundle_virtual":false,"bundle_layout":"","bundle_add_to_cart_form_location":"","bundle_editable_in_cart":false,"bundle_sold_individually_context":"","bundle_item_grouping":"","bundle_min_size":"","bundle_max_size":"","bundle_price":[],"bundled_items":[],"bundle_sell_ids":[],"acf":[],"publishpress_future_action":{"enabled":false,"date":"2026-05-16 02:55:30","action":"change-status","newStatus":"draft","terms":[],"taxonomy":"product_cat","extraData":[]},"publishpress_future_workflow_manual_trigger":{"enabledWorkflows":[]},"_links":{"self":[{"href":"http:\/\/dev.modularte.de\/STEVIASWEET-WP\/wp-json\/wp\/v2\/product\/177","targetHints":{"allow":["GET"]}}],"collection":[{"href":"http:\/\/dev.modularte.de\/STEVIASWEET-WP\/wp-json\/wp\/v2\/product"}],"about":[{"href":"http:\/\/dev.modularte.de\/STEVIASWEET-WP\/wp-json\/wp\/v2\/types\/product"}],"wp:featuredmedia":[{"embeddable":true,"href":"http:\/\/dev.modularte.de\/STEVIASWEET-WP\/wp-json\/wp\/v2\/media\/280"}],"wp:attachment":[{"href":"http:\/\/dev.modularte.de\/STEVIASWEET-WP\/wp-json\/wp\/v2\/media?parent=177"}],"wp:term":[{"taxonomy":"product_brand","embeddable":true,"href":"http:\/\/dev.modularte.de\/STEVIASWEET-WP\/wp-json\/wp\/v2\/product_brand?post=177"},{"taxonomy":"product_cat","embeddable":true,"href":"http:\/\/dev.modularte.de\/STEVIASWEET-WP\/wp-json\/wp\/v2\/product_cat?post=177"},{"taxonomy":"product_tag","embeddable":true,"href":"http:\/\/dev.modularte.de\/STEVIASWEET-WP\/wp-json\/wp\/v2\/product_tag?post=177"}],"curies":[{"name":"wp","href":"https:\/\/api.w.org\/{rel}","templated":true}]}}