{"id":176,"date":"2022-04-19T12:54:31","date_gmt":"2022-04-19T12:54:31","guid":{"rendered":"http:\/\/dev.modularte.de\/STEVIASWEET-WP\/produkt\/tabletten-ohne-kalorien\/"},"modified":"2024-09-06T08:30:06","modified_gmt":"2024-09-06T06:30:06","slug":"tabletten","status":"publish","type":"product","link":"http:\/\/dev.modularte.de\/STEVIASWEET-WP\/produkt\/tabletten\/","title":{"rendered":"Tabletten ohne Kalorien"},"content":{"rendered":"<p>Mit den SteviaSweet Tabletten kannst du die gew\u00fcnschte S\u00fcsse perfekt dosieren. Einfach je nach Vorliebe ein bis zwei Tabletten ins Heissgetr\u00e4nk geben und geniessen. Wie w\u00e4re es beispielsweise mit einer mit SteviaSweet ges\u00fcsster Matcha Soy Latte? Viel Geschmack, wenig Kalorien.<\/p>\n<p>Eine Tablette SteviaSweet entspricht einem Teel\u00f6ffel Zucker.<\/p>\n<p>&nbsp;<\/p>\n<p>Lagerung:<br \/>\nVor W\u00e4rme gesch\u00fctzt, trocken und geruchfrei lagern.<\/p>\n<p>Produktionsland:<br \/>\nHergestellt in England\/Abgepackt in der Schweiz<\/p>\n<p>&nbsp;<\/p>\n","protected":false},"excerpt":{"rendered":"<p>Inhalt<br \/>\n200 Tabletten<\/p>\n","protected":false},"featured_media":277,"template":"","meta":{"_acf_changed":false,"inline_featured_image":false,"kia_subtitle":""},"product_brand":[],"product_cat":[305],"product_tag":[51,52,53,54,55,56,58,59,60,73],"class_list":{"0":"post-176","1":"product","2":"type-product","3":"status-publish","4":"has-post-thumbnail","6":"product_cat-zuckerersatz","7":"product_tag-fructosefrei","8":"product_tag-glutenfrei","9":"product_tag-laktosefrei","10":"product_tag-low-carb","11":"product_tag-ohne-farbstoffe","12":"product_tag-ohne-geschmacksverstaerker","13":"product_tag-ohne-zuckerzusatz","14":"product_tag-vegan","15":"product_tag-vegetarisch","16":"product_tag-zuckerfrei","18":"first","19":"instock","20":"taxable","21":"shipping-taxable","22":"purchasable","23":"product-type-simple"},"bundled_by":[],"bundle_stock_status":"instock","bundle_stock_quantity":229,"bundle_virtual":false,"bundle_layout":"","bundle_add_to_cart_form_location":"","bundle_editable_in_cart":false,"bundle_sold_individually_context":"","bundle_item_grouping":"","bundle_min_size":"","bundle_max_size":"","bundle_price":[],"bundled_items":[],"bundle_sell_ids":[],"acf":[],"publishpress_future_action":{"enabled":false,"date":"2026-05-16 03:00:12","action":"change-status","newStatus":"draft","terms":[],"taxonomy":"product_cat","extraData":[]},"publishpress_future_workflow_manual_trigger":{"enabledWorkflows":[]},"_links":{"self":[{"href":"http:\/\/dev.modularte.de\/STEVIASWEET-WP\/wp-json\/wp\/v2\/product\/176","targetHints":{"allow":["GET"]}}],"collection":[{"href":"http:\/\/dev.modularte.de\/STEVIASWEET-WP\/wp-json\/wp\/v2\/product"}],"about":[{"href":"http:\/\/dev.modularte.de\/STEVIASWEET-WP\/wp-json\/wp\/v2\/types\/product"}],"wp:featuredmedia":[{"embeddable":true,"href":"http:\/\/dev.modularte.de\/STEVIASWEET-WP\/wp-json\/wp\/v2\/media\/277"}],"wp:attachment":[{"href":"http:\/\/dev.modularte.de\/STEVIASWEET-WP\/wp-json\/wp\/v2\/media?parent=176"}],"wp:term":[{"taxonomy":"product_brand","embeddable":true,"href":"http:\/\/dev.modularte.de\/STEVIASWEET-WP\/wp-json\/wp\/v2\/product_brand?post=176"},{"taxonomy":"product_cat","embeddable":true,"href":"http:\/\/dev.modularte.de\/STEVIASWEET-WP\/wp-json\/wp\/v2\/product_cat?post=176"},{"taxonomy":"product_tag","embeddable":true,"href":"http:\/\/dev.modularte.de\/STEVIASWEET-WP\/wp-json\/wp\/v2\/product_tag?post=176"}],"curies":[{"name":"wp","href":"https:\/\/api.w.org\/{rel}","templated":true}]}}