{"id":174,"date":"2022-04-19T12:54:31","date_gmt":"2022-04-19T12:54:31","guid":{"rendered":"http:\/\/dev.modularte.de\/STEVIASWEET-WP\/produkt\/fluessig-mit-agave-ohne-kalorien\/"},"modified":"2024-09-05T11:14:28","modified_gmt":"2024-09-05T09:14:28","slug":"fluessig-mit-agave","status":"publish","type":"product","link":"http:\/\/dev.modularte.de\/STEVIASWEET-WP\/produkt\/fluessig-mit-agave\/","title":{"rendered":"Fl\u00fcssig Zuckerersatz ohne Kalorien"},"content":{"rendered":"<p>Du stehst auf fruchtig-frische Smoothies? Auf Chia Pudding und A\u00e7ai Bowls? Dann wird SteviaSweet fl\u00fcssig mit Agave bestimmt zu deinem treuen Begleiter. Dank der fl\u00fcssigen Konsistenz l\u00e4sst es sich leicht mit cremigen oder fl\u00fcssigen Speisen vermengen. Der beigesetzte Agavensirup sorgt f\u00fcr einen angenehmen, runden Geschmack.<\/p>\n<p>Zehn Tropfen SteviaSweet fl\u00fcssig mit Agave entsprechen einem Teel\u00f6ffel Zucker.<\/p>\n<p>&nbsp;<\/p>\n<p>Lagerung:<br \/>\nVor W\u00e4rme gesch\u00fctzt, trocken und geruchfrei lagern.<\/p>\n<p>Produktionsland:<br \/>\nSchweiz<\/p>\n","protected":false},"excerpt":{"rendered":"<p>Inhalt<br \/>\n125 ml<\/p>\n","protected":false},"featured_media":308,"template":"","meta":{"_acf_changed":false,"inline_featured_image":false,"kia_subtitle":"mit Agave"},"product_brand":[],"product_cat":[307,305],"product_tag":[51,52,53,54,55,56,58,59,60,73],"class_list":{"0":"post-174","1":"product","2":"type-product","3":"status-publish","4":"has-post-thumbnail","6":"product_cat-backen-ohne-zucker","7":"product_cat-zuckerersatz","8":"product_tag-fructosefrei","9":"product_tag-glutenfrei","10":"product_tag-laktosefrei","11":"product_tag-low-carb","12":"product_tag-ohne-farbstoffe","13":"product_tag-ohne-geschmacksverstaerker","14":"product_tag-ohne-zuckerzusatz","15":"product_tag-vegan","16":"product_tag-vegetarisch","17":"product_tag-zuckerfrei","19":"first","20":"outofstock","21":"taxable","22":"shipping-taxable","23":"purchasable","24":"product-type-simple"},"bundled_by":[],"bundle_stock_status":"outofstock","bundle_stock_quantity":0,"bundle_virtual":false,"bundle_layout":"","bundle_add_to_cart_form_location":"","bundle_editable_in_cart":false,"bundle_sold_individually_context":"","bundle_item_grouping":"","bundle_min_size":"","bundle_max_size":"","bundle_price":[],"bundled_items":[],"bundle_sell_ids":[],"acf":[],"publishpress_future_action":{"enabled":false,"date":"2026-05-16 03:00:22","action":"change-status","newStatus":"draft","terms":[],"taxonomy":"product_cat","extraData":[]},"publishpress_future_workflow_manual_trigger":{"enabledWorkflows":[]},"_links":{"self":[{"href":"http:\/\/dev.modularte.de\/STEVIASWEET-WP\/wp-json\/wp\/v2\/product\/174","targetHints":{"allow":["GET"]}}],"collection":[{"href":"http:\/\/dev.modularte.de\/STEVIASWEET-WP\/wp-json\/wp\/v2\/product"}],"about":[{"href":"http:\/\/dev.modularte.de\/STEVIASWEET-WP\/wp-json\/wp\/v2\/types\/product"}],"wp:featuredmedia":[{"embeddable":true,"href":"http:\/\/dev.modularte.de\/STEVIASWEET-WP\/wp-json\/wp\/v2\/media\/308"}],"wp:attachment":[{"href":"http:\/\/dev.modularte.de\/STEVIASWEET-WP\/wp-json\/wp\/v2\/media?parent=174"}],"wp:term":[{"taxonomy":"product_brand","embeddable":true,"href":"http:\/\/dev.modularte.de\/STEVIASWEET-WP\/wp-json\/wp\/v2\/product_brand?post=174"},{"taxonomy":"product_cat","embeddable":true,"href":"http:\/\/dev.modularte.de\/STEVIASWEET-WP\/wp-json\/wp\/v2\/product_cat?post=174"},{"taxonomy":"product_tag","embeddable":true,"href":"http:\/\/dev.modularte.de\/STEVIASWEET-WP\/wp-json\/wp\/v2\/product_tag?post=174"}],"curies":[{"name":"wp","href":"https:\/\/api.w.org\/{rel}","templated":true}]}}