{"id":6,"date":"2022-01-31T17:18:20","date_gmt":"2022-01-31T17:18:20","guid":{"rendered":"http:\/\/dev.modularte.de\/STEVIASWEET-WP\/?page_id=6"},"modified":"2023-10-31T17:16:02","modified_gmt":"2023-10-31T16:16:02","slug":"impressum","status":"publish","type":"page","link":"http:\/\/dev.modularte.de\/STEVIASWEET-WP\/impressum\/","title":{"rendered":"Impressum"},"content":{"rendered":"\n<p class=\"has-text-align-center\">Hermes S\u00fcssstoff AG<br>Ankerstrasse 53<br>8004 Z\u00fcrich<\/p>\n\n\n\n<p class=\"has-text-align-center\">Umsatzsteuer-UID: CH-102 383 540<br>Handeslregister: Kanton Z\u00fcrich<\/p>\n\n\n\n<p class=\"has-text-align-center\"><strong>Vertreten durch:<\/strong><br>Rimann Roland<\/p>\n\n\n\n<h2 class=\"wp-block-heading has-text-align-center\" id=\"h-kontakt\" id=\"kontakt\">Kontakt<\/h2>\n\n\n\n<p class=\"has-text-align-center\">Telefon: +41 (0) 44 245 43 00<br>Telefax: +41 (0)44 245 43 35<br>E-Mail: &#x69;&#110;&#x66;&#x6f;&#64;&#x6d;&#121;s&#x74;&#101;v&#x69;&#97;&#x73;&#x77;e&#x65;&#116;&#46;&#x63;&#111;m<\/p>\n\n\n\n<h2 class=\"wp-block-heading has-text-align-center\" id=\"h-redaktionell-verantwortlich\" id=\"redaktionell-verantwortlich\">Redaktionell verantwortlich<\/h2>\n\n\n\n<p class=\"has-text-align-center\">Hermes S\u00fcssstoff AG<br>Ankerstrasse 53<br>8004 Z\u00fcrich<br>Schweiz<\/p>\n\n\n\n<h2 class=\"wp-block-heading has-text-align-center\" id=\"konzept-design-umsetzung\">Konzept, Design &amp; Umsetzung<\/h2>\n\n\n\n<p class=\"has-text-align-center\"><strong>MODULARTE<\/strong><br><a class=\"ek-link\" href=\"https:\/\/www.modularte.de\">www.modularte.de<\/a><\/p>\n\n\n\n<p><\/p>\n","protected":false},"excerpt":{"rendered":"<p>Hermes S\u00fcssstoff AGAnkerstrasse 538004 Z\u00fcrich Umsatzsteuer-UID: CH-102 383 540Handeslregister: Kanton Z\u00fcrich Vertreten durch:Rimann Roland Kontakt Telefon: +41 (0) 44 245 43 00Telefax: +41 (0)44 245 43 35E-Mail: i&#110;&#x66;&#x6f;&#64;&#109;&#121;&#x73;&#x74;e&#118;&#105;&#x61;&#x73;w&#101;&#x65;&#x74;&#x2e;c&#111;&#x6d; Redaktionell verantwortlich Hermes S\u00fcssstoff AGAnkerstrasse 538004 Z\u00fcrichSchweiz Konzept, Design &amp; Umsetzung MODULARTEwww.modularte.de<\/p>\n","protected":false},"author":1,"featured_media":0,"parent":0,"menu_order":14,"comment_status":"closed","ping_status":"closed","template":"","meta":{"_acf_changed":false,"inline_featured_image":false,"kia_subtitle":"","editor_notices":[],"footnotes":""},"tags":[],"class_list":["post-6","page","type-page","status-publish","hentry"],"acf":[],"publishpress_future_action":{"enabled":false,"date":"2026-05-16 00:50:35","action":"change-status","newStatus":"draft","terms":[],"taxonomy":"post_tag","extraData":[]},"publishpress_future_workflow_manual_trigger":{"enabledWorkflows":[]},"_links":{"self":[{"href":"http:\/\/dev.modularte.de\/STEVIASWEET-WP\/wp-json\/wp\/v2\/pages\/6","targetHints":{"allow":["GET"]}}],"collection":[{"href":"http:\/\/dev.modularte.de\/STEVIASWEET-WP\/wp-json\/wp\/v2\/pages"}],"about":[{"href":"http:\/\/dev.modularte.de\/STEVIASWEET-WP\/wp-json\/wp\/v2\/types\/page"}],"author":[{"embeddable":true,"href":"http:\/\/dev.modularte.de\/STEVIASWEET-WP\/wp-json\/wp\/v2\/users\/1"}],"replies":[{"embeddable":true,"href":"http:\/\/dev.modularte.de\/STEVIASWEET-WP\/wp-json\/wp\/v2\/comments?post=6"}],"version-history":[{"count":4,"href":"http:\/\/dev.modularte.de\/STEVIASWEET-WP\/wp-json\/wp\/v2\/pages\/6\/revisions"}],"predecessor-version":[{"id":29405,"href":"http:\/\/dev.modularte.de\/STEVIASWEET-WP\/wp-json\/wp\/v2\/pages\/6\/revisions\/29405"}],"wp:attachment":[{"href":"http:\/\/dev.modularte.de\/STEVIASWEET-WP\/wp-json\/wp\/v2\/media?parent=6"}],"wp:term":[{"taxonomy":"post_tag","embeddable":true,"href":"http:\/\/dev.modularte.de\/STEVIASWEET-WP\/wp-json\/wp\/v2\/tags?post=6"}],"curies":[{"name":"wp","href":"https:\/\/api.w.org\/{rel}","templated":true}]}}