{"id":45,"date":"2022-01-31T19:06:38","date_gmt":"2022-01-31T19:06:38","guid":{"rendered":"http:\/\/dev.modularte.de\/STEVIASWEET-WP\/?page_id=45"},"modified":"2022-05-16T16:58:24","modified_gmt":"2022-05-16T16:58:24","slug":"agbs","status":"publish","type":"page","link":"http:\/\/dev.modularte.de\/STEVIASWEET-WP\/agbs\/","title":{"rendered":"Allgemeine Gesch\u00e4ftsbedingungen\u00a0gegen\u00fcber Verbrauchern (B2C)"},"content":{"rendered":"\n<h2 class=\"wp-block-heading\" id=\"1-allgemeines\">1 Allgemeines<\/h2>\n\n\n\n<p><strong>1.1<\/strong>\u00a0Diese Allgemeinen Verkaufsbedingungen (<strong>\u201eAGB<\/strong>\u201c) gelten f\u00fcr alle \u00fcber unseren Online-Shop (<a href=\"http:\/\/dev.modularte.de\/STEVIASWEET-WP\" class=\"ek-link\">http:\/\/dev.modularte.de\/STEVIASWEET-WP<\/a>) geschlossenen Vertr\u00e4ge zwischen uns, der<br><br>Hermes S\u00fcssstoff AG<br>Ankerstrasse 53<br>8004 Z\u00fcrich<br>Schweiz<br><br>Gesch\u00e4ftsf\u00fchrer: Rimann Roland<br>Handelsregister: Kanton Z\u00fcrich<br>Firmennummer \/ UID: CH-102.383.540<br><br>und Ihnen als unseren Kunden, wenn deren Geltung vereinbart ist.<\/p>\n\n\n\n<p><strong>1.2&nbsp;<\/strong>Die AGB gelten ausschlie\u00dflich f\u00fcr Vertr\u00e4ge mit Privatkunden (Verbrauchern), deren Gegenstand die Lieferung an eine Postanschrift in der Schweiz, in Deutschland oder in \u00d6sterreich ist.<\/p>\n\n\n\n<h2 class=\"wp-block-heading\" id=\"h-2-vertragsschluss\" id=\"2-vertragsschluss\">2 Vertragsschluss<\/h2>\n\n\n\n<p id=\"h-2-1-die-prasentation-und-bewerbung-von-artikeln-in-unserem-online-shop-stellt-kein-bindendes-angebot-zum-abschluss-eines-kaufvertrags-dar-2-2-mit-dem-absenden-einer-bestellung-uber-den-online-shop-durch-anklicken-des-buttons-zahlungspflichtig-bestellen-geben-sie-eine-rechtsverbindliche-bestellung-angebot-auf-abschluss-des-vertrages-ab-vor-dem-endgultigen-absenden-der-bestellung-haben-sie-die-moglichkeit-die-richtigkeit-ihrer-eingaben-zu-prufen-und-unrichtigkeiten-zu-korrigieren-bei-bedarf-andern-sie-ihre-bestellung-vor-deren-endgultigem-absenden-an-ihre-bestellung-ihr-angebot-sind-sie-eine-woche-lange-gebunden-2-3-wir-werden-den-zugang-ihrer-uber-unseren-online-shop-abgegebenen-bestellung-unverzuglich-per-e-mail-bestatigen-in-einer-solchen-e-mail-liegt-keine-verbindliche-annahme-der-bestellung-sie-dokumentiert-lediglich-dass-die-bestellung-bei-uns-eingegangen-ist-2-4-ein-vertrag-kommt-erst-zustande-wenn-wir-den-vertragsschluss-separat-bestatigen-annahmeerklarung-werden-ihnen-die-bestellten-artikel-ohne-vorherige-annahmeerklarung-zugestellt-stellt-die-zustellung-die-annahme-dar-2-5-wir-sind-nur-bereit-vertrage-uber-haushaltsubliche-mengen-zur-privaten-nutzung-abzuschliessen-2-6-wir-werden-ihre-bestellung-prufen-sollte-die-lieferung-der-bestellten-ware-nicht-moglich-sein-etwa-weil-die-entsprechende-ware-nicht-auf-lager-ist-oder-wir-aus-anderen-grunden-keinen-der-bestellung-entsprechenden-vertrag-abschliessen-werden-wir-sie-ehestmoglich-spatestens-aber-binnen-einer-woche-informieren-in-diesem-fall-verweigern-wir-die-annahme-der-bestellung-und-es-kommt-kein-vertrag-zustande-haben-wir-von-ihnen-bereits-gegenleistungen-wie-eine-anzahlung-erhalten-werden-wir-diese-unverzuglich-zuruckerstatten-2-7-das-bestellverfahren-erfolgt-grundsatzlich-in-deutscher-sprache-daruber-hinaus-bieten-wir-die-bestellmoglichkeit-auf-englisch-und-franzosisch-an\"><strong>2.1<\/strong>&nbsp;Die Pr\u00e4sentation und Bewerbung von Artikeln in unserem Online-Shop stellt kein bindendes Angebot zum Abschluss eines Kaufvertrags dar.<br><br><strong>2.2<\/strong>&nbsp;Mit dem Absenden einer Bestellung \u00fcber den Online-Shop durch Anklicken des Buttons \u201ezahlungspflichtig bestellen\u201c geben Sie eine rechtsverbindliche Bestellung (Angebot auf Abschluss des Vertrages) ab. Vor dem endg\u00fcltigen Absenden der Bestellung haben Sie die M\u00f6glichkeit, die Richtigkeit Ihrer Eingaben zu pr\u00fcfen und Unrichtigkeiten zu korrigieren. Bei Bedarf \u00e4ndern Sie Ihre Bestellung vor deren endg\u00fcltigem Absenden. An Ihre Bestellung (Ihr Angebot) sind Sie eine Woche lange gebunden.<br><br><strong>2.3<\/strong>&nbsp;Wir werden den Zugang Ihrer \u00fcber unseren Online-Shop abgegebenen Bestellung unverz\u00fcglich per E-Mail best\u00e4tigen. In einer solchen E-Mail liegt keine verbindliche Annahme der Bestellung. Sie dokumentiert lediglich, dass die Bestellung bei uns eingegangen ist.&nbsp;&nbsp;<br><br><strong>2.4<\/strong>&nbsp;Ein Vertrag kommt erst zustande, wenn wir den Vertragsschluss separat best\u00e4tigen (Annahmeerkl\u00e4rung). Werden Ihnen die bestellten Artikel ohne vorherige Annahmeerkl\u00e4rung zugestellt, stellt die Zustellung die Annahme dar.<br><br><strong>2.5<\/strong>&nbsp;Wir sind nur bereit, Vertr\u00e4ge \u00fcber haushalts\u00fcbliche Mengen zur privaten Nutzung abzuschlie\u00dfen.<br><br><strong>2.6<\/strong>&nbsp;Wir werden Ihre Bestellung pr\u00fcfen. Sollte die Lieferung der bestellten Ware nicht m\u00f6glich sein, etwa weil die entsprechende Ware nicht auf Lager ist, oder wir aus anderen Gr\u00fcnden keinen der Bestellung entsprechenden Vertrag abschlie\u00dfen, werden wir Sie ehestm\u00f6glich, sp\u00e4testens aber binnen einer Woche informieren. In diesem Fall verweigern wir die Annahme der Bestellung und es kommt kein Vertrag zustande. Haben wir von Ihnen bereits Gegenleistungen wie eine Anzahlung erhalten, werden wir diese unverz\u00fcglich zur\u00fcckerstatten.<br><br><strong>2.7<\/strong>&nbsp;Das Bestellverfahren erfolgt grunds\u00e4tzlich in deutscher Sprache. Dar\u00fcber hinaus bieten wir die Bestellm\u00f6glichkeit auf Englisch und Franz\u00f6sisch an.<\/p>\n\n\n\n<h2 class=\"wp-block-heading\" id=\"3-liefergebiet\">3 Liefergebiet<\/h2>\n\n\n\n<p>Wir liefern nur innerhalb der Schweiz.<\/p>\n\n\n\n<h2 class=\"wp-block-heading\" id=\"4-preise-und-versandkosten\">4 Preise und Versandkosten<\/h2>\n\n\n\n<p><strong>4.1<\/strong>&nbsp;S\u00e4mtliche Preisangaben in unserem Online-Shop sind Bruttopreise inklusive der gesetzlichen Mehrwertsteuer (Umsatzsteuer) und verstehen sich zuz\u00fcglich anfallender Versandkosten. Die Versandkosten werden in der Rechnung gesondert ausgewiesen. Die H\u00f6he der Versandkosten richtet sich nach der Lieferadresse.<br><br><strong>4.2<\/strong>&nbsp;Die Versandkosten sind in unseren Preisangaben in unserem Online-Shop angegeben. Der Preis einschlie\u00dflich Mehrwertsteuer und die anfallenden Versandkosten werden in der Bestellmaske angezeigt, bevor Sie die Bestellung absenden.<br><br><strong>4.3<\/strong>&nbsp;Wenn Sie Ihre Vertragserkl\u00e4rung wirksam widerrufen, werden wir Ihnen die bereits geleisteten Zahlungen einschlie\u00dflich der Versandkosten f\u00fcr eine Standardlieferung unverz\u00fcglich, sp\u00e4testens binnen 14&nbsp;Tagen ab Zugang der R\u00fccktrittserkl\u00e4rung erstatten. Haben Sie sich ausdr\u00fccklich f\u00fcr eine andere Art der Lieferung als die von uns angebotene g\u00fcnstigste Standardlieferung entschieden, werden Ihnen die dadurch entstandenen Mehrkosten nicht erstattet. Wir k\u00f6nnen die R\u00fcckzahlung verweigern, bis wir die Waren wieder zur\u00fcckerhalten haben oder bis Sie den Nachweis erbracht haben, dass Sie die Waren zur\u00fcckgesandt haben, je nachdem, welches der fr\u00fchere Zeitpunkt ist. Die unmittelbaren Kosten der R\u00fccksendung tragen Sie.<br><br><strong>4.4<\/strong>&nbsp;Zollgeb\u00fchren und -abgaben werden \u00fcblicherweise von den zust\u00e4ndigen Zollbeh\u00f6rden direkt Ihnen als K\u00e4ufer in Rechnung gestellt. F\u00fcr den Fall, dass uns unabh\u00e4ngig aus welchem Grund, Zollgeb\u00fchren oder -abgaben f\u00fcr Bestellungen ins Ausland in Rechnung gestellt werden sollten, haben wir Ihnen als unserem Kunden gegen\u00fcber Anspruch auf Ersatz der Zollgeb\u00fchren und -abgaben.<\/p>\n\n\n\n<h2 class=\"wp-block-heading\" id=\"5-zahlungsmodalitaeten\">5 Zahlungsmodalit\u00e4ten<\/h2>\n\n\n\n<p><strong>5.1<\/strong>&nbsp;Kaufpreis und Versandkosten sind sofort und ohne Abzug f\u00e4llig<br><br><strong>5.2<\/strong>&nbsp;Die Zahlung des Kaufpreises und der Versandkosten erfolgt nach Ihrer Wahl per <strong>Rechnung<\/strong> (POWERPAY), <strong>Kreditkarte<\/strong> (Visa oder Mastercard), <strong>PayPal <\/strong>oder <strong>TWINT<\/strong>. Zahlen Sie mit Kreditkarte, erfolgt die Belastung Ihres Kreditkartenkontos unmittelbar nach Bestellabschluss. Bitte beachten Sie, dass wir Zahlungen lediglich von Konten innerhalb der Schweiz und der Europ\u00e4ischen Union (EU) akzeptieren. In keinem Fall \u00fcbernehmen wir die Kosten einer Geld-Transaktion. <br><br><strong>5.3<\/strong>&nbsp;In Zusammenarbeit mit <strong><a href=\"https:\/\/www.mfgroup.ch\/de\" class=\"ek-link\">MF Group AG<\/a><\/strong> bieten wir die Zahlungsoption auf <strong>Rechnung mit Teilzahlungsoption<\/strong> (POWERPAY) an.<\/p>\n\n\n\n<p>MF Group \/ POWERPAY bietet als externer Zahlungsdienstleister die Zahlungsart \u201cKauf auf Rechnung\u201d an. Mit der Einzelrechnung k\u00f6nnen Sie Ihren Onlineeinkauf einfach per Rechnung begleichen. Sollten Sie auf eine Zahlung im vorgegebenen Zeitrahmen verzichten, erhalten Sie nachtr\u00e4glich im Folgemonat eine Monatsrechnung mit Bestell\u00fcbersicht.<\/p>\n\n\n\n<p>Beim Abschluss des Kaufvertrags \u00fcbernimmt POWERPAY die entstandene Rechnungsforderung und wickelt die entsprechenden Zahlungsmodalit\u00e4ten ab. Bei Kauf auf Rechnung akzeptieren Sie zus\u00e4tzlich zu unseren AGB, die <a href=\"https:\/\/www.powerpay.ch\/de\/agb\" target=\"_blank\" rel=\"noreferrer noopener\">AGB<\/a> von POWERPAY. (<a href=\"http:\/\/powerpay.ch\/de\/agb\" class=\"ek-link\">powerpay.ch\/de\/agb<\/a>)<\/p>\n\n\n\n<p><strong>5.4<\/strong>&nbsp;Sie sind nur dann berechtigt, gegen\u00fcber unseren Forderungen Verrechnung (Aufrechnung mit Gegenforderungen) zu erkl\u00e4ren, wenn Ihre Gegenanspr\u00fcche gerichtlich rechtskr\u00e4ftig festgestellt oder von uns anerkannt oder unbestritten sind. Sie sind zur Verrechnung (Aufrechnung) gegen\u00fcber unseren Forderungen auch berechtigt, wenn Sie M\u00e4ngelr\u00fcgen oder Gegenanspr\u00fcche aus demselben Kaufvertrag geltend machen oder Ihre Gegenanspr\u00fcche in einem sonstigen rechtlichen Zusammenhang mit Ihren Verbindlichkeiten aus demselben Kaufvertrag stehen<\/p>\n\n\n\n<h2 class=\"wp-block-heading\" id=\"6-eigentumsvorbehalt\">6 Eigentumsvorbehalt<\/h2>\n\n\n\n<p>6.1 Die gelieferte Ware bleibt bis zur vollst\u00e4ndigen Bezahlung des Kaufpreises einschlie\u00dflich der Versandkosten in unserem Eigentum<br><br>6.2 Sie sind verpflichtet, die Ware bis zum Eigentums\u00fcbergang auf Sie pfleglich zu behandeln.<\/p>\n\n\n\n<h2 class=\"wp-block-heading\" id=\"7-gewaehrleistung\">7 Gew\u00e4hrleistung<\/h2>\n\n\n\n<p>Liegt ein Mangel vor, stehen Ihnen die Gew\u00e4hrleistungsrechte auf Nacherf\u00fcllung (Verbesserung), Austausch, R\u00fccktritt (Wandlung) und Preisminderung nach den gesetzlichen Bestimmungen zu.<\/p>\n\n\n\n<h2 class=\"wp-block-heading\" id=\"8-urheberrechte\">8 Urheberrechte<\/h2>\n\n\n\n<p>An allen Bildern, Filmen und Texten, die in unserem Online-Shop ver\u00f6ffentlicht werden, bestehen Urheberrechte. Eine Verwendung der Bilder, Filme und Texte, ist ohne unsere ausdr\u00fcckliche Zustimmung nicht gestattet<\/p>\n\n\n\n<h2 class=\"wp-block-heading\" id=\"9-datenschutz\">9 Datenschutz<\/h2>\n\n\n\n<p>Wir verarbeiten Ihre personenbezogenen Daten, die im Rahmen der Abwicklung dieses Vertrages anfallen (z. B. Name, postalische Anschrift, E-Mail-Adresse), unter Einhaltung der einschl\u00e4gigen datenschutzrechtlichen Vorgaben. Wir bem\u00fchen uns nach besten Kr\u00e4ften, um die vertrauliche Behandlung personenbezogener Informationen, die auf der Webseite unseres Online-Shop mitgeteilt werden, zu gew\u00e4hrleisten. Informationen \u00fcber die Datenverarbeitung nach Ma\u00dfgabe der Artikel 13, 14 Datenschutzgrundverordnung (EU) Nr. 2016\/679 sind abrufbar unter&nbsp;<a href=\"https:\/\/www.mysteviasweet.de\/de-de\/datenschutz\">Datenschutz<\/a>. Wir unterhalten geeignete und dem drohenden Risiko angemessene technische und organisatorische Ma\u00dfnahmen zur Gew\u00e4hrleistung der Datensicherheit, insbesondere zum Schutz der personenbezogenen Daten vor unbeabsichtigter oder unrechtm\u00e4\u00dfiger Kenntnisnahme durch Dritte. Wir unterhalten weiter geeignete und dem drohenden Risiko angemessene technische und organisatorische Ma\u00dfnahmen, die darauf ausgelegt sind, die Datenschutzgrunds\u00e4tze wie Datenminimierung sowie Datenschutz durch Technikgestaltung und durch datenschutzfreundliche Voreinstellungen wirksam umzusetzen.<\/p>\n\n\n\n<h2 class=\"wp-block-heading\" id=\"10-schlussbestimmungen\">10&nbsp;Schlussbestimmungen<\/h2>\n\n\n\n<p><strong>10.1&nbsp;<\/strong>Erf\u00fcllungsort f\u00fcr s\u00e4mtliche Lieferungen ist unser Gesch\u00e4ftssitz in Z\u00fcrich.<br><br><strong>10.2<\/strong>&nbsp;Die Geltung des UN-Kaufrechts (Wiener Kaufrecht) ist ausgeschlossen.<br><br><strong>10.3<\/strong>&nbsp;\u00c4nderungen und Erg\u00e4nzungen dieser AGB m\u00fcssen, um Unklarheiten oder Streit \u00fcber den jeweils vereinbarten Vertragsinhalt zu vermeiden, zu ihrer Wirksamkeit schriftlich vereinbart werden.<br><br><strong>10.4<\/strong>&nbsp;Sollten einzelne Bestimmungen dieser AGB unwirksam sein oder den gesetzlichen Regelungen widersprechen, so wird hierdurch der Vertrag im \u00dcbrigen nicht ber\u00fchrt und die \u00fcbrigen Klauseln der vorliegenden AGB bleiben uneingeschr\u00e4nkt in Kraft.<\/p>\n\n\n\n<h2 class=\"wp-block-heading\" id=\"11-widerrufsbelehrung\"><strong>11&nbsp;Widerrufsbelehrung<\/strong><\/h2>\n\n\n\n<p><strong>Widerrufsrecht<\/strong><br>Sie haben das Recht, binnen vierzehn (14) Kalendertagen ohne Angabe von Gr\u00fcnden diesen&nbsp;Vertrag zu widerrufen.<br>Die Widerrufsfrist betr\u00e4gt vierzehn (14) Kalendertage ab dem Tag, an dem Sie oder ein von Ihnen benannter Dritter, der nicht der Bef\u00f6rderer ist, die Waren in Besitz genommen haben bzw. hat.<br>Um Ihr Widerrufsrecht auszu\u00fcben, m\u00fcssen Sie uns (Hermes S\u00fcssstoff AG, Ankerstrasse&nbsp;53, 8004&nbsp;Z\u00fcrich, +41 (0) 44 245 43 42, &#x73;&#x75;&#112;p&#x6f;&#x72;&#116;&#64;m&#x79;&#x73;&#116;e&#x76;&#x69;&#97;&#115;w&#x65;&#x65;&#116;&#46;&#x63;&#x6f;&#109;) mittels einer eindeutigen Erkl\u00e4rung (z.B. ein mit der Post versandter Brief, Telefax oder E-Mail) \u00fcber Ihren Entschluss, diesen Vertrag zu widerrufen, informieren. Sie k\u00f6nnen daf\u00fcr das nachstehend abgebildete Muster-Widerrufsformular verwenden, das jedoch nicht vorgeschrieben ist.<br>Zur Wahrung der Widerrufsfrist reicht es aus, dass Sie die Mitteilung \u00fcber die Aus\u00fcbung des Widerrufsrechts vor Ablauf der Widerrufsfrist absenden.<\/p>\n\n\n\n<p><strong>Folgen des Widerrufs&nbsp;<\/strong><br>Wenn Sie diesen Vertrag widerrufen, haben wir Ihnen alle Zahlungen, die wir von Ihnen erhalten haben, einschlie\u00dflich der Lieferkosten (mit Ausnahme der zus\u00e4tzlichen Kosten, die sich daraus ergeben, dass Sie eine andere Art der Lieferung als die von uns angebotene, g\u00fcnstigste Standardlieferung gew\u00e4hlt haben), unverz\u00fcglich und sp\u00e4testens binnen vierzehn (14) Kalendertagen ab dem Tag zur\u00fcckzuzahlen, an dem die Mitteilung \u00fcber Ihren Widerruf dieses Vertrags bei uns eingegangen ist. F\u00fcr diese R\u00fcckzahlung verwenden wir dasselbe Zahlungsmittel, das Sie bei der urspr\u00fcnglichen Transaktion eingesetzt haben, es sei denn, mit Ihnen wurde ausdr\u00fccklich etwas anderes vereinbart; in keinem Fall werden Ihnen wegen dieser R\u00fcckzahlung Entgelte berechnet.<\/p>\n\n\n\n<p>Wir k\u00f6nnen die R\u00fcckzahlung verweigern, bis wir die Waren wieder zur\u00fcckerhalten haben oder bis Sie den Nachweis erbracht haben, dass Sie die Waren zur\u00fcckgesandt haben, je nachdem, welches der fr\u00fchere Zeitpunkt ist.<\/p>\n\n\n\n<p>Sie haben die Waren unverz\u00fcglich und in jedem Fall sp\u00e4testens binnen vierzehn (14) Kalendertagen ab dem Tag, an dem Sie uns \u00fcber den Widerruf dieses Vertrags unterrichten, an uns zur\u00fcckzusenden oder zu \u00fcbergeben. Die Frist ist gewahrt, wenn Sie die Waren vor Ablauf der Frist von vierzehn (14) Kalendertagen absenden.<\/p>\n\n\n\n<p>Sie tragen die unmittelbaren Kosten der R\u00fccksendung der Waren.<\/p>\n\n\n\n<p>Sie m\u00fcssen f\u00fcr einen etwaigen Wertverlust der Waren nur aufkommen, wenn dieser Wertverlust auf einen zur Pr\u00fcfung der Beschaffenheit, Eigenschaften und Funktionsweise der Waren nicht notwendigen Umgang mit ihnen zur\u00fcckzuf\u00fchren ist.<\/p>\n\n\n\n<p>Sie haben kein R\u00fccktrittsrecht bei Waren, die versiegelt geliefert werden und die aus Gr\u00fcnden des Gesundheitsschutzes oder aus Hygienegr\u00fcnden nicht zur R\u00fcckgabe geeignet sind, falls Sie deren Versiegelung nach der Lieferung entfernt haben.<\/p>\n\n\n\n<p><strong>Muster f\u00fcr das Widerrufsformular<\/strong><\/p>\n\n\n\n<p class=\"has-lightblue-background-color has-background\">(Wenn Sie den Vertrag widerrufen wollen, dann f\u00fcllen Sie bitte dieses Formular aus und senden Sie es zur\u00fcck.)<br><br>An:<br>Hermes S\u00fcssstoff AG<br>Ankerstrasse 53, 8004 Z\u00fcrich<br>&#x73;&#x75;&#112;&#112;o&#x72;&#x74;&#x40;&#109;ys&#x74;&#x65;&#118;&#105;a&#x73;&#x77;&#x65;&#101;t&#46;&#x63;&#x6f;&#109;<br><br>Hiermit widerrufe(n) ich\/wir (<em>) den von mir\/uns (<\/em>) abgeschlossenen Vertrag \u00fcber den Kauf der folgenden Waren<br><br>Bestellt am (<em>)\/erhalten am (<\/em>)<br>Name des\/der Verbraucher(s)<br>Anschrift des\/der Verbraucher(s)<br><br>Datum<br><br>Unterschrift des\/der Verbraucher(s)<br>(nur bei Mitteilung auf Papier)<br><br>(*) Unzutreffendes streichen.<\/p>\n\n\n\n<div style=\"height:100px\" aria-hidden=\"true\" class=\"wp-block-spacer\"><\/div>\n","protected":false},"excerpt":{"rendered":"<p>1 Allgemeines 1.1\u00a0Diese Allgemeinen Verkaufsbedingungen (\u201eAGB\u201c) gelten f\u00fcr alle \u00fcber unseren Online-Shop (http:\/\/dev.modularte.de\/STEVIASWEET-WP) geschlossenen Vertr\u00e4ge zwischen uns, der Hermes S\u00fcssstoff AGAnkerstrasse 538004 Z\u00fcrichSchweiz Gesch\u00e4ftsf\u00fchrer: Rimann RolandHandelsregister: Kanton Z\u00fcrichFirmennummer \/ UID: CH-102.383.540 und Ihnen als unseren Kunden, wenn deren Geltung vereinbart ist. 1.2&nbsp;Die AGB gelten ausschlie\u00dflich f\u00fcr Vertr\u00e4ge mit Privatkunden (Verbrauchern), deren Gegenstand die Lieferung an [&hellip;]<\/p>\n","protected":false},"author":1,"featured_media":0,"parent":0,"menu_order":15,"comment_status":"closed","ping_status":"closed","template":"","meta":{"_acf_changed":false,"inline_featured_image":false,"kia_subtitle":"","editor_notices":[],"footnotes":""},"tags":[],"class_list":["post-45","page","type-page","status-publish","hentry"],"acf":[],"publishpress_future_action":{"enabled":false,"date":"2026-05-16 00:50:34","action":"change-status","newStatus":"draft","terms":[],"taxonomy":"post_tag","extraData":[]},"publishpress_future_workflow_manual_trigger":{"enabledWorkflows":[]},"_links":{"self":[{"href":"http:\/\/dev.modularte.de\/STEVIASWEET-WP\/wp-json\/wp\/v2\/pages\/45","targetHints":{"allow":["GET"]}}],"collection":[{"href":"http:\/\/dev.modularte.de\/STEVIASWEET-WP\/wp-json\/wp\/v2\/pages"}],"about":[{"href":"http:\/\/dev.modularte.de\/STEVIASWEET-WP\/wp-json\/wp\/v2\/types\/page"}],"author":[{"embeddable":true,"href":"http:\/\/dev.modularte.de\/STEVIASWEET-WP\/wp-json\/wp\/v2\/users\/1"}],"replies":[{"embeddable":true,"href":"http:\/\/dev.modularte.de\/STEVIASWEET-WP\/wp-json\/wp\/v2\/comments?post=45"}],"version-history":[{"count":0,"href":"http:\/\/dev.modularte.de\/STEVIASWEET-WP\/wp-json\/wp\/v2\/pages\/45\/revisions"}],"wp:attachment":[{"href":"http:\/\/dev.modularte.de\/STEVIASWEET-WP\/wp-json\/wp\/v2\/media?parent=45"}],"wp:term":[{"taxonomy":"post_tag","embeddable":true,"href":"http:\/\/dev.modularte.de\/STEVIASWEET-WP\/wp-json\/wp\/v2\/tags?post=45"}],"curies":[{"name":"wp","href":"https:\/\/api.w.org\/{rel}","templated":true}]}}