{"id":34907,"date":"2024-06-03T16:33:19","date_gmt":"2024-06-03T14:33:19","guid":{"rendered":"http:\/\/dev.modularte.de\/STEVIASWEET-WP\/?post_type=product&#038;p=34907"},"modified":"2024-06-03T16:36:28","modified_gmt":"2024-06-03T14:36:28","slug":"toutes-sortes-doursons-gommeux-sans-sucre","status":"publish","type":"product","link":"http:\/\/dev.modularte.de\/STEVIASWEET-WP\/fr\/produit\/toutes-sortes-doursons-gommeux-sans-sucre\/","title":{"rendered":"Toutes sortes d&#8217;oursons gommeux sans sucre"},"content":{"rendered":"<p>Le quatuor ultime pour vos instants snacking : Notre pack d&#8217;\u00e9chantillons regroupe toute la gamme de oursons gommeux, tous sucr\u00e9s avec la douceur magique de la st\u00e9via. Cette compilation est un r\u00eave devenu r\u00e9alit\u00e9 pour tous ceux qui veulent en profiter consciemment sans avoir \u00e0 renoncer \u00e0 la douce s\u00e9duction.<\/p>\n<p>Les ar\u00f4mes et couleurs naturels garantissent une explosion des sens gustatifs, tandis que la Stevia ajoute une touche de douceur sans une miette de sucre en vue. Parfait \u00e0 partager avec votre personne pr\u00e9f\u00e9r\u00e9e, pour des soir\u00e9es agr\u00e9ables en t\u00eate-\u00e0-t\u00eate ou comme surprise douce et respectueuse des dents pour les plus petits.<\/p>\n<p>Et ne vous inqui\u00e9tez pas si vous ne voulez pas grignoter tout en m\u00eame temps (m\u00eame si nous parions que ce sera difficile !), les paquets sont dot\u00e9s d&#8217;une fermeture \u00e9clair pratique pour que vous puissiez garder vos oursons frais et d\u00e9licieux \u00e0 chaque fois que vous en avez envie. quelque chose de doux vous frappe.<\/p>\n<p>Avec notre pack d&#8217;essai, vous n&#8217;avez plus \u00e0 faire de compromis. Ouvrez votre c\u0153ur et vos papilles pour doubler le plaisir \u2013 totalement sans sucre et plein d&#8217;amour. Bravo \u00e0 la douce symphonie de la sant\u00e9 et du bonheur !<\/p>\n<p>&nbsp;<\/p>\n<p>Conservation:<br \/>\nConserver \u00e0 l\u2019abri de la chaleur, dans un endroit sec et inodore.<\/p>\n<p>Pays de production :<br \/>\nBelgique<\/p>\n","protected":false},"excerpt":{"rendered":"<p>Contenu<br \/>\n2 x 250 g<br \/>\n2 x 100 g<\/p>\n","protected":false},"featured_media":32725,"template":"","meta":{"_acf_changed":false,"inline_featured_image":false,"kia_subtitle":"Oursons, c\u0153urs v\u00e9g\u00e9taliens, bouteilles de Cola, fraises gommeuse v\u00e9g\u00e9taliens"},"product_brand":[],"product_cat":[318,313,320],"product_tag":[115,111,108,109,110,118,117],"class_list":{"0":"post-34907","1":"product","2":"type-product","3":"status-publish","4":"has-post-thumbnail","6":"productbadges-nouveau","7":"product_cat-paquet-pour-gouter","8":"product_cat-promotion","9":"product_cat-sucrerie-sans-sucre","10":"product_tag-faible-en-glucides","11":"product_tag-sans-colorants","12":"product_tag-sans-fructose","13":"product_tag-sans-gluten","14":"product_tag-sans-lactose","15":"product_tag-sans-sucre","16":"product_tag-sans-sucres-ajoutes","18":"first","19":"instock","20":"sale","21":"taxable","22":"shipping-taxable","23":"purchasable","24":"product-type-bundle"},"bundled_by":[],"bundle_stock_status":"instock","bundle_stock_quantity":469,"bundle_virtual":false,"bundle_layout":"default","bundle_add_to_cart_form_location":"default","bundle_editable_in_cart":false,"bundle_sold_individually_context":"product","bundle_item_grouping":"parent","bundle_min_size":"","bundle_max_size":"","bundle_price":{"price":{"min":{"incl_tax":"15.9","excl_tax":"15.5"},"max":{"incl_tax":"15.9","excl_tax":"15.5"}},"regular_price":{"min":{"incl_tax":"19.7","excl_tax":"19.2"},"max":{"incl_tax":"19.7","excl_tax":"19.2"}}},"bundled_items":[{"bundled_item_id":568,"product_id":2304,"menu_order":0,"quantity_min":1,"quantity_max":1,"quantity_default":1,"priced_individually":true,"shipped_individually":false,"override_title":false,"title":"Oursons en gomme sans sucre","override_description":false,"description":"Oursons en gomme sans sucre","optional":false,"hide_thumbnail":false,"discount":"19.29","override_variations":false,"allowed_variations":[""],"override_default_variation_attributes":false,"default_variation_attributes":[],"single_product_visibility":"hidden","cart_visibility":"hidden","order_visibility":"visible","single_product_price_visibility":"hidden","cart_price_visibility":"hidden","order_price_visibility":"hidden","stock_status":"in_stock"},{"bundled_item_id":569,"product_id":2305,"menu_order":1,"quantity_min":1,"quantity_max":1,"quantity_default":1,"priced_individually":true,"shipped_individually":false,"override_title":false,"title":"C\u0153urs en gomme sans sucre &amp; v\u00e9g\u00e9taliens","override_description":false,"description":"C\u0153urs en gomme sans sucre &amp; v\u00e9g\u00e9taliens","optional":false,"hide_thumbnail":false,"discount":"19.29","override_variations":false,"allowed_variations":[""],"override_default_variation_attributes":false,"default_variation_attributes":[],"single_product_visibility":"hidden","cart_visibility":"hidden","order_visibility":"visible","single_product_price_visibility":"hidden","cart_price_visibility":"hidden","order_price_visibility":"hidden","stock_status":"in_stock"},{"bundled_item_id":570,"product_id":32374,"menu_order":2,"quantity_min":1,"quantity_max":1,"quantity_default":1,"priced_individually":true,"shipped_individually":false,"override_title":false,"title":"Gomme paquet &#8211; Bouteilles de Cola sans sucre","override_description":false,"description":"Gomme paquet &#8211; Bouteilles de Cola sans sucre","optional":false,"hide_thumbnail":false,"discount":"19.29","override_variations":false,"allowed_variations":[""],"override_default_variation_attributes":false,"default_variation_attributes":[],"single_product_visibility":"hidden","cart_visibility":"hidden","order_visibility":"visible","single_product_price_visibility":"hidden","cart_price_visibility":"hidden","order_price_visibility":"hidden","stock_status":"in_stock"},{"bundled_item_id":571,"product_id":32378,"menu_order":3,"quantity_min":1,"quantity_max":1,"quantity_default":1,"priced_individually":true,"shipped_individually":false,"override_title":false,"title":"Fraises gommeuses sans sucre &amp; v\u00e9g\u00e9taliennes","override_description":false,"description":"Fraises gommeuses sans sucre &amp; v\u00e9g\u00e9taliennes","optional":false,"hide_thumbnail":false,"discount":"19.29","override_variations":false,"allowed_variations":[""],"override_default_variation_attributes":false,"default_variation_attributes":[],"single_product_visibility":"hidden","cart_visibility":"hidden","order_visibility":"visible","single_product_price_visibility":"hidden","cart_price_visibility":"hidden","order_price_visibility":"hidden","stock_status":"in_stock"}],"bundle_sell_ids":[],"acf":[],"publishpress_future_action":{"enabled":false,"date":"2026-04-12 19:02:42","action":"change-status","newStatus":"draft","terms":[],"taxonomy":"product_cat","extraData":[]},"publishpress_future_workflow_manual_trigger":{"enabledWorkflows":[]},"_links":{"self":[{"href":"http:\/\/dev.modularte.de\/STEVIASWEET-WP\/fr\/wp-json\/wp\/v2\/product\/34907","targetHints":{"allow":["GET"]}}],"collection":[{"href":"http:\/\/dev.modularte.de\/STEVIASWEET-WP\/fr\/wp-json\/wp\/v2\/product"}],"about":[{"href":"http:\/\/dev.modularte.de\/STEVIASWEET-WP\/fr\/wp-json\/wp\/v2\/types\/product"}],"wp:featuredmedia":[{"embeddable":true,"href":"http:\/\/dev.modularte.de\/STEVIASWEET-WP\/fr\/wp-json\/wp\/v2\/media\/32725"}],"wp:attachment":[{"href":"http:\/\/dev.modularte.de\/STEVIASWEET-WP\/fr\/wp-json\/wp\/v2\/media?parent=34907"}],"wp:term":[{"taxonomy":"product_brand","embeddable":true,"href":"http:\/\/dev.modularte.de\/STEVIASWEET-WP\/fr\/wp-json\/wp\/v2\/product_brand?post=34907"},{"taxonomy":"product_cat","embeddable":true,"href":"http:\/\/dev.modularte.de\/STEVIASWEET-WP\/fr\/wp-json\/wp\/v2\/product_cat?post=34907"},{"taxonomy":"product_tag","embeddable":true,"href":"http:\/\/dev.modularte.de\/STEVIASWEET-WP\/fr\/wp-json\/wp\/v2\/product_tag?post=34907"}],"curies":[{"name":"wp","href":"https:\/\/api.w.org\/{rel}","templated":true}]}}