{"id":32728,"date":"2024-04-24T12:19:17","date_gmt":"2024-04-24T10:19:17","guid":{"rendered":"http:\/\/dev.modularte.de\/STEVIASWEET-WP\/?post_type=product&#038;p=32728"},"modified":"2024-08-25T20:51:22","modified_gmt":"2024-08-25T18:51:22","slug":"nibs-de-chocolat-noir-framboises-sans-sucre-ajoute","status":"publish","type":"product","link":"http:\/\/dev.modularte.de\/STEVIASWEET-WP\/fr\/produit\/nibs-de-chocolat-noir-framboises-sans-sucre-ajoute\/","title":{"rendered":"Nibs de chocolat noir framboises sans sucre ajout\u00e9"},"content":{"rendered":"<p>La pure s\u00e9duction se cache dans chaque plume : des framboises lyophilis\u00e9es enrob\u00e9es de chocolat noir fin &#8211; et le tout sans sucre ajout\u00e9 !<\/p>\n<p>Ces friandises paradisiaques ne sont pas seulement v\u00e9g\u00e9taliennes, mais changent \u00e9galement la donne pour ceux qui aiment le sucr\u00e9. La fra\u00eecheur fruit\u00e9e des framboises s&#8217;associe parfaitement au chocolat noir, pour une exp\u00e9rience gustative sans \u00e9gal. Et le meilleur ? Ils sont naturellement sucr\u00e9s \u00e0 la st\u00e9via pour une douce tentation sans aucun regret !<\/p>\n<p>Savourez chaque bouch\u00e9e de ces d\u00e9lices et d\u00e9couvrez le snack parfait \u00e0 partager entre amis ou simplement pour vous-m\u00eame. Et gr\u00e2ce \u00e0 l&#8217;emballage refermable avec fermeture \u00e9clair, vous avez toujours votre friandise pr\u00e9f\u00e9r\u00e9e \u00e0 port\u00e9e de main, o\u00f9 que vous soyez.<\/p>\n<p>Alors offrez-vous une pause dans le quotidien et laissez-vous s\u00e9duire par nos \u00e9clats de chocolat noir aux framboises, un moment de plaisir qui vous enchantera \u00e0 coup s\u00fbr !<\/p>\n<p>&nbsp;<\/p>\n<p>Conservation:<br \/>\nConserver \u00e0 l\u2019abri de la chaleur, dans un endroit sec et inodore.<\/p>\n<p>Pays de production :<br \/>\nLituanie<\/p>\n","protected":false},"excerpt":{"rendered":"<p>Contenu<br \/>\n80 g<\/p>\n","protected":false},"featured_media":32729,"template":"","meta":{"_acf_changed":false,"inline_featured_image":false,"kia_subtitle":""},"product_brand":[],"product_cat":[320],"product_tag":[115,111,109,110,117,114,113],"class_list":{"0":"post-32728","1":"product","2":"type-product","3":"status-publish","4":"has-post-thumbnail","6":"productbadges-nouveau","7":"product_cat-sucrerie-sans-sucre","8":"product_tag-faible-en-glucides","9":"product_tag-sans-colorants","10":"product_tag-sans-gluten","11":"product_tag-sans-lactose","12":"product_tag-sans-sucres-ajoutes","13":"product_tag-vegan","14":"product_tag-vegetarien","16":"first","17":"instock","18":"taxable","19":"shipping-taxable","20":"purchasable","21":"product-type-simple"},"bundled_by":["2323","24476"],"bundle_stock_status":"instock","bundle_stock_quantity":2478,"bundle_virtual":false,"bundle_layout":"","bundle_add_to_cart_form_location":"","bundle_editable_in_cart":false,"bundle_sold_individually_context":"","bundle_item_grouping":"","bundle_min_size":"","bundle_max_size":"","bundle_price":[],"bundled_items":[],"bundle_sell_ids":[],"acf":[],"publishpress_future_action":{"enabled":false,"date":"2026-04-12 18:50:50","action":"change-status","newStatus":"draft","terms":[],"taxonomy":"product_cat","extraData":[]},"publishpress_future_workflow_manual_trigger":{"enabledWorkflows":[]},"_links":{"self":[{"href":"http:\/\/dev.modularte.de\/STEVIASWEET-WP\/fr\/wp-json\/wp\/v2\/product\/32728","targetHints":{"allow":["GET"]}}],"collection":[{"href":"http:\/\/dev.modularte.de\/STEVIASWEET-WP\/fr\/wp-json\/wp\/v2\/product"}],"about":[{"href":"http:\/\/dev.modularte.de\/STEVIASWEET-WP\/fr\/wp-json\/wp\/v2\/types\/product"}],"wp:featuredmedia":[{"embeddable":true,"href":"http:\/\/dev.modularte.de\/STEVIASWEET-WP\/fr\/wp-json\/wp\/v2\/media\/32729"}],"wp:attachment":[{"href":"http:\/\/dev.modularte.de\/STEVIASWEET-WP\/fr\/wp-json\/wp\/v2\/media?parent=32728"}],"wp:term":[{"taxonomy":"product_brand","embeddable":true,"href":"http:\/\/dev.modularte.de\/STEVIASWEET-WP\/fr\/wp-json\/wp\/v2\/product_brand?post=32728"},{"taxonomy":"product_cat","embeddable":true,"href":"http:\/\/dev.modularte.de\/STEVIASWEET-WP\/fr\/wp-json\/wp\/v2\/product_cat?post=32728"},{"taxonomy":"product_tag","embeddable":true,"href":"http:\/\/dev.modularte.de\/STEVIASWEET-WP\/fr\/wp-json\/wp\/v2\/product_tag?post=32728"}],"curies":[{"name":"wp","href":"https:\/\/api.w.org\/{rel}","templated":true}]}}