{"id":32689,"date":"2024-04-22T13:03:53","date_gmt":"2024-04-22T11:03:53","guid":{"rendered":"http:\/\/dev.modularte.de\/STEVIASWEET-WP\/produkt\/kleine-gummibaerchen-probier-pack-ohne-zucker\/"},"modified":"2024-04-23T13:16:50","modified_gmt":"2024-04-23T11:16:50","slug":"petit-paquet-doursons-gelifies-sans-sucre","status":"publish","type":"product","link":"http:\/\/dev.modularte.de\/STEVIASWEET-WP\/fr\/produit\/petit-paquet-doursons-gelifies-sans-sucre\/","title":{"rendered":"Petit paquet d&#8217;oursons g\u00e9lifi\u00e9s sans sucre"},"content":{"rendered":"<p>Plonge dans le monde du plaisir ultime de la gourmandise avec notre irr\u00e9sistible paquet combin\u00e9 : bouteilles de Cola Oursons g\u00e9lifi\u00e9s et fraises Oursons g\u00e9lifi\u00e9s !<\/p>\n<p>Rejoins la r\u00e9volution du sucre et d\u00e9couvre le go\u00fbt intense du cola de nos tout nouveaux oursons g\u00e9lifi\u00e9s en bouteille Cola &#8211; la r\u00e9ponse \u00e0 tous ceux qui se moquent du sucre, mais qui ne veulent pas renoncer au d\u00e9licieux go\u00fbt du cola ! Ces oursons g\u00e9lifi\u00e9s sans sucre sont de v\u00e9ritables rebelles au sucre, qui \u00e9conomisent l&#8217;ajout ind\u00e9sirable de sucre tout en offrant un plein coup de fouet Cola. Une v\u00e9ritable f\u00eate dans ta bouche, sans la gueule de bois au sucre qui suit !<\/p>\n<p>Mais ce n&#8217;est pas tout ! Pr\u00e9pare-toi \u00e0 une r\u00e9volution fruit\u00e9e avec nos toutes nouvelles fraises oursons g\u00e9lifi\u00e9s v\u00e9g\u00e9taliens &#8211; la r\u00e9ponse parfaite pour tous ceux qui veulent renoncer au sucre, mais pas au go\u00fbt sucr\u00e9 des oursons g\u00e9lifi\u00e9s ! Ces fraises fruit\u00e9es et sucr\u00e9es sont le snack id\u00e9al pour les petits creux et les superstars de toutes les f\u00eates gourmandes. Partage-les avec tes proches ou d\u00e9guste-les pour toi tout seul &#8211; ces oursons g\u00e9lifi\u00e9s sont pour tout le monde !<\/p>\n<p>Et le meilleur ? Les deux vari\u00e9t\u00e9s sont si douces pour les dents que m\u00eame ton dentiste en claquerait des mains de plaisir ! Avec 100 g pratiques par paquet, ils sont ton compagnon imbattable tout au long de la journ\u00e9e. Et gr\u00e2ce \u00e0 la fermeture \u00e0 glissi\u00e8re pratique, tu peux facilement refermer le paquet si tu ne veux pas tout manger en une seule fois.<\/p>\n<p>Alors qu&#8217;est-ce que tu attends encore ? Obtiens d\u00e8s maintenant le plaisir ultime de grignoter sans culpabilit\u00e9 sucr\u00e9e !<\/p>\n<p>Stockage :<br \/>\nConserver \u00e0 l&#8217;abri de la chaleur, au sec et sans odeur.<\/p>\n<p>Pays de production :<br \/>\nBelgique<\/p>\n","protected":false},"excerpt":{"rendered":"<p>Contenu<br \/>\n2 x 100 g<\/p>\n","protected":false},"featured_media":32690,"template":"","meta":{"_acf_changed":false,"inline_featured_image":false,"kia_subtitle":"Bouteilles de cola &amp; fraises v\u00e9g\u00e9taliennes"},"product_brand":[],"product_cat":[318,313,320],"product_tag":[115,108,109,110,118,117],"class_list":{"0":"post-32689","1":"product","2":"type-product","3":"status-publish","4":"has-post-thumbnail","6":"productbadges-nouveau","7":"productbadges-paquet-pour-gouter","8":"product_cat-paquet-pour-gouter","9":"product_cat-promotion","10":"product_cat-sucrerie-sans-sucre","11":"product_tag-faible-en-glucides","12":"product_tag-sans-fructose","13":"product_tag-sans-gluten","14":"product_tag-sans-lactose","15":"product_tag-sans-sucre","16":"product_tag-sans-sucres-ajoutes","18":"first","19":"instock","20":"sale","21":"taxable","22":"shipping-taxable","23":"purchasable","24":"product-type-bundle"},"bundled_by":[],"bundle_stock_status":"instock","bundle_stock_quantity":1667,"bundle_virtual":false,"bundle_layout":"default","bundle_add_to_cart_form_location":"default","bundle_editable_in_cart":false,"bundle_sold_individually_context":"product","bundle_item_grouping":"parent","bundle_min_size":"","bundle_max_size":"","bundle_price":{"price":{"min":{"incl_tax":"6.9","excl_tax":"6.72"},"max":{"incl_tax":"6.9","excl_tax":"6.72"}},"regular_price":{"min":{"incl_tax":"7.9","excl_tax":"7.7"},"max":{"incl_tax":"7.9","excl_tax":"7.7"}}},"bundled_items":[{"bundled_item_id":492,"product_id":32374,"menu_order":0,"quantity_min":1,"quantity_max":1,"quantity_default":1,"priced_individually":true,"shipped_individually":false,"override_title":false,"title":"Gomme paquet &#8211; Bouteilles de Cola sans sucre","override_description":false,"description":"Gomme paquet &#8211; Bouteilles de Cola sans sucre","optional":false,"hide_thumbnail":false,"discount":"12.659","override_variations":false,"allowed_variations":[""],"override_default_variation_attributes":false,"default_variation_attributes":[],"single_product_visibility":"hidden","cart_visibility":"hidden","order_visibility":"visible","single_product_price_visibility":"hidden","cart_price_visibility":"hidden","order_price_visibility":"hidden","stock_status":"in_stock"},{"bundled_item_id":493,"product_id":32378,"menu_order":1,"quantity_min":1,"quantity_max":1,"quantity_default":1,"priced_individually":true,"shipped_individually":false,"override_title":false,"title":"Fraises gommeuses sans sucre &amp; v\u00e9g\u00e9taliennes","override_description":false,"description":"Fraises gommeuses sans sucre &amp; v\u00e9g\u00e9taliennes","optional":false,"hide_thumbnail":false,"discount":"12.659","override_variations":false,"allowed_variations":[""],"override_default_variation_attributes":false,"default_variation_attributes":[],"single_product_visibility":"hidden","cart_visibility":"hidden","order_visibility":"visible","single_product_price_visibility":"hidden","cart_price_visibility":"hidden","order_price_visibility":"hidden","stock_status":"in_stock"}],"bundle_sell_ids":[],"acf":[],"publishpress_future_action":{"enabled":false,"date":"2026-04-12 19:02:14","action":"change-status","newStatus":"draft","terms":[],"taxonomy":"product_cat","extraData":[]},"publishpress_future_workflow_manual_trigger":{"enabledWorkflows":[]},"_links":{"self":[{"href":"http:\/\/dev.modularte.de\/STEVIASWEET-WP\/fr\/wp-json\/wp\/v2\/product\/32689","targetHints":{"allow":["GET"]}}],"collection":[{"href":"http:\/\/dev.modularte.de\/STEVIASWEET-WP\/fr\/wp-json\/wp\/v2\/product"}],"about":[{"href":"http:\/\/dev.modularte.de\/STEVIASWEET-WP\/fr\/wp-json\/wp\/v2\/types\/product"}],"wp:featuredmedia":[{"embeddable":true,"href":"http:\/\/dev.modularte.de\/STEVIASWEET-WP\/fr\/wp-json\/wp\/v2\/media\/32690"}],"wp:attachment":[{"href":"http:\/\/dev.modularte.de\/STEVIASWEET-WP\/fr\/wp-json\/wp\/v2\/media?parent=32689"}],"wp:term":[{"taxonomy":"product_brand","embeddable":true,"href":"http:\/\/dev.modularte.de\/STEVIASWEET-WP\/fr\/wp-json\/wp\/v2\/product_brand?post=32689"},{"taxonomy":"product_cat","embeddable":true,"href":"http:\/\/dev.modularte.de\/STEVIASWEET-WP\/fr\/wp-json\/wp\/v2\/product_cat?post=32689"},{"taxonomy":"product_tag","embeddable":true,"href":"http:\/\/dev.modularte.de\/STEVIASWEET-WP\/fr\/wp-json\/wp\/v2\/product_tag?post=32689"}],"curies":[{"name":"wp","href":"https:\/\/api.w.org\/{rel}","templated":true}]}}