{"id":32378,"date":"2024-04-08T07:57:39","date_gmt":"2024-04-08T05:57:39","guid":{"rendered":"http:\/\/dev.modularte.de\/STEVIASWEET-WP\/?post_type=product&#038;p=32378"},"modified":"2024-08-25T20:51:22","modified_gmt":"2024-08-25T18:51:22","slug":"fraises-gommeuses-vegetaliennes-sans-sucre","status":"publish","type":"product","link":"http:\/\/dev.modularte.de\/STEVIASWEET-WP\/fr\/produit\/fraises-gommeuses-vegetaliennes-sans-sucre\/","title":{"rendered":"Fraises gommeuses sans sucre &amp; v\u00e9g\u00e9taliennes"},"content":{"rendered":"<p>Cela ressemble \u00e0 une r\u00e9volution fruit\u00e9e ! Roulement de tambour pour nos toutes nouvelles fraises gommeuses v\u00e9g\u00e9taliennes &#8211; la r\u00e9ponse parfaite pour tous ceux qui veulent renoncer au sucre mais pas au go\u00fbt sucr\u00e9 des oursons gommeux !<\/p>\n<p>Les fraises fruit\u00e9es et sucr\u00e9es ne sont pas seulement l&#8217;en-cas parfait, mais aussi les superstars de chaque snacking. Partagez-les avec vos amis, votre famille ou faites-vous simplement plaisir : ces bonbons sont pour tout le monde ! Et ils sont si doux pour vos dents que vous pouvez vivre votre gourmandise sans culpabiliser.<\/p>\n<p>Avec un paquet pratique de 100 g par paquet, ces bonbons g\u00e9lifi\u00e9s aux fruits sont votre compagnon imbattable tout au long de la journ\u00e9e. Et si vous ne voulez pas tout manger d&#8217;un coup, vous pouvez facilement refermer le paquet gr\u00e2ce \u00e0 la fermeture \u00e9clair. Pratique, d\u00e9licieux et v\u00e9g\u00e9talien \u00e0 la fois \u2013 cela rend le snacking amusant ! Obtenez d\u00e8s maintenant l&#8217;incomparable coup de fraise, sans sucre et sans secrets d&#8217;animaux &#8211; bravo au plaisir berrylicious !<\/p>\n<p>&nbsp;<\/p>\n<p>Stockage:<br \/>\nA conserver \u00e0 l&#8217;abri de la chaleur, au sec et sans odeur<\/p>\n<p>Pays de production\u00a0:<br \/>\nBelgique<\/p>\n","protected":false},"excerpt":{"rendered":"<p>Contenu<br \/>\n100 g<\/p>\n","protected":false},"featured_media":32379,"template":"","meta":{"_acf_changed":false,"inline_featured_image":false,"kia_subtitle":""},"product_brand":[],"product_cat":[320],"product_tag":[115,108,109,110,118,117,114,113],"class_list":{"0":"post-32378","1":"product","2":"type-product","3":"status-publish","4":"has-post-thumbnail","6":"productbadges-nouveau","7":"product_cat-sucrerie-sans-sucre","8":"product_tag-faible-en-glucides","9":"product_tag-sans-fructose","10":"product_tag-sans-gluten","11":"product_tag-sans-lactose","12":"product_tag-sans-sucre","13":"product_tag-sans-sucres-ajoutes","14":"product_tag-vegan","15":"product_tag-vegetarien","17":"first","18":"instock","19":"taxable","20":"shipping-taxable","21":"purchasable","22":"product-type-simple"},"bundled_by":["32689","32718","34907"],"bundle_stock_status":"instock","bundle_stock_quantity":1668,"bundle_virtual":false,"bundle_layout":"","bundle_add_to_cart_form_location":"","bundle_editable_in_cart":false,"bundle_sold_individually_context":"","bundle_item_grouping":"","bundle_min_size":"","bundle_max_size":"","bundle_price":[],"bundled_items":[],"bundle_sell_ids":[],"acf":[],"publishpress_future_action":{"enabled":false,"date":"2026-04-13 18:29:15","action":"change-status","newStatus":"draft","terms":[],"taxonomy":"product_cat","extraData":[]},"publishpress_future_workflow_manual_trigger":{"enabledWorkflows":[]},"_links":{"self":[{"href":"http:\/\/dev.modularte.de\/STEVIASWEET-WP\/fr\/wp-json\/wp\/v2\/product\/32378","targetHints":{"allow":["GET"]}}],"collection":[{"href":"http:\/\/dev.modularte.de\/STEVIASWEET-WP\/fr\/wp-json\/wp\/v2\/product"}],"about":[{"href":"http:\/\/dev.modularte.de\/STEVIASWEET-WP\/fr\/wp-json\/wp\/v2\/types\/product"}],"wp:featuredmedia":[{"embeddable":true,"href":"http:\/\/dev.modularte.de\/STEVIASWEET-WP\/fr\/wp-json\/wp\/v2\/media\/32379"}],"wp:attachment":[{"href":"http:\/\/dev.modularte.de\/STEVIASWEET-WP\/fr\/wp-json\/wp\/v2\/media?parent=32378"}],"wp:term":[{"taxonomy":"product_brand","embeddable":true,"href":"http:\/\/dev.modularte.de\/STEVIASWEET-WP\/fr\/wp-json\/wp\/v2\/product_brand?post=32378"},{"taxonomy":"product_cat","embeddable":true,"href":"http:\/\/dev.modularte.de\/STEVIASWEET-WP\/fr\/wp-json\/wp\/v2\/product_cat?post=32378"},{"taxonomy":"product_tag","embeddable":true,"href":"http:\/\/dev.modularte.de\/STEVIASWEET-WP\/fr\/wp-json\/wp\/v2\/product_tag?post=32378"}],"curies":[{"name":"wp","href":"https:\/\/api.w.org\/{rel}","templated":true}]}}