{"id":32374,"date":"2024-04-08T07:57:05","date_gmt":"2024-04-08T05:57:05","guid":{"rendered":"http:\/\/dev.modularte.de\/STEVIASWEET-WP\/?post_type=product&#038;p=32374"},"modified":"2024-08-25T20:51:22","modified_gmt":"2024-08-25T18:51:22","slug":"gomme-paquet-bouteilles-de-cola-sans-sucre","status":"publish","type":"product","link":"http:\/\/dev.modularte.de\/STEVIASWEET-WP\/fr\/produit\/gomme-paquet-bouteilles-de-cola-sans-sucre\/","title":{"rendered":"Gomme paquet &#8211; Bouteilles de Cola sans sucre"},"content":{"rendered":"<p>Voici nos tout nouveaux et d\u00e9licieux oursons en gomme en bouteille Cola &#8211; la r\u00e9ponse ultime pour tous ceux qui se moquent du sucre, mais qui ne veulent pas renoncer au d\u00e9licieux go\u00fbt du cola !<\/p>\n<p>Ces oursons g\u00e9lifi\u00e9s sont de v\u00e9ritables rebelles du sucre, qui ont fait l&#8217;\u00e9conomie de l&#8217;ajout ind\u00e9sirable de sucre, mais qui apportent un go\u00fbt de cola d&#8217;autant plus intense. Une f\u00eate dans ta bouche, sans la gueule de bois au sucre qui suit !<\/p>\n<p>Les bouteilles de Coca fruit\u00e9es et sucr\u00e9es ne sont pas seulement le snack parfait pour les petits creux, elles sont aussi les stars secr\u00e8tes de toutes les f\u00eates gourmandes. Partage-les avec tes amis, ta famille ou cache-les des regards indiscrets &#8211; c&#8217;est toi qui d\u00e9cides ! Et ne t&#8217;inqui\u00e8te pas, ils sont si doux pour les dents que m\u00eame ton dentiste en claquerait des mains de plaisir.<\/p>\n<p>Avec 100 g pratiques par paquet, ces gommes aux fruits sont ton compagnon imbattable. Et si tu ne veux pas tout manger en une seule fois, tu peux refermer l&#8217;emballage tr\u00e8s facilement gr\u00e2ce \u00e0 la fermeture \u00e0 glissi\u00e8re. Pratique et d\u00e9licieux &#8211; c&#8217;est le plaisir de la gourmandise ! Procure-toi d\u00e8s maintenant l&#8217;incomparable coup de fouet au cola sans culpabilit\u00e9 sucr\u00e9e &#8211; cheers to sugar-free fun !<\/p>\n<p>&nbsp;<\/p>\n<p>Stockage :<br \/>\nConserver \u00e0 l&#8217;abri de la chaleur, au sec et sans odeur.<\/p>\n<p>Pays de production :<br \/>\nBelgique<\/p>\n","protected":false},"excerpt":{"rendered":"<p>Contenu<br \/>\n100 g<\/p>\n","protected":false},"featured_media":32375,"template":"","meta":{"_acf_changed":false,"inline_featured_image":false,"kia_subtitle":""},"product_brand":[],"product_cat":[320],"product_tag":[115,108,109,110,118,117],"class_list":{"0":"post-32374","1":"product","2":"type-product","3":"status-publish","4":"has-post-thumbnail","6":"product_cat-sucrerie-sans-sucre","7":"product_tag-faible-en-glucides","8":"product_tag-sans-fructose","9":"product_tag-sans-gluten","10":"product_tag-sans-lactose","11":"product_tag-sans-sucre","12":"product_tag-sans-sucres-ajoutes","14":"first","15":"instock","16":"taxable","17":"shipping-taxable","18":"purchasable","19":"product-type-simple"},"bundled_by":["32689","32718","34907"],"bundle_stock_status":"instock","bundle_stock_quantity":1538,"bundle_virtual":false,"bundle_layout":"","bundle_add_to_cart_form_location":"","bundle_editable_in_cart":false,"bundle_sold_individually_context":"","bundle_item_grouping":"","bundle_min_size":"","bundle_max_size":"","bundle_price":[],"bundled_items":[],"bundle_sell_ids":[],"acf":[],"publishpress_future_action":{"enabled":false,"date":"2026-04-13 06:18:03","action":"change-status","newStatus":"draft","terms":[],"taxonomy":"product_cat","extraData":[]},"publishpress_future_workflow_manual_trigger":{"enabledWorkflows":[]},"_links":{"self":[{"href":"http:\/\/dev.modularte.de\/STEVIASWEET-WP\/fr\/wp-json\/wp\/v2\/product\/32374","targetHints":{"allow":["GET"]}}],"collection":[{"href":"http:\/\/dev.modularte.de\/STEVIASWEET-WP\/fr\/wp-json\/wp\/v2\/product"}],"about":[{"href":"http:\/\/dev.modularte.de\/STEVIASWEET-WP\/fr\/wp-json\/wp\/v2\/types\/product"}],"wp:featuredmedia":[{"embeddable":true,"href":"http:\/\/dev.modularte.de\/STEVIASWEET-WP\/fr\/wp-json\/wp\/v2\/media\/32375"}],"wp:attachment":[{"href":"http:\/\/dev.modularte.de\/STEVIASWEET-WP\/fr\/wp-json\/wp\/v2\/media?parent=32374"}],"wp:term":[{"taxonomy":"product_brand","embeddable":true,"href":"http:\/\/dev.modularte.de\/STEVIASWEET-WP\/fr\/wp-json\/wp\/v2\/product_brand?post=32374"},{"taxonomy":"product_cat","embeddable":true,"href":"http:\/\/dev.modularte.de\/STEVIASWEET-WP\/fr\/wp-json\/wp\/v2\/product_cat?post=32374"},{"taxonomy":"product_tag","embeddable":true,"href":"http:\/\/dev.modularte.de\/STEVIASWEET-WP\/fr\/wp-json\/wp\/v2\/product_tag?post=32374"}],"curies":[{"name":"wp","href":"https:\/\/api.w.org\/{rel}","templated":true}]}}