{"id":30939,"date":"2024-02-01T11:50:21","date_gmt":"2024-02-01T10:50:21","guid":{"rendered":"http:\/\/dev.modularte.de\/STEVIASWEET-WP\/?post_type=product&#038;p=30939"},"modified":"2024-08-05T10:57:54","modified_gmt":"2024-08-05T08:57:54","slug":"barres-chocolatees-chocolat-noir-orange-single-sans-sucre-ajoute","status":"publish","type":"product","link":"http:\/\/dev.modularte.de\/STEVIASWEET-WP\/fr\/produit\/barres-chocolatees-chocolat-noir-orange-single-sans-sucre-ajoute\/","title":{"rendered":"Barres chocolat\u00e9es au chocolat noir et \u00e0 l\u2019orange sans sucre ajout\u00e9"},"content":{"rendered":"<p>Les barres chocolat\u00e9es SteviaSweet sont r\u00e9alis\u00e9es avec des ingr\u00e9dients soigneusement s\u00e9lectionn\u00e9s. Elles sont tout simplement exquises et fondent en douceur. Un chocolat au lait raffin\u00e9 avec un c\u0153ur pralin\u00e9, voil\u00e0 le secret de ces barres chocolat\u00e9es. Enrichies en inuline, une fibre alimentaire, elles r\u00e9pondent parfaitement aux besoins d\u2019un mode de vie sain et \u00e9quilibr\u00e9. Id\u00e9ales pour les d\u00e9placements comme pour satisfaire les petites faims entre deux repas. Un chocolat noir raffin\u00e9 avec un c\u0153ur fruit\u00e9 \u00e0 l\u2019orange, voil\u00e0 le secret de ces barres chocolat\u00e9es.<\/p>\n<p>Notre engagement envers la durabilit\u00e9 et la qualit\u00e9 se refl\u00e8te dans la certification RSPO de nos produits. Nous utilisons uniquement des mati\u00e8res premi\u00e8res durables et de haute qualit\u00e9 pour vous offrir un produit non seulement d\u00e9licieux, mais \u00e9galement conforme aux normes \u00e9thiques.<\/p>\n<p>&nbsp;<\/p>\n<p>Conservation :<br \/>\nConserver \u00e0 l\u2019abri de la chaleur, dans un endroit sec et inodore.<\/p>\n<p>Pays de production :<br \/>\nBelgique<\/p>\n","protected":false},"excerpt":{"rendered":"<p>Contenu<br \/>\n1 x 35 g<\/p>\n","protected":false},"featured_media":30943,"template":"","meta":{"_acf_changed":false,"inline_featured_image":false,"kia_subtitle":""},"product_brand":[],"product_cat":[319,320],"product_tag":[115,111,112,109,117,113],"class_list":{"0":"post-30939","1":"product","2":"type-product","3":"status-publish","4":"has-post-thumbnail","6":"product_cat-chocolate-sans-sucre","7":"product_cat-sucrerie-sans-sucre","8":"product_tag-faible-en-glucides","9":"product_tag-sans-colorants","10":"product_tag-sans-exhausteur-de-gout","11":"product_tag-sans-gluten","12":"product_tag-sans-sucres-ajoutes","13":"product_tag-vegetarien","15":"first","16":"outofstock","17":"taxable","18":"shipping-taxable","19":"purchasable","20":"product-type-simple"},"bundled_by":[],"bundle_stock_status":"outofstock","bundle_stock_quantity":0,"bundle_virtual":false,"bundle_layout":"","bundle_add_to_cart_form_location":"","bundle_editable_in_cart":false,"bundle_sold_individually_context":"","bundle_item_grouping":"","bundle_min_size":"","bundle_max_size":"","bundle_price":[],"bundled_items":[],"bundle_sell_ids":[],"acf":[],"publishpress_future_action":{"enabled":false,"date":"2026-04-14 12:00:44","action":"change-status","newStatus":"draft","terms":[],"taxonomy":"product_cat","extraData":[]},"publishpress_future_workflow_manual_trigger":{"enabledWorkflows":[]},"_links":{"self":[{"href":"http:\/\/dev.modularte.de\/STEVIASWEET-WP\/fr\/wp-json\/wp\/v2\/product\/30939","targetHints":{"allow":["GET"]}}],"collection":[{"href":"http:\/\/dev.modularte.de\/STEVIASWEET-WP\/fr\/wp-json\/wp\/v2\/product"}],"about":[{"href":"http:\/\/dev.modularte.de\/STEVIASWEET-WP\/fr\/wp-json\/wp\/v2\/types\/product"}],"wp:featuredmedia":[{"embeddable":true,"href":"http:\/\/dev.modularte.de\/STEVIASWEET-WP\/fr\/wp-json\/wp\/v2\/media\/30943"}],"wp:attachment":[{"href":"http:\/\/dev.modularte.de\/STEVIASWEET-WP\/fr\/wp-json\/wp\/v2\/media?parent=30939"}],"wp:term":[{"taxonomy":"product_brand","embeddable":true,"href":"http:\/\/dev.modularte.de\/STEVIASWEET-WP\/fr\/wp-json\/wp\/v2\/product_brand?post=30939"},{"taxonomy":"product_cat","embeddable":true,"href":"http:\/\/dev.modularte.de\/STEVIASWEET-WP\/fr\/wp-json\/wp\/v2\/product_cat?post=30939"},{"taxonomy":"product_tag","embeddable":true,"href":"http:\/\/dev.modularte.de\/STEVIASWEET-WP\/fr\/wp-json\/wp\/v2\/product_tag?post=30939"}],"curies":[{"name":"wp","href":"https:\/\/api.w.org\/{rel}","templated":true}]}}