{"id":29044,"date":"2023-10-05T09:10:15","date_gmt":"2023-10-05T07:10:15","guid":{"rendered":"http:\/\/dev.modularte.de\/STEVIASWEET-WP\/?post_type=product&#038;p=29044"},"modified":"2024-07-22T15:39:08","modified_gmt":"2024-07-22T13:39:08","slug":"le-sucre-de-cuisson-duo-70-de-calories-en-moins","status":"publish","type":"product","link":"http:\/\/dev.modularte.de\/STEVIASWEET-WP\/fr\/produit\/le-sucre-de-cuisson-duo-70-de-calories-en-moins\/","title":{"rendered":"Le sucre de cuisson duo-pack avec 70 % de calories en moins"},"content":{"rendered":"<p>Avec 70 % de calories en moins que le sucre, il est non seulement plus sain et plus doux pour les dents, mais il d\u00e9multiplie \u00e9galement le plaisir de sucrer. Gr\u00e2ce \u00e0 son dosage simple (1:1), il peut \u00eatre utilis\u00e9 dans toutes les recettes avec un r\u00e9sultat de cuisson parfait. Il convient parfaitement pour les r\u00e9gimes pauvres en glucides ainsi qu\u2019\u00e0 une alimentation pauvre en sucre.<\/p>\n<p>D\u00e9couvrez la recette de d\u00e9licieux <a href=\"http:\/\/dev.modularte.de\/STEVIASWEET-WP\/fr\/recettes\/escargots-a-la-cannelle-sans-sucre\/\">petits pains \u00e0 la cannelle<\/a> ou d&#8217;un <a href=\"http:\/\/dev.modularte.de\/STEVIASWEET-WP\/fr\/recettes\/gateau-aux-noix-et-a-la-pomme\/\">bundt cake noix-pommes<\/a> que vous pouvez pr\u00e9parer avec notre sucre glace. Vous pouvez trouver de nombreuses autres id\u00e9es de recettes inspirantes sur notre <a href=\"http:\/\/dev.modularte.de\/STEVIASWEET-WP\/fr\/recettes\/\">page de recettes<\/a>.<\/p>\n<p>Une cuill\u00e8re \u00e0 caf\u00e9 de SteviaSweet sucre de cuisson correspond \u00e0 une cuill\u00e8re \u00e0 caf\u00e9 de sucre.<\/p>\n<p>&nbsp;<\/p>\n<p>Conservation :<br \/>\nConserver \u00e0 l\u2019abri de la chaleur, dans un endroit sec et inodore.<\/p>\n<p>Pays de production :<br \/>\nAllemagne<\/p>\n","protected":false},"excerpt":{"rendered":"<p>Contenu<br \/>\n2 x 400 g<\/p>\n<p>Le prix est r\u00e9duit en raison de la date d\u2019expiration : septembre 2024<\/p>\n","protected":false},"featured_media":29047,"template":"","meta":{"_acf_changed":false,"inline_featured_image":false,"kia_subtitle":"\u00c9rythritol, isomaltulose et glycosides de st\u00e9viol"},"product_brand":[],"product_cat":[315,321],"product_tag":[115,111,112,108,109,110,117,114,113],"class_list":{"0":"post-29044","1":"product","2":"type-product","3":"status-publish","4":"has-post-thumbnail","6":"productbadges-less-food-waste-fr","7":"product_cat-cuire-sans-sucre","8":"product_cat-substitut-du-sucre-fr","9":"product_tag-faible-en-glucides","10":"product_tag-sans-colorants","11":"product_tag-sans-exhausteur-de-gout","12":"product_tag-sans-fructose","13":"product_tag-sans-gluten","14":"product_tag-sans-lactose","15":"product_tag-sans-sucres-ajoutes","16":"product_tag-vegan","17":"product_tag-vegetarien","19":"first","20":"instock","21":"taxable","22":"shipping-taxable","23":"purchasable","24":"product-type-bundle"},"bundled_by":[],"bundle_stock_status":"instock","bundle_stock_quantity":93,"bundle_virtual":false,"bundle_layout":"default","bundle_add_to_cart_form_location":"default","bundle_editable_in_cart":false,"bundle_sold_individually_context":"product","bundle_item_grouping":"parent","bundle_min_size":"","bundle_max_size":"","bundle_price":{"price":{"min":{"incl_tax":"13.9","excl_tax":"13.55"},"max":{"incl_tax":"13.9","excl_tax":"13.55"}},"regular_price":{"min":{"incl_tax":"18.8","excl_tax":"18.32"},"max":{"incl_tax":"18.8","excl_tax":"18.32"}}},"bundled_items":[{"bundled_item_id":474,"product_id":2318,"menu_order":0,"quantity_min":2,"quantity_max":2,"quantity_default":2,"priced_individually":true,"shipped_individually":false,"override_title":false,"title":"Le sucre de cuisson avec 70 % de calories en moins","override_description":false,"description":"Le sucre de cuisson avec 70 % de calories en moins","optional":false,"hide_thumbnail":false,"discount":"","override_variations":false,"allowed_variations":[""],"override_default_variation_attributes":false,"default_variation_attributes":[],"single_product_visibility":"hidden","cart_visibility":"hidden","order_visibility":"visible","single_product_price_visibility":"hidden","cart_price_visibility":"hidden","order_price_visibility":"visible","stock_status":"in_stock"}],"bundle_sell_ids":[],"acf":[],"publishpress_future_action":{"enabled":false,"date":"2026-04-12 21:50:50","action":"change-status","newStatus":"draft","terms":[],"taxonomy":"product_cat","extraData":[]},"publishpress_future_workflow_manual_trigger":{"enabledWorkflows":[]},"_links":{"self":[{"href":"http:\/\/dev.modularte.de\/STEVIASWEET-WP\/fr\/wp-json\/wp\/v2\/product\/29044","targetHints":{"allow":["GET"]}}],"collection":[{"href":"http:\/\/dev.modularte.de\/STEVIASWEET-WP\/fr\/wp-json\/wp\/v2\/product"}],"about":[{"href":"http:\/\/dev.modularte.de\/STEVIASWEET-WP\/fr\/wp-json\/wp\/v2\/types\/product"}],"wp:featuredmedia":[{"embeddable":true,"href":"http:\/\/dev.modularte.de\/STEVIASWEET-WP\/fr\/wp-json\/wp\/v2\/media\/29047"}],"wp:attachment":[{"href":"http:\/\/dev.modularte.de\/STEVIASWEET-WP\/fr\/wp-json\/wp\/v2\/media?parent=29044"}],"wp:term":[{"taxonomy":"product_brand","embeddable":true,"href":"http:\/\/dev.modularte.de\/STEVIASWEET-WP\/fr\/wp-json\/wp\/v2\/product_brand?post=29044"},{"taxonomy":"product_cat","embeddable":true,"href":"http:\/\/dev.modularte.de\/STEVIASWEET-WP\/fr\/wp-json\/wp\/v2\/product_cat?post=29044"},{"taxonomy":"product_tag","embeddable":true,"href":"http:\/\/dev.modularte.de\/STEVIASWEET-WP\/fr\/wp-json\/wp\/v2\/product_tag?post=29044"}],"curies":[{"name":"wp","href":"https:\/\/api.w.org\/{rel}","templated":true}]}}