{"id":23757,"date":"2023-02-23T09:17:21","date_gmt":"2023-02-23T08:17:21","guid":{"rendered":"http:\/\/mysteviasweet.ch.w01dee90.kasserver.com\/?post_type=product&#038;p=23757"},"modified":"2024-02-15T16:33:42","modified_gmt":"2024-02-15T15:33:42","slug":"combinaison-de-collations-sucrees-sans-sucre-ajoute","status":"publish","type":"product","link":"http:\/\/dev.modularte.de\/STEVIASWEET-WP\/fr\/produit\/combinaison-de-collations-sucrees-sans-sucre-ajoute\/","title":{"rendered":"Combinaison de collations sucr\u00e9es sans sucre ajout\u00e9"},"content":{"rendered":"<p>Vous avez vous aussi une envie de sucr\u00e9, mais souhaitez r\u00e9duire votre consommation de sucre ? Alors essayez notre d\u00e9licieux paquet avec des oursons en g\u00e9latine et des \u00e9clats de chocolat noir.<\/p>\n<p>Les \u00e9clats de chocolat sont une combinaison irr\u00e9sistible du meilleur chocolat noir avec un noyau moelleux de myrtille exquises, qui apportent une note fruit\u00e9e.<\/p>\n<p>De d\u00e9licieux oursons gommeux aux ar\u00f4mes et colorants naturels tels que l&#8217;extrait de spiruline, le concentr\u00e9 de chardon ou encore le concentr\u00e9 de jus de carotte noire. Nos oursons fruit\u00e9s-sucr\u00e9s sont sans sucre et conviennent donc \u00e0 tous ceux qui recherchent un r\u00e9gime sans sucre.<\/p>\n<p>Parfaits pour les repas interm\u00e9diaires et \u00e0 emporter, ils conviennent \u00e0 un mode de vie sain et conscient.<\/p>\n<div class=\"product_information_wrapper\">\n<div class=\"product-description\">\n<div class=\"product-description__content\">\n<p>Pays de production :<br \/>\nBelgique &amp; Lituanie<\/p>\n<\/div>\n<\/div>\n<\/div>\n<p>&nbsp;<\/p>\n","protected":false},"excerpt":{"rendered":"<p>A la recherche du snack parfait ? Alors obtenez la douce combinaison d&#8217;oursons en g\u00e9latine et de p\u00e9pites de chocolat.<\/p>\n","protected":false},"featured_media":31316,"template":"","meta":{"_acf_changed":false,"inline_featured_image":false,"kia_subtitle":"Oursons en gomme et nibs de chocolat noir"},"product_brand":[],"product_cat":[319,317,318,320],"product_tag":[115,109,110,117],"class_list":{"0":"post-23757","1":"product","2":"type-product","3":"status-publish","4":"has-post-thumbnail","6":"productbadges-paquet-pour-gouter","7":"product_cat-chocolate-sans-sucre","8":"product_cat-paquet","9":"product_cat-paquet-pour-gouter","10":"product_cat-sucrerie-sans-sucre","11":"product_tag-faible-en-glucides","12":"product_tag-sans-gluten","13":"product_tag-sans-lactose","14":"product_tag-sans-sucres-ajoutes","16":"first","17":"instock","18":"sale","19":"taxable","20":"shipping-taxable","21":"purchasable","22":"product-type-bundle"},"bundled_by":[],"bundle_stock_status":"instock","bundle_stock_quantity":643,"bundle_virtual":false,"bundle_layout":"default","bundle_add_to_cart_form_location":"default","bundle_editable_in_cart":false,"bundle_sold_individually_context":"product","bundle_item_grouping":"parent","bundle_min_size":"","bundle_max_size":"","bundle_price":{"price":{"min":{"incl_tax":"9.85","excl_tax":"9.6"},"max":{"incl_tax":"9.85","excl_tax":"9.6"}},"regular_price":{"min":{"incl_tax":"11.7","excl_tax":"11.4"},"max":{"incl_tax":"11.7","excl_tax":"11.4"}}},"bundled_items":[{"bundled_item_id":354,"product_id":2304,"menu_order":0,"quantity_min":1,"quantity_max":1,"quantity_default":1,"priced_individually":true,"shipped_individually":false,"override_title":false,"title":"Oursons en gomme sans sucre","override_description":true,"description":"","optional":false,"hide_thumbnail":false,"discount":"16.95","override_variations":false,"allowed_variations":[""],"override_default_variation_attributes":false,"default_variation_attributes":[],"single_product_visibility":"hidden","cart_visibility":"hidden","order_visibility":"visible","single_product_price_visibility":"hidden","cart_price_visibility":"hidden","order_price_visibility":"hidden","stock_status":"in_stock"},{"bundled_item_id":477,"product_id":2302,"menu_order":1,"quantity_min":1,"quantity_max":1,"quantity_default":1,"priced_individually":true,"shipped_individually":false,"override_title":false,"title":"Nibs de chocolat noir myrtille sans sucre ajout\u00e9","override_description":false,"description":"Nibs de chocolat noir myrtille sans sucre ajout\u00e9","optional":false,"hide_thumbnail":false,"discount":"14.66","override_variations":false,"allowed_variations":[""],"override_default_variation_attributes":false,"default_variation_attributes":[],"single_product_visibility":"hidden","cart_visibility":"hidden","order_visibility":"visible","single_product_price_visibility":"hidden","cart_price_visibility":"hidden","order_price_visibility":"hidden","stock_status":"in_stock"}],"bundle_sell_ids":[],"acf":[],"publishpress_future_action":{"enabled":false,"date":"2026-04-12 22:08:33","action":"change-status","newStatus":"draft","terms":[],"taxonomy":"product_cat","extraData":[]},"publishpress_future_workflow_manual_trigger":{"enabledWorkflows":[]},"_links":{"self":[{"href":"http:\/\/dev.modularte.de\/STEVIASWEET-WP\/fr\/wp-json\/wp\/v2\/product\/23757","targetHints":{"allow":["GET"]}}],"collection":[{"href":"http:\/\/dev.modularte.de\/STEVIASWEET-WP\/fr\/wp-json\/wp\/v2\/product"}],"about":[{"href":"http:\/\/dev.modularte.de\/STEVIASWEET-WP\/fr\/wp-json\/wp\/v2\/types\/product"}],"wp:featuredmedia":[{"embeddable":true,"href":"http:\/\/dev.modularte.de\/STEVIASWEET-WP\/fr\/wp-json\/wp\/v2\/media\/31316"}],"wp:attachment":[{"href":"http:\/\/dev.modularte.de\/STEVIASWEET-WP\/fr\/wp-json\/wp\/v2\/media?parent=23757"}],"wp:term":[{"taxonomy":"product_brand","embeddable":true,"href":"http:\/\/dev.modularte.de\/STEVIASWEET-WP\/fr\/wp-json\/wp\/v2\/product_brand?post=23757"},{"taxonomy":"product_cat","embeddable":true,"href":"http:\/\/dev.modularte.de\/STEVIASWEET-WP\/fr\/wp-json\/wp\/v2\/product_cat?post=23757"},{"taxonomy":"product_tag","embeddable":true,"href":"http:\/\/dev.modularte.de\/STEVIASWEET-WP\/fr\/wp-json\/wp\/v2\/product_tag?post=23757"}],"curies":[{"name":"wp","href":"https:\/\/api.w.org\/{rel}","templated":true}]}}