{"id":23596,"date":"2023-02-15T11:28:56","date_gmt":"2023-02-15T10:28:56","guid":{"rendered":"http:\/\/mysteviasweet.ch.w01dee90.kasserver.com\/produkt\/grosse-tasse-350-ml\/"},"modified":"2023-02-15T20:49:33","modified_gmt":"2023-02-15T19:49:33","slug":"grosse-tasse-350-ml","status":"publish","type":"product","link":"http:\/\/dev.modularte.de\/STEVIASWEET-WP\/fr\/produit\/grosse-tasse-350-ml\/","title":{"rendered":"Grande tasse"},"content":{"rendered":"<p>Le mug ultime pour votre th\u00e9, caf\u00e9 ou muesli du matin ! Avec une capacit\u00e9 g\u00e9n\u00e9reuse de 350 ml, il y a suffisamment d&#8217;espace. Id\u00e9al pour les jours o\u00f9 vous voulez juste un peu plus de votre boisson pr\u00e9f\u00e9r\u00e9e. Alors n&#8217;attendez pas et profitez de la commodit\u00e9 d&#8217;une tasse plus grande !<\/p>\n","protected":false},"excerpt":{"rendered":"<p>Le mug ultime pour votre th\u00e9, caf\u00e9 ou muesli du matin ! Avec une capacit\u00e9 g\u00e9n\u00e9reuse de 350 ml, il y a suffisamment d&#8217;espace. Id\u00e9al pour les jours o\u00f9 vous voulez juste un peu plus de votre boisson pr\u00e9f\u00e9r\u00e9e. Alors n&#8217;attendez pas et profitez de la commodit\u00e9 d&#8217;une tasse plus grande !<\/p>\n","protected":false},"featured_media":23592,"template":"","meta":{"_acf_changed":false,"inline_featured_image":false,"kia_subtitle":"350 ml"},"product_brand":[],"product_cat":[330],"product_tag":[],"class_list":{"0":"post-23596","1":"product","2":"type-product","3":"status-publish","4":"has-post-thumbnail","6":"product_cat-divers","8":"first","9":"instock","10":"taxable","11":"shipping-taxable","12":"purchasable","13":"product-type-simple"},"bundled_by":["23613"],"bundle_stock_status":"instock","bundle_stock_quantity":null,"bundle_virtual":false,"bundle_layout":"","bundle_add_to_cart_form_location":"","bundle_editable_in_cart":false,"bundle_sold_individually_context":"","bundle_item_grouping":"","bundle_min_size":"","bundle_max_size":"","bundle_price":[],"bundled_items":[],"bundle_sell_ids":[],"acf":[],"publishpress_future_action":{"enabled":false,"date":"2026-04-13 04:34:12","action":"change-status","newStatus":"draft","terms":[],"taxonomy":"product_cat","extraData":[]},"publishpress_future_workflow_manual_trigger":{"enabledWorkflows":[]},"_links":{"self":[{"href":"http:\/\/dev.modularte.de\/STEVIASWEET-WP\/fr\/wp-json\/wp\/v2\/product\/23596","targetHints":{"allow":["GET"]}}],"collection":[{"href":"http:\/\/dev.modularte.de\/STEVIASWEET-WP\/fr\/wp-json\/wp\/v2\/product"}],"about":[{"href":"http:\/\/dev.modularte.de\/STEVIASWEET-WP\/fr\/wp-json\/wp\/v2\/types\/product"}],"wp:featuredmedia":[{"embeddable":true,"href":"http:\/\/dev.modularte.de\/STEVIASWEET-WP\/fr\/wp-json\/wp\/v2\/media\/23592"}],"wp:attachment":[{"href":"http:\/\/dev.modularte.de\/STEVIASWEET-WP\/fr\/wp-json\/wp\/v2\/media?parent=23596"}],"wp:term":[{"taxonomy":"product_brand","embeddable":true,"href":"http:\/\/dev.modularte.de\/STEVIASWEET-WP\/fr\/wp-json\/wp\/v2\/product_brand?post=23596"},{"taxonomy":"product_cat","embeddable":true,"href":"http:\/\/dev.modularte.de\/STEVIASWEET-WP\/fr\/wp-json\/wp\/v2\/product_cat?post=23596"},{"taxonomy":"product_tag","embeddable":true,"href":"http:\/\/dev.modularte.de\/STEVIASWEET-WP\/fr\/wp-json\/wp\/v2\/product_tag?post=23596"}],"curies":[{"name":"wp","href":"https:\/\/api.w.org\/{rel}","templated":true}]}}