{"id":2324,"date":"2022-04-19T12:54:34","date_gmt":"2022-04-19T10:54:34","guid":{"rendered":"http:\/\/dev.modularte.de\/STEVIASWEET-WP\/produkt\/gomme-paquet-pour-gouter-sans-sucre-2\/"},"modified":"2024-05-28T09:35:53","modified_gmt":"2024-05-28T07:35:53","slug":"gomme-paquet-pour-gouter-sans-sucre","status":"publish","type":"product","link":"http:\/\/dev.modularte.de\/STEVIASWEET-WP\/fr\/produit\/gomme-paquet-pour-gouter-sans-sucre\/","title":{"rendered":"Gomme paquet pour go\u00fbter sans sucre"},"content":{"rendered":"<p>Des gommes fruit\u00e9s aux ar\u00f4mes et colorants naturels tels que l\u2019extrait de spiruline, l\u2019extrait de chardon ou de jus de carotte noire. Nos petits oursons fruit\u00e9s et les c\u0153urs\u00a0v\u00e9g\u00e9taliens sont sans sucre. Ils sont donc id\u00e9aux pour tous les adeptes d\u2019une alimentation sans sucre.\u00a0Parfaits pour les petits en-cas, pour partager entre amis, pour les enfants et pour les diab\u00e9tiques.<\/p>\n<p>&nbsp;<\/p>\n<p>Conservation:<br \/>\nConserver \u00e0 l\u2019abri de la chaleur, dans un endroit sec et inodore.<\/p>\n<p>Pays de production :<br \/>\nBelgique<\/p>\n","protected":false},"excerpt":{"rendered":"<p>Contenu<br \/>\n2 x 250 g<\/p>\n","protected":false},"featured_media":14855,"template":"","meta":{"_acf_changed":false,"inline_featured_image":false,"kia_subtitle":"Oursons et c\u0153urs v\u00e9g\u00e9taliens"},"product_brand":[],"product_cat":[318,313,320],"product_tag":[115,108,109,110,118,117],"class_list":{"0":"post-2324","1":"product","2":"type-product","3":"status-publish","4":"has-post-thumbnail","6":"productbadges-paquet-pour-gouter","7":"product_cat-paquet-pour-gouter","8":"product_cat-promotion","9":"product_cat-sucrerie-sans-sucre","10":"product_tag-faible-en-glucides","11":"product_tag-sans-fructose","12":"product_tag-sans-gluten","13":"product_tag-sans-lactose","14":"product_tag-sans-sucre","15":"product_tag-sans-sucres-ajoutes","17":"first","18":"instock","19":"sale","20":"taxable","21":"shipping-taxable","22":"purchasable","23":"product-type-bundle"},"bundled_by":[],"bundle_stock_status":"instock","bundle_stock_quantity":469,"bundle_virtual":false,"bundle_layout":"default","bundle_add_to_cart_form_location":"default","bundle_editable_in_cart":false,"bundle_sold_individually_context":"product","bundle_item_grouping":"parent","bundle_min_size":"","bundle_max_size":"","bundle_price":{"price":{"min":{"incl_tax":"9.8","excl_tax":"9.56"},"max":{"incl_tax":"9.8","excl_tax":"9.56"}},"regular_price":{"min":{"incl_tax":"11.8","excl_tax":"11.5"},"max":{"incl_tax":"11.8","excl_tax":"11.5"}}},"bundled_items":[{"bundled_item_id":87,"product_id":2304,"menu_order":0,"quantity_min":1,"quantity_max":1,"quantity_default":1,"priced_individually":true,"shipped_individually":false,"override_title":false,"title":"Oursons en gomme sans sucre","override_description":true,"description":"Oursons en gomme sans sucre","optional":false,"hide_thumbnail":false,"discount":"16.95","override_variations":false,"allowed_variations":[""],"override_default_variation_attributes":false,"default_variation_attributes":[],"single_product_visibility":"hidden","cart_visibility":"hidden","order_visibility":"visible","single_product_price_visibility":"visible","cart_price_visibility":"visible","order_price_visibility":"visible","stock_status":"in_stock"},{"bundled_item_id":88,"product_id":2305,"menu_order":1,"quantity_min":1,"quantity_max":1,"quantity_default":1,"priced_individually":true,"shipped_individually":false,"override_title":false,"title":"C\u0153urs en gomme sans sucre &amp; v\u00e9g\u00e9taliens","override_description":true,"description":"C\u0153urs en gomme sans sucre &amp; v\u00e9g\u00e9taliens","optional":false,"hide_thumbnail":false,"discount":"16.95","override_variations":false,"allowed_variations":[""],"override_default_variation_attributes":false,"default_variation_attributes":[],"single_product_visibility":"hidden","cart_visibility":"hidden","order_visibility":"visible","single_product_price_visibility":"visible","cart_price_visibility":"visible","order_price_visibility":"visible","stock_status":"in_stock"}],"bundle_sell_ids":[],"acf":[],"publishpress_future_action":{"enabled":false,"date":"2026-04-12 18:40:30","action":"change-status","newStatus":"draft","terms":[],"taxonomy":"product_cat","extraData":[]},"publishpress_future_workflow_manual_trigger":{"enabledWorkflows":[]},"_links":{"self":[{"href":"http:\/\/dev.modularte.de\/STEVIASWEET-WP\/fr\/wp-json\/wp\/v2\/product\/2324","targetHints":{"allow":["GET"]}}],"collection":[{"href":"http:\/\/dev.modularte.de\/STEVIASWEET-WP\/fr\/wp-json\/wp\/v2\/product"}],"about":[{"href":"http:\/\/dev.modularte.de\/STEVIASWEET-WP\/fr\/wp-json\/wp\/v2\/types\/product"}],"wp:featuredmedia":[{"embeddable":true,"href":"http:\/\/dev.modularte.de\/STEVIASWEET-WP\/fr\/wp-json\/wp\/v2\/media\/14855"}],"wp:attachment":[{"href":"http:\/\/dev.modularte.de\/STEVIASWEET-WP\/fr\/wp-json\/wp\/v2\/media?parent=2324"}],"wp:term":[{"taxonomy":"product_brand","embeddable":true,"href":"http:\/\/dev.modularte.de\/STEVIASWEET-WP\/fr\/wp-json\/wp\/v2\/product_brand?post=2324"},{"taxonomy":"product_cat","embeddable":true,"href":"http:\/\/dev.modularte.de\/STEVIASWEET-WP\/fr\/wp-json\/wp\/v2\/product_cat?post=2324"},{"taxonomy":"product_tag","embeddable":true,"href":"http:\/\/dev.modularte.de\/STEVIASWEET-WP\/fr\/wp-json\/wp\/v2\/product_tag?post=2324"}],"curies":[{"name":"wp","href":"https:\/\/api.w.org\/{rel}","templated":true}]}}