{"id":2322,"date":"2022-04-19T12:54:34","date_gmt":"2022-04-19T10:54:34","guid":{"rendered":"http:\/\/dev.modularte.de\/STEVIASWEET-WP\/produkt\/premium-chocolate-paquet-pour-gouter-sans-sucre-ajoute-2\/"},"modified":"2023-10-25T11:03:15","modified_gmt":"2023-10-25T09:03:15","slug":"premium-chocolate-paquet-pour-gouter-sans-sucre","status":"publish","type":"product","link":"http:\/\/dev.modularte.de\/STEVIASWEET-WP\/fr\/produit\/premium-chocolate-paquet-pour-gouter-sans-sucre\/","title":{"rendered":"Chocolate paquet pour go\u00fbter sans sucre ajout\u00e9"},"content":{"rendered":"<p>Le chocolat premium SteviaSweet est un choix tentant pour les amateurs de chocolat qui veulent \u00e9viter le sucre ajout\u00e9. M\u00e9ticuleusement \u00e9labor\u00e9e \u00e0 partir des meilleurs ingr\u00e9dients, chaque vari\u00e9t\u00e9 offre une exp\u00e9rience incroyablement douce et fondante en bouche.<\/p>\n<p>Dans le pack d&#8217;\u00e9chantillons, vous n&#8217;avez pas \u00e0 d\u00e9cider si vous aimez les chips croustillantes \u00e0 la noix de coco, les \u00e9clats de cacao noir, le d\u00e9licieux m\u00e9lange de noisettes et de lait ou le chocolat au lait classique &#8211; ce chocolat vous ravira. Avec ce d\u00e9licieux chocolat, vous pouvez satisfaire votre envie de sucreries tout en maintenant votre mode de vie sain et conscient.<\/p>\n<p>Offrez-vous le plaisir sans mauvaise conscience !<\/p>\n<p>&nbsp;<\/p>\n<p>Conservation :<br \/>\nConserver \u00e0 l\u2019abri de la chaleur, dans un endroit sec et inodore.<\/p>\n<p>Pays de production :<br \/>\nBelgique<\/p>\n","protected":false},"excerpt":{"rendered":"<p>Contenu<br \/>\n4 x 85 g<\/p>\n","protected":false},"featured_media":14966,"template":"","meta":{"_acf_changed":false,"inline_featured_image":false,"kia_subtitle":"Coconut crisps, dark cocoa nibs, noisettes et lait"},"product_brand":[],"product_cat":[319,318,313,320],"product_tag":[115,111,112,108,109,117,113],"class_list":{"0":"post-2322","1":"product","2":"type-product","3":"status-publish","4":"has-post-thumbnail","6":"productbadges-paquet-pour-gouter","7":"product_cat-chocolate-sans-sucre","8":"product_cat-paquet-pour-gouter","9":"product_cat-promotion","10":"product_cat-sucrerie-sans-sucre","11":"product_tag-faible-en-glucides","12":"product_tag-sans-colorants","13":"product_tag-sans-exhausteur-de-gout","14":"product_tag-sans-fructose","15":"product_tag-sans-gluten","16":"product_tag-sans-sucres-ajoutes","17":"product_tag-vegetarien","19":"first","20":"instock","21":"sale","22":"taxable","23":"shipping-taxable","24":"purchasable","25":"product-type-bundle"},"bundled_by":[],"bundle_stock_status":"instock","bundle_stock_quantity":361,"bundle_virtual":false,"bundle_layout":"default","bundle_add_to_cart_form_location":"default","bundle_editable_in_cart":false,"bundle_sold_individually_context":"product","bundle_item_grouping":"parent","bundle_min_size":"","bundle_max_size":"","bundle_price":{"price":{"min":{"incl_tax":"13.95","excl_tax":"13.6"},"max":{"incl_tax":"13.95","excl_tax":"13.6"}},"regular_price":{"min":{"incl_tax":"19.6","excl_tax":"19.12"},"max":{"incl_tax":"19.6","excl_tax":"19.12"}}},"bundled_items":[{"bundled_item_id":126,"product_id":2298,"menu_order":0,"quantity_min":1,"quantity_max":1,"quantity_default":1,"priced_individually":true,"shipped_individually":false,"override_title":false,"title":"Chocolat cacao noir-\u00e9clats sans sucre ajout\u00e9","override_description":true,"description":"","optional":false,"hide_thumbnail":false,"discount":"28.85","override_variations":false,"allowed_variations":[""],"override_default_variation_attributes":false,"default_variation_attributes":[],"single_product_visibility":"hidden","cart_visibility":"hidden","order_visibility":"visible","single_product_price_visibility":"visible","cart_price_visibility":"visible","order_price_visibility":"visible","stock_status":"in_stock"},{"bundled_item_id":127,"product_id":2299,"menu_order":1,"quantity_min":1,"quantity_max":1,"quantity_default":1,"priced_individually":true,"shipped_individually":false,"override_title":false,"title":"Chocolat noix de coco crisps sans sucre ajout\u00e9","override_description":true,"description":"","optional":false,"hide_thumbnail":false,"discount":"28.88","override_variations":false,"allowed_variations":[""],"override_default_variation_attributes":false,"default_variation_attributes":[],"single_product_visibility":"hidden","cart_visibility":"hidden","order_visibility":"visible","single_product_price_visibility":"visible","cart_price_visibility":"visible","order_price_visibility":"visible","stock_status":"in_stock"},{"bundled_item_id":221,"product_id":18257,"menu_order":2,"quantity_min":1,"quantity_max":1,"quantity_default":1,"priced_individually":true,"shipped_individually":false,"override_title":false,"title":"Chocolat noisettes sans sucre ajout\u00e9","override_description":true,"description":"","optional":false,"hide_thumbnail":false,"discount":"28.83","override_variations":false,"allowed_variations":[""],"override_default_variation_attributes":false,"default_variation_attributes":[],"single_product_visibility":"hidden","cart_visibility":"hidden","order_visibility":"visible","single_product_price_visibility":"visible","cart_price_visibility":"visible","order_price_visibility":"visible","stock_status":"in_stock"},{"bundled_item_id":130,"product_id":2300,"menu_order":3,"quantity_min":1,"quantity_max":1,"quantity_default":1,"priced_individually":true,"shipped_individually":false,"override_title":false,"title":"Chocolat lait sans sucre ajout\u00e9","override_description":true,"description":"","optional":false,"hide_thumbnail":false,"discount":"28.83","override_variations":false,"allowed_variations":[""],"override_default_variation_attributes":false,"default_variation_attributes":[],"single_product_visibility":"hidden","cart_visibility":"hidden","order_visibility":"visible","single_product_price_visibility":"visible","cart_price_visibility":"visible","order_price_visibility":"visible","stock_status":"in_stock"}],"bundle_sell_ids":[],"acf":[],"publishpress_future_action":{"enabled":false,"date":"2026-04-12 23:59:09","action":"change-status","newStatus":"draft","terms":[],"taxonomy":"product_cat","extraData":[]},"publishpress_future_workflow_manual_trigger":{"enabledWorkflows":[]},"_links":{"self":[{"href":"http:\/\/dev.modularte.de\/STEVIASWEET-WP\/fr\/wp-json\/wp\/v2\/product\/2322","targetHints":{"allow":["GET"]}}],"collection":[{"href":"http:\/\/dev.modularte.de\/STEVIASWEET-WP\/fr\/wp-json\/wp\/v2\/product"}],"about":[{"href":"http:\/\/dev.modularte.de\/STEVIASWEET-WP\/fr\/wp-json\/wp\/v2\/types\/product"}],"wp:featuredmedia":[{"embeddable":true,"href":"http:\/\/dev.modularte.de\/STEVIASWEET-WP\/fr\/wp-json\/wp\/v2\/media\/14966"}],"wp:attachment":[{"href":"http:\/\/dev.modularte.de\/STEVIASWEET-WP\/fr\/wp-json\/wp\/v2\/media?parent=2322"}],"wp:term":[{"taxonomy":"product_brand","embeddable":true,"href":"http:\/\/dev.modularte.de\/STEVIASWEET-WP\/fr\/wp-json\/wp\/v2\/product_brand?post=2322"},{"taxonomy":"product_cat","embeddable":true,"href":"http:\/\/dev.modularte.de\/STEVIASWEET-WP\/fr\/wp-json\/wp\/v2\/product_cat?post=2322"},{"taxonomy":"product_tag","embeddable":true,"href":"http:\/\/dev.modularte.de\/STEVIASWEET-WP\/fr\/wp-json\/wp\/v2\/product_tag?post=2322"}],"curies":[{"name":"wp","href":"https:\/\/api.w.org\/{rel}","templated":true}]}}