{"id":2320,"date":"2022-04-19T12:54:34","date_gmt":"2022-04-19T10:54:34","guid":{"rendered":"http:\/\/dev.modularte.de\/STEVIASWEET-WP\/produkt\/the-glace-infuse-a-froid-sans-sucre-2\/"},"modified":"2024-08-12T06:58:40","modified_gmt":"2024-08-12T04:58:40","slug":"the-glace-infuse-froid-baies-sauvages-sans-sucre","status":"publish","type":"product","link":"http:\/\/dev.modularte.de\/STEVIASWEET-WP\/fr\/produit\/the-glace-infuse-froid-baies-sauvages-sans-sucre\/","title":{"rendered":"Th\u00e9 glac\u00e9 infus\u00e9 \u00e0 froid baies sauvages sans sucre"},"content":{"rendered":"<p>Notre nouvelle infusion \u00e0 froid SteviaSweet est un m\u00e9lange harmonieux de fruits secs et de plantes aromatiques qui te feront vivre un pur moment de gourmandise. Chaque sachet est emball\u00e9 individuellement pour en pr\u00e9server la saveur le plus longtemps possible. Que ce soit \u00e0 la maison ou pendant tes d\u00e9placements, quand tu as envie de boire autre chose que de l\u2019eau, tu as ainsi toujours une boisson aussi d\u00e9licieuse que rafra\u00eechissante \u00e0 port\u00e9e de la main. Savoure une pause fruit\u00e9e, riche de sant\u00e9, avec la l\u00e9g\u00e8ret\u00e9 sucr\u00e9e Stevia.<\/p>\n<p>1. Mets le sachet dans un verre ou une gourde.<br \/>\n2. Remplis ce r\u00e9cipient d\u2019eau froide (ajoutes-y des gla\u00e7ons, si tu l\u2019aimes glac\u00e9e).<br \/>\n3. C\u2019est pr\u00eat \u00e0 d\u00e9guster!<\/p>\n<p>Conseil de pr\u00e9paration:<br \/>\nmettre le sachet directement dans l\u2019eau froide ou verser de l\u2019eau froide dessus, puis patienter quelques minutes \u2013 pas besoin d\u2019eau chaude. C\u2019est donc une boisson id\u00e9ale pour les d\u00e9placements ou pour faire du sport.<\/p>\n<p>&nbsp;<\/p>\n<p>Conservation :<br \/>\nConserver \u00e0 l\u2019abri de la chaleur, dans un endroit sec et inodore.<\/p>\n<p>Pays de production :<br \/>\nInde<\/p>\n","protected":false},"excerpt":{"rendered":"<p>Contenu<br \/>\n18 x 3 g<\/p>\n<p>Le prix est r\u00e9duit en raison de la date d&#8217;expiration : 30.092024<\/p>\n","protected":false},"featured_media":14816,"template":"","meta":{"_acf_changed":false,"inline_featured_image":false,"kia_subtitle":""},"product_brand":[],"product_cat":[313,320],"product_tag":[115,111,112,109,110,118,117,114,113],"class_list":{"0":"post-2320","1":"product","2":"type-product","3":"status-publish","4":"has-post-thumbnail","6":"productbadges-less-food-waste-fr","7":"product_cat-promotion","8":"product_cat-sucrerie-sans-sucre","9":"product_tag-faible-en-glucides","10":"product_tag-sans-colorants","11":"product_tag-sans-exhausteur-de-gout","12":"product_tag-sans-gluten","13":"product_tag-sans-lactose","14":"product_tag-sans-sucre","15":"product_tag-sans-sucres-ajoutes","16":"product_tag-vegan","17":"product_tag-vegetarien","19":"first","20":"instock","21":"sale","22":"taxable","23":"shipping-taxable","24":"purchasable","25":"product-type-simple"},"bundled_by":["10112","2321","21656","27912"],"bundle_stock_status":"instock","bundle_stock_quantity":181,"bundle_virtual":false,"bundle_layout":"","bundle_add_to_cart_form_location":"","bundle_editable_in_cart":false,"bundle_sold_individually_context":"","bundle_item_grouping":"","bundle_min_size":"","bundle_max_size":"","bundle_price":[],"bundled_items":[],"bundle_sell_ids":[],"acf":[],"publishpress_future_action":{"enabled":false,"date":"2026-04-12 23:58:24","action":"change-status","newStatus":"draft","terms":[],"taxonomy":"product_cat","extraData":[]},"publishpress_future_workflow_manual_trigger":{"enabledWorkflows":[]},"_links":{"self":[{"href":"http:\/\/dev.modularte.de\/STEVIASWEET-WP\/fr\/wp-json\/wp\/v2\/product\/2320","targetHints":{"allow":["GET"]}}],"collection":[{"href":"http:\/\/dev.modularte.de\/STEVIASWEET-WP\/fr\/wp-json\/wp\/v2\/product"}],"about":[{"href":"http:\/\/dev.modularte.de\/STEVIASWEET-WP\/fr\/wp-json\/wp\/v2\/types\/product"}],"wp:featuredmedia":[{"embeddable":true,"href":"http:\/\/dev.modularte.de\/STEVIASWEET-WP\/fr\/wp-json\/wp\/v2\/media\/14816"}],"wp:attachment":[{"href":"http:\/\/dev.modularte.de\/STEVIASWEET-WP\/fr\/wp-json\/wp\/v2\/media?parent=2320"}],"wp:term":[{"taxonomy":"product_brand","embeddable":true,"href":"http:\/\/dev.modularte.de\/STEVIASWEET-WP\/fr\/wp-json\/wp\/v2\/product_brand?post=2320"},{"taxonomy":"product_cat","embeddable":true,"href":"http:\/\/dev.modularte.de\/STEVIASWEET-WP\/fr\/wp-json\/wp\/v2\/product_cat?post=2320"},{"taxonomy":"product_tag","embeddable":true,"href":"http:\/\/dev.modularte.de\/STEVIASWEET-WP\/fr\/wp-json\/wp\/v2\/product_tag?post=2320"}],"curies":[{"name":"wp","href":"https:\/\/api.w.org\/{rel}","templated":true}]}}