{"id":2315,"date":"2022-04-19T14:54:34","date_gmt":"2022-04-19T12:54:34","guid":{"rendered":"http:\/\/dev.modularte.de\/STEVIASWEET-WP\/produkt\/pate-a-tartiner-aux-noisettes-sans-sucre-ajoute\/"},"modified":"2024-07-16T15:00:22","modified_gmt":"2024-07-16T13:00:22","slug":"pate-tartiner-noisettes-sans-sucre-ajoute","status":"publish","type":"product","link":"http:\/\/dev.modularte.de\/STEVIASWEET-WP\/fr\/produit\/pate-tartiner-noisettes-sans-sucre-ajoute\/","title":{"rendered":"P\u00e2te \u00e0 tartiner aux noisettes sans sucre ajout\u00e9"},"content":{"rendered":"<p>Notre p\u00e2te \u00e0 tartiner onctueuse est non seulement sans sucre ajout\u00e9, mais elle contient \u00e9galement de l\u2019inuline, une fibre alimentaire saine pour l\u2019organisme. Pour les gourmands et les gourmets \u2013 au petit-d\u00e9jeuner ou en en-cas. Et en plus, elle m\u00e9nage les dents!<\/p>\n<p>Pour nous, les mati\u00e8res premi\u00e8res durables et de grande qualit\u00e9 sont essentielles et nous sommes certifi\u00e9s RSPO.<\/p>\n<p>&nbsp;<\/p>\n<p>Conservation:<br \/>\nConserver \u00e0 l\u2019abri de la chaleur, dans un endroit sec et inodore.<\/p>\n<p>Pays de production :<br \/>\nBelgique<\/p>\n","protected":false},"excerpt":{"rendered":"<p>Contenu<br \/>\n250 g<\/p>\n","protected":false},"featured_media":14814,"template":"","meta":{"_acf_changed":false,"inline_featured_image":false,"kia_subtitle":"Onctueuse et velout\u00e9e"},"product_brand":[],"product_cat":[319,320],"product_tag":[115,111,112,108,109,117,113],"class_list":{"0":"post-2315","1":"product","2":"type-product","3":"status-publish","4":"has-post-thumbnail","6":"product_cat-chocolate-sans-sucre","7":"product_cat-sucrerie-sans-sucre","8":"product_tag-faible-en-glucides","9":"product_tag-sans-colorants","10":"product_tag-sans-exhausteur-de-gout","11":"product_tag-sans-fructose","12":"product_tag-sans-gluten","13":"product_tag-sans-sucres-ajoutes","14":"product_tag-vegetarien","16":"first","17":"outofstock","18":"taxable","19":"shipping-taxable","20":"purchasable","21":"product-type-simple"},"bundled_by":["10111","23613","23602"],"bundle_stock_status":"outofstock","bundle_stock_quantity":0,"bundle_virtual":false,"bundle_layout":"","bundle_add_to_cart_form_location":"","bundle_editable_in_cart":false,"bundle_sold_individually_context":"","bundle_item_grouping":"","bundle_min_size":"","bundle_max_size":"","bundle_price":[],"bundled_items":[],"bundle_sell_ids":[],"acf":[],"publishpress_future_action":{"enabled":false,"date":"2026-04-12 18:58:28","action":"change-status","newStatus":"draft","terms":[],"taxonomy":"product_cat","extraData":[]},"publishpress_future_workflow_manual_trigger":{"enabledWorkflows":[]},"_links":{"self":[{"href":"http:\/\/dev.modularte.de\/STEVIASWEET-WP\/fr\/wp-json\/wp\/v2\/product\/2315","targetHints":{"allow":["GET"]}}],"collection":[{"href":"http:\/\/dev.modularte.de\/STEVIASWEET-WP\/fr\/wp-json\/wp\/v2\/product"}],"about":[{"href":"http:\/\/dev.modularte.de\/STEVIASWEET-WP\/fr\/wp-json\/wp\/v2\/types\/product"}],"wp:featuredmedia":[{"embeddable":true,"href":"http:\/\/dev.modularte.de\/STEVIASWEET-WP\/fr\/wp-json\/wp\/v2\/media\/14814"}],"wp:attachment":[{"href":"http:\/\/dev.modularte.de\/STEVIASWEET-WP\/fr\/wp-json\/wp\/v2\/media?parent=2315"}],"wp:term":[{"taxonomy":"product_brand","embeddable":true,"href":"http:\/\/dev.modularte.de\/STEVIASWEET-WP\/fr\/wp-json\/wp\/v2\/product_brand?post=2315"},{"taxonomy":"product_cat","embeddable":true,"href":"http:\/\/dev.modularte.de\/STEVIASWEET-WP\/fr\/wp-json\/wp\/v2\/product_cat?post=2315"},{"taxonomy":"product_tag","embeddable":true,"href":"http:\/\/dev.modularte.de\/STEVIASWEET-WP\/fr\/wp-json\/wp\/v2\/product_tag?post=2315"}],"curies":[{"name":"wp","href":"https:\/\/api.w.org\/{rel}","templated":true}]}}