{"id":2306,"date":"2022-04-19T12:54:31","date_gmt":"2022-04-19T10:54:31","guid":{"rendered":"http:\/\/dev.modularte.de\/STEVIASWEET-WP\/produkt\/gobelet-isotherme-034-l\/"},"modified":"2023-02-16T15:13:16","modified_gmt":"2023-02-16T14:13:16","slug":"gobelet-isotherme-340-ml","status":"publish","type":"product","link":"http:\/\/dev.modularte.de\/STEVIASWEET-WP\/fr\/produit\/gobelet-isotherme-340-ml\/","title":{"rendered":"Gobelet isotherme 0,34 l"},"content":{"rendered":"<p>Le gobelet isotherme SteviaSweet est id\u00e9al pour tous les types de boissons. Son design moderne et \u00e9l\u00e9gant garde les boissons froides pendant 4 heures et, les boissons chaudes, deux heures durant. Son couvercle en plastique, avec son ouverture refermable, est parfaitement \u00e9tanche. Il peut contenir 0,34 litre et est en acier inoxydable \u00e0 double paroi de qualit\u00e9 alimentaire.<\/p>\n<p>Contenance:<br \/>\n340 ml<\/p>\n","protected":false},"excerpt":{"rendered":"<p>Id\u00e9al pour les boissons \u00e0 emporter<\/p>\n","protected":false},"featured_media":15519,"template":"","meta":{"_acf_changed":false,"inline_featured_image":false,"kia_subtitle":"Conserve la chaleur et la fra\u00eecheur"},"product_brand":[],"product_cat":[330],"product_tag":[],"class_list":{"0":"post-2306","1":"product","2":"type-product","3":"status-publish","4":"has-post-thumbnail","6":"product_cat-divers","8":"first","9":"instock","10":"taxable","11":"shipping-taxable","12":"purchasable","13":"product-type-simple"},"bundled_by":["10111","10112","20606","27912"],"bundle_stock_status":"instock","bundle_stock_quantity":284,"bundle_virtual":false,"bundle_layout":"","bundle_add_to_cart_form_location":"","bundle_editable_in_cart":false,"bundle_sold_individually_context":"","bundle_item_grouping":"","bundle_min_size":"","bundle_max_size":"","bundle_price":[],"bundled_items":[],"bundle_sell_ids":[],"acf":[],"publishpress_future_action":{"enabled":false,"date":"2026-04-13 02:56:26","action":"change-status","newStatus":"draft","terms":[],"taxonomy":"product_cat","extraData":[]},"publishpress_future_workflow_manual_trigger":{"enabledWorkflows":[]},"_links":{"self":[{"href":"http:\/\/dev.modularte.de\/STEVIASWEET-WP\/fr\/wp-json\/wp\/v2\/product\/2306","targetHints":{"allow":["GET"]}}],"collection":[{"href":"http:\/\/dev.modularte.de\/STEVIASWEET-WP\/fr\/wp-json\/wp\/v2\/product"}],"about":[{"href":"http:\/\/dev.modularte.de\/STEVIASWEET-WP\/fr\/wp-json\/wp\/v2\/types\/product"}],"wp:featuredmedia":[{"embeddable":true,"href":"http:\/\/dev.modularte.de\/STEVIASWEET-WP\/fr\/wp-json\/wp\/v2\/media\/15519"}],"wp:attachment":[{"href":"http:\/\/dev.modularte.de\/STEVIASWEET-WP\/fr\/wp-json\/wp\/v2\/media?parent=2306"}],"wp:term":[{"taxonomy":"product_brand","embeddable":true,"href":"http:\/\/dev.modularte.de\/STEVIASWEET-WP\/fr\/wp-json\/wp\/v2\/product_brand?post=2306"},{"taxonomy":"product_cat","embeddable":true,"href":"http:\/\/dev.modularte.de\/STEVIASWEET-WP\/fr\/wp-json\/wp\/v2\/product_cat?post=2306"},{"taxonomy":"product_tag","embeddable":true,"href":"http:\/\/dev.modularte.de\/STEVIASWEET-WP\/fr\/wp-json\/wp\/v2\/product_tag?post=2306"}],"curies":[{"name":"wp","href":"https:\/\/api.w.org\/{rel}","templated":true}]}}