{"id":2305,"date":"2022-04-19T12:54:31","date_gmt":"2022-04-19T10:54:31","guid":{"rendered":"http:\/\/dev.modularte.de\/STEVIASWEET-WP\/produkt\/coeurs-en-gomme-sans-sucre-vegetaliens\/"},"modified":"2024-08-25T20:51:21","modified_gmt":"2024-08-25T18:51:21","slug":"cours-en-gomme-vegetaliens-sans-sucre","status":"publish","type":"product","link":"http:\/\/dev.modularte.de\/STEVIASWEET-WP\/fr\/produit\/cours-en-gomme-vegetaliens-sans-sucre\/","title":{"rendered":"C\u0153urs en gomme sans sucre &amp; v\u00e9g\u00e9taliens"},"content":{"rendered":"<p>Des c\u0153urs fruit\u00e9s aux ar\u00f4mes et colorants naturels tels que la curcumine ou le jus de carotte noire concentr\u00e9. Nos petits c\u0153urs fruit\u00e9s sont sans sucre &amp; v\u00e9g\u00e9taliens. Ils sont donc id\u00e9aux pour tous les adeptes d\u2019une alimentation sans sucre. Parfaits pour les petits en-cas, pour partager entre amis, pour les enfants et pour les diab\u00e9tiques.<\/p>\n<p>SteviaSweet offre d\u2019autres d\u00e9licieuses confiseries sans sucre.<\/p>\n<p>&nbsp;<\/p>\n<p>Conservation:<br \/>\nConserver \u00e0 l\u2019abri de la chaleur, dans un endroit sec et inodore.<\/p>\n<p>Pays de production :<br \/>\nBelgique<\/p>\n","protected":false},"excerpt":{"rendered":"<p>Contenu<br \/>\n250 g<\/p>\n","protected":false},"featured_media":14872,"template":"","meta":{"_acf_changed":false,"inline_featured_image":false,"kia_subtitle":"Go\u00fbt citron et sureau"},"product_brand":[],"product_cat":[320],"product_tag":[115,108,109,110,118,117,114,113],"class_list":{"0":"post-2305","1":"product","2":"type-product","3":"status-publish","4":"has-post-thumbnail","6":"product_cat-sucrerie-sans-sucre","7":"product_tag-faible-en-glucides","8":"product_tag-sans-fructose","9":"product_tag-sans-gluten","10":"product_tag-sans-lactose","11":"product_tag-sans-sucre","12":"product_tag-sans-sucres-ajoutes","13":"product_tag-vegan","14":"product_tag-vegetarien","16":"first","17":"instock","18":"taxable","19":"shipping-taxable","20":"purchasable","21":"product-type-simple"},"bundled_by":["2324","18504","21656","20606","27912","34907"],"bundle_stock_status":"instock","bundle_stock_quantity":379,"bundle_virtual":false,"bundle_layout":"","bundle_add_to_cart_form_location":"","bundle_editable_in_cart":false,"bundle_sold_individually_context":"","bundle_item_grouping":"","bundle_min_size":"","bundle_max_size":"","bundle_price":[],"bundled_items":[],"bundle_sell_ids":[],"acf":[],"publishpress_future_action":{"enabled":false,"date":"2026-04-12 18:51:05","action":"change-status","newStatus":"draft","terms":[],"taxonomy":"product_cat","extraData":[]},"publishpress_future_workflow_manual_trigger":{"enabledWorkflows":[]},"_links":{"self":[{"href":"http:\/\/dev.modularte.de\/STEVIASWEET-WP\/fr\/wp-json\/wp\/v2\/product\/2305","targetHints":{"allow":["GET"]}}],"collection":[{"href":"http:\/\/dev.modularte.de\/STEVIASWEET-WP\/fr\/wp-json\/wp\/v2\/product"}],"about":[{"href":"http:\/\/dev.modularte.de\/STEVIASWEET-WP\/fr\/wp-json\/wp\/v2\/types\/product"}],"wp:featuredmedia":[{"embeddable":true,"href":"http:\/\/dev.modularte.de\/STEVIASWEET-WP\/fr\/wp-json\/wp\/v2\/media\/14872"}],"wp:attachment":[{"href":"http:\/\/dev.modularte.de\/STEVIASWEET-WP\/fr\/wp-json\/wp\/v2\/media?parent=2305"}],"wp:term":[{"taxonomy":"product_brand","embeddable":true,"href":"http:\/\/dev.modularte.de\/STEVIASWEET-WP\/fr\/wp-json\/wp\/v2\/product_brand?post=2305"},{"taxonomy":"product_cat","embeddable":true,"href":"http:\/\/dev.modularte.de\/STEVIASWEET-WP\/fr\/wp-json\/wp\/v2\/product_cat?post=2305"},{"taxonomy":"product_tag","embeddable":true,"href":"http:\/\/dev.modularte.de\/STEVIASWEET-WP\/fr\/wp-json\/wp\/v2\/product_tag?post=2305"}],"curies":[{"name":"wp","href":"https:\/\/api.w.org\/{rel}","templated":true}]}}