{"id":2303,"date":"2022-04-19T12:54:31","date_gmt":"2022-04-19T10:54:31","guid":{"rendered":"http:\/\/dev.modularte.de\/STEVIASWEET-WP\/produkt\/crystal-pack-duo-avec-erythritol-glycosides-de-steviol\/"},"modified":"2024-07-16T15:03:41","modified_gmt":"2024-07-16T13:03:41","slug":"crystal-duo-pack","status":"publish","type":"product","link":"http:\/\/dev.modularte.de\/STEVIASWEET-WP\/fr\/produit\/crystal-duo-pack\/","title":{"rendered":"Crystal pack duo avec \u00e9rythritol &amp; glycosides de st\u00e9viol"},"content":{"rendered":"<p>Tu peux utiliser SteviaSweet Crystal partout o\u00f9 tu utiliserais habituellement du sucre. Pour cuisiner, faire des g\u00e2teaux, pour les boissons et les desserts. Laisse libre cours \u00e0 ton imagination. Dans notre recueil de recettes, tu trouveras d&#8217;ailleurs une vaste source d&#8217;inspiration.<\/p>\n<p>Une cuill\u00e8re \u00e0 caf\u00e9 de SteviaSweet Crystal est l&#8217;\u00e9quivalent de deux cuill\u00e8res \u00e0 caf\u00e9 de sucre.<\/p>\n<p>&nbsp;<\/p>\n<p>Conservation :<br \/>\nConserver \u00e0 l\u2019abri de la chaleur, dans un endroit sec et inodore.<\/p>\n<p>Pays de production :<br \/>\nAllemand<\/p>\n<p>&nbsp;<\/p>\n","protected":false},"excerpt":{"rendered":"<p>Contenu<br \/>\n2 x 250 g<\/p>\n","protected":false},"featured_media":15521,"template":"","meta":{"_acf_changed":false,"inline_featured_image":false,"kia_subtitle":""},"product_brand":[],"product_cat":[315,321],"product_tag":[115,111,108,109,110,118,117,114,113],"class_list":{"0":"post-2303","1":"product","2":"type-product","3":"status-publish","4":"has-post-thumbnail","6":"productbadges-pack-duo","7":"product_cat-cuire-sans-sucre","8":"product_cat-substitut-du-sucre-fr","9":"product_tag-faible-en-glucides","10":"product_tag-sans-colorants","11":"product_tag-sans-fructose","12":"product_tag-sans-gluten","13":"product_tag-sans-lactose","14":"product_tag-sans-sucre","15":"product_tag-sans-sucres-ajoutes","16":"product_tag-vegan","17":"product_tag-vegetarien","19":"first","20":"instock","21":"sale","22":"taxable","23":"shipping-taxable","24":"purchasable","25":"product-type-bundle"},"bundled_by":[],"bundle_stock_status":"instock","bundle_stock_quantity":158,"bundle_virtual":false,"bundle_layout":"default","bundle_add_to_cart_form_location":"default","bundle_editable_in_cart":false,"bundle_sold_individually_context":"product","bundle_item_grouping":"parent","bundle_min_size":"","bundle_max_size":"","bundle_price":{"price":{"min":{"incl_tax":"15.9","excl_tax":"15.5"},"max":{"incl_tax":"15.9","excl_tax":"15.5"}},"regular_price":{"min":{"incl_tax":"17.9","excl_tax":"17.45"},"max":{"incl_tax":"17.9","excl_tax":"17.45"}}},"bundled_items":[{"bundled_item_id":121,"product_id":2292,"menu_order":0,"quantity_min":2,"quantity_max":2,"quantity_default":2,"priced_individually":true,"shipped_individually":false,"override_title":true,"title":"","override_description":true,"description":"","optional":false,"hide_thumbnail":false,"discount":"11.1731","override_variations":false,"allowed_variations":[""],"override_default_variation_attributes":false,"default_variation_attributes":[],"single_product_visibility":"hidden","cart_visibility":"hidden","order_visibility":"visible","single_product_price_visibility":"visible","cart_price_visibility":"visible","order_price_visibility":"visible","stock_status":"in_stock"}],"bundle_sell_ids":[],"acf":[],"publishpress_future_action":{"enabled":false,"date":"2026-04-13 04:58:37","action":"change-status","newStatus":"draft","terms":[],"taxonomy":"product_cat","extraData":[]},"publishpress_future_workflow_manual_trigger":{"enabledWorkflows":[]},"_links":{"self":[{"href":"http:\/\/dev.modularte.de\/STEVIASWEET-WP\/fr\/wp-json\/wp\/v2\/product\/2303","targetHints":{"allow":["GET"]}}],"collection":[{"href":"http:\/\/dev.modularte.de\/STEVIASWEET-WP\/fr\/wp-json\/wp\/v2\/product"}],"about":[{"href":"http:\/\/dev.modularte.de\/STEVIASWEET-WP\/fr\/wp-json\/wp\/v2\/types\/product"}],"wp:featuredmedia":[{"embeddable":true,"href":"http:\/\/dev.modularte.de\/STEVIASWEET-WP\/fr\/wp-json\/wp\/v2\/media\/15521"}],"wp:attachment":[{"href":"http:\/\/dev.modularte.de\/STEVIASWEET-WP\/fr\/wp-json\/wp\/v2\/media?parent=2303"}],"wp:term":[{"taxonomy":"product_brand","embeddable":true,"href":"http:\/\/dev.modularte.de\/STEVIASWEET-WP\/fr\/wp-json\/wp\/v2\/product_brand?post=2303"},{"taxonomy":"product_cat","embeddable":true,"href":"http:\/\/dev.modularte.de\/STEVIASWEET-WP\/fr\/wp-json\/wp\/v2\/product_cat?post=2303"},{"taxonomy":"product_tag","embeddable":true,"href":"http:\/\/dev.modularte.de\/STEVIASWEET-WP\/fr\/wp-json\/wp\/v2\/product_tag?post=2303"}],"curies":[{"name":"wp","href":"https:\/\/api.w.org\/{rel}","templated":true}]}}