{"id":2302,"date":"2022-04-19T12:54:31","date_gmt":"2022-04-19T10:54:31","guid":{"rendered":"http:\/\/dev.modularte.de\/STEVIASWEET-WP\/produkt\/nibs-de-chocolat-noir-sans-sucre-ajoute-2\/"},"modified":"2024-08-25T20:51:22","modified_gmt":"2024-08-25T18:51:22","slug":"nibs-de-chocolat-noir-myrtilles-sans-sucre","status":"publish","type":"product","link":"http:\/\/dev.modularte.de\/STEVIASWEET-WP\/fr\/produit\/nibs-de-chocolat-noir-myrtilles-sans-sucre\/","title":{"rendered":"Nibs de chocolat noir myrtille sans sucre ajout\u00e9"},"content":{"rendered":"<p>Les f\u00e8ves de cacao SteviaSweet marient irr\u00e9sistiblement le chocolat noir le plus fin \u00e0 un c\u0153ur tendre de bleuets qui lui donne une note sucr\u00e9e. \u00c0 la maison comme \u00e0 l\u2019ext\u00e9rieur, c\u2019est un en-cas parfait qui r\u00e9pond aux besoins d\u2019un mode de vie sain et \u00e9quilibr\u00e9.<\/p>\n<p>De plus, les \u00e9clats de chocolat noir sont sans sucre ajout\u00e9, sans OGM et v\u00e9g\u00e9taliens.<\/p>\n<p>&nbsp;<\/p>\n<p>Conservation:<br \/>\nConserver \u00e0 l\u2019abri de la chaleur, dans un endroit sec et inodore.<\/p>\n<p>Pays de production :<br \/>\nLituanie<\/p>\n","protected":false},"excerpt":{"rendered":"<p>Contenu<br \/>\n80 g<\/p>\n","protected":false},"featured_media":14981,"template":"","meta":{"_acf_changed":false,"inline_featured_image":false,"kia_subtitle":""},"product_brand":[],"product_cat":[319,320],"product_tag":[115,111,109,110,117,114,113],"class_list":{"0":"post-2302","1":"product","2":"type-product","3":"status-publish","4":"has-post-thumbnail","6":"product_cat-chocolate-sans-sucre","7":"product_cat-sucrerie-sans-sucre","8":"product_tag-faible-en-glucides","9":"product_tag-sans-colorants","10":"product_tag-sans-gluten","11":"product_tag-sans-lactose","12":"product_tag-sans-sucres-ajoutes","13":"product_tag-vegan","14":"product_tag-vegetarien","16":"first","17":"instock","18":"taxable","19":"shipping-taxable","20":"purchasable","21":"product-type-simple"},"bundled_by":["2331","2323","18504","20606","24476","24604","21656","23757"],"bundle_stock_status":"instock","bundle_stock_quantity":2791,"bundle_virtual":false,"bundle_layout":"","bundle_add_to_cart_form_location":"","bundle_editable_in_cart":false,"bundle_sold_individually_context":"","bundle_item_grouping":"","bundle_min_size":"","bundle_max_size":"","bundle_price":[],"bundled_items":[],"bundle_sell_ids":[],"acf":[],"publishpress_future_action":{"enabled":false,"date":"2026-04-12 18:51:52","action":"change-status","newStatus":"draft","terms":[],"taxonomy":"product_cat","extraData":[]},"publishpress_future_workflow_manual_trigger":{"enabledWorkflows":[]},"_links":{"self":[{"href":"http:\/\/dev.modularte.de\/STEVIASWEET-WP\/fr\/wp-json\/wp\/v2\/product\/2302","targetHints":{"allow":["GET"]}}],"collection":[{"href":"http:\/\/dev.modularte.de\/STEVIASWEET-WP\/fr\/wp-json\/wp\/v2\/product"}],"about":[{"href":"http:\/\/dev.modularte.de\/STEVIASWEET-WP\/fr\/wp-json\/wp\/v2\/types\/product"}],"wp:featuredmedia":[{"embeddable":true,"href":"http:\/\/dev.modularte.de\/STEVIASWEET-WP\/fr\/wp-json\/wp\/v2\/media\/14981"}],"wp:attachment":[{"href":"http:\/\/dev.modularte.de\/STEVIASWEET-WP\/fr\/wp-json\/wp\/v2\/media?parent=2302"}],"wp:term":[{"taxonomy":"product_brand","embeddable":true,"href":"http:\/\/dev.modularte.de\/STEVIASWEET-WP\/fr\/wp-json\/wp\/v2\/product_brand?post=2302"},{"taxonomy":"product_cat","embeddable":true,"href":"http:\/\/dev.modularte.de\/STEVIASWEET-WP\/fr\/wp-json\/wp\/v2\/product_cat?post=2302"},{"taxonomy":"product_tag","embeddable":true,"href":"http:\/\/dev.modularte.de\/STEVIASWEET-WP\/fr\/wp-json\/wp\/v2\/product_tag?post=2302"}],"curies":[{"name":"wp","href":"https:\/\/api.w.org\/{rel}","templated":true}]}}