{"id":2299,"date":"2022-04-19T12:54:31","date_gmt":"2022-04-19T10:54:31","guid":{"rendered":"http:\/\/dev.modularte.de\/STEVIASWEET-WP\/produkt\/premium-chocolat-sans-sucre-ajoute-2\/"},"modified":"2024-08-22T17:51:19","modified_gmt":"2024-08-22T15:51:19","slug":"premium-chocolat-noix-de-coco-crisps-sans-sucre","status":"publish","type":"product","link":"http:\/\/dev.modularte.de\/STEVIASWEET-WP\/fr\/produit\/premium-chocolat-noix-de-coco-crisps-sans-sucre\/","title":{"rendered":"Chocolat noix de coco crisps sans sucre ajout\u00e9"},"content":{"rendered":"<p>Le chocolat premium SteviaSweet est un choix tentant pour les amateurs de chocolat qui veulent \u00e9viter le sucre ajout\u00e9. M\u00e9ticuleusement \u00e9labor\u00e9e \u00e0 partir des meilleurs ingr\u00e9dients, chaque vari\u00e9t\u00e9 offre une exp\u00e9rience incroyablement douce et fondante en bouche.<\/p>\n<p>La vari\u00e9t\u00e9 exotique de chips \u00e0 la noix de coco s&#8217;inspire de la combinaison de chocolat au lait et de noix de coco &#8211; ce chocolat vous inspirera. Avec ce d\u00e9licieux chocolat, vous pouvez satisfaire votre envie de sucreries tout en maintenant votre mode de vie sain et conscient.<\/p>\n<p>Offrez-vous le plaisir sans mauvaise conscience !<\/p>\n<p>&nbsp;<\/p>\n<p>Conservation :<br \/>\nConserver \u00e0 l\u2019abri de la chaleur, dans un endroit sec et inodore.<\/p>\n<p>Pays de production :<br \/>\nBelgique<\/p>\n","protected":false},"excerpt":{"rendered":"<p>Contenu<br \/>\n85 g<\/p>\n","protected":false},"featured_media":14806,"template":"","meta":{"_acf_changed":false,"inline_featured_image":false,"kia_subtitle":""},"product_brand":[],"product_cat":[319,320],"product_tag":[115,111,112,108,109,117,113],"class_list":{"0":"post-2299","1":"product","2":"type-product","3":"status-publish","4":"has-post-thumbnail","6":"product_cat-chocolate-sans-sucre","7":"product_cat-sucrerie-sans-sucre","8":"product_tag-faible-en-glucides","9":"product_tag-sans-colorants","10":"product_tag-sans-exhausteur-de-gout","11":"product_tag-sans-fructose","12":"product_tag-sans-gluten","13":"product_tag-sans-sucres-ajoutes","14":"product_tag-vegetarien","16":"first","17":"instock","18":"taxable","19":"shipping-taxable","20":"purchasable","21":"product-type-simple"},"bundled_by":["2322","18504","24476"],"bundle_stock_status":"instock","bundle_stock_quantity":513,"bundle_virtual":false,"bundle_layout":"","bundle_add_to_cart_form_location":"","bundle_editable_in_cart":false,"bundle_sold_individually_context":"","bundle_item_grouping":"","bundle_min_size":"","bundle_max_size":"","bundle_price":[],"bundled_items":[],"bundle_sell_ids":[],"acf":[],"publishpress_future_action":{"enabled":false,"date":"2026-04-13 00:02:49","action":"change-status","newStatus":"draft","terms":[],"taxonomy":"product_cat","extraData":[]},"publishpress_future_workflow_manual_trigger":{"enabledWorkflows":[]},"_links":{"self":[{"href":"http:\/\/dev.modularte.de\/STEVIASWEET-WP\/fr\/wp-json\/wp\/v2\/product\/2299","targetHints":{"allow":["GET"]}}],"collection":[{"href":"http:\/\/dev.modularte.de\/STEVIASWEET-WP\/fr\/wp-json\/wp\/v2\/product"}],"about":[{"href":"http:\/\/dev.modularte.de\/STEVIASWEET-WP\/fr\/wp-json\/wp\/v2\/types\/product"}],"wp:featuredmedia":[{"embeddable":true,"href":"http:\/\/dev.modularte.de\/STEVIASWEET-WP\/fr\/wp-json\/wp\/v2\/media\/14806"}],"wp:attachment":[{"href":"http:\/\/dev.modularte.de\/STEVIASWEET-WP\/fr\/wp-json\/wp\/v2\/media?parent=2299"}],"wp:term":[{"taxonomy":"product_brand","embeddable":true,"href":"http:\/\/dev.modularte.de\/STEVIASWEET-WP\/fr\/wp-json\/wp\/v2\/product_brand?post=2299"},{"taxonomy":"product_cat","embeddable":true,"href":"http:\/\/dev.modularte.de\/STEVIASWEET-WP\/fr\/wp-json\/wp\/v2\/product_cat?post=2299"},{"taxonomy":"product_tag","embeddable":true,"href":"http:\/\/dev.modularte.de\/STEVIASWEET-WP\/fr\/wp-json\/wp\/v2\/product_tag?post=2299"}],"curies":[{"name":"wp","href":"https:\/\/api.w.org\/{rel}","templated":true}]}}