{"id":2293,"date":"2022-04-19T12:54:31","date_gmt":"2022-04-19T10:54:31","guid":{"rendered":"http:\/\/dev.modularte.de\/STEVIASWEET-WP\/produkt\/liquide-avec-de-lagave-sans-calories\/"},"modified":"2024-08-12T06:58:40","modified_gmt":"2024-08-12T04:58:40","slug":"liquide-avec-de-lagave","status":"publish","type":"product","link":"http:\/\/dev.modularte.de\/STEVIASWEET-WP\/fr\/produit\/liquide-avec-de-lagave\/","title":{"rendered":"Liquide avec de l&#8217;agave sans calories"},"content":{"rendered":"<p>Tu aimes les smoothies fruit\u00e9s et frais? Le pudding au chia et les a\u00e7ai bowls? Tu ne pourras plus te passer de SteviaSweet liquide \u00e0 l&#8217;agave. Gr\u00e2ce \u00e0 sa consistance liquide, il se m\u00e9lange facilement aux plats cr\u00e9meux ou liquides. Le sirop d&#8217;agave ajout\u00e9 apporte un go\u00fbt agr\u00e9able.<\/p>\n<p>Dix gouttes de SteviaSweet liquide \u00e0 l&#8217;agave correspondent \u00e0 une cuill\u00e8re \u00e0 caf\u00e9 de sucre.<\/p>\n<p>&nbsp;<\/p>\n<p>Conservation :<br \/>\nConserver \u00e0 l\u2019abri de la chaleur, dans un endroit sec et inodore.<\/p>\n<p>Pays de production :<br \/>\nSuisse<\/p>\n<p>&nbsp;<\/p>\n<p>&nbsp;<\/p>\n","protected":false},"excerpt":{"rendered":"<p>Contenu<br \/>\n125 ml<\/p>\n","protected":false},"featured_media":14958,"template":"","meta":{"_acf_changed":false,"inline_featured_image":false,"kia_subtitle":"Apporte aux cr\u00e8mes, desserts et boissons la note sucr\u00e9e n\u00e9cessaire"},"product_brand":[],"product_cat":[315,321],"product_tag":[115,111,112,108,109,110,118,117,114,113],"class_list":{"0":"post-2293","1":"product","2":"type-product","3":"status-publish","4":"has-post-thumbnail","6":"product_cat-cuire-sans-sucre","7":"product_cat-substitut-du-sucre-fr","8":"product_tag-faible-en-glucides","9":"product_tag-sans-colorants","10":"product_tag-sans-exhausteur-de-gout","11":"product_tag-sans-fructose","12":"product_tag-sans-gluten","13":"product_tag-sans-lactose","14":"product_tag-sans-sucre","15":"product_tag-sans-sucres-ajoutes","16":"product_tag-vegan","17":"product_tag-vegetarien","19":"first","20":"outofstock","21":"taxable","22":"shipping-taxable","23":"purchasable","24":"product-type-simple"},"bundled_by":[],"bundle_stock_status":"outofstock","bundle_stock_quantity":0,"bundle_virtual":false,"bundle_layout":"","bundle_add_to_cart_form_location":"","bundle_editable_in_cart":false,"bundle_sold_individually_context":"","bundle_item_grouping":"","bundle_min_size":"","bundle_max_size":"","bundle_price":[],"bundled_items":[],"bundle_sell_ids":[],"acf":[],"publishpress_future_action":{"enabled":false,"date":"2026-04-12 18:41:04","action":"change-status","newStatus":"draft","terms":[],"taxonomy":"product_cat","extraData":[]},"publishpress_future_workflow_manual_trigger":{"enabledWorkflows":[]},"_links":{"self":[{"href":"http:\/\/dev.modularte.de\/STEVIASWEET-WP\/fr\/wp-json\/wp\/v2\/product\/2293","targetHints":{"allow":["GET"]}}],"collection":[{"href":"http:\/\/dev.modularte.de\/STEVIASWEET-WP\/fr\/wp-json\/wp\/v2\/product"}],"about":[{"href":"http:\/\/dev.modularte.de\/STEVIASWEET-WP\/fr\/wp-json\/wp\/v2\/types\/product"}],"wp:featuredmedia":[{"embeddable":true,"href":"http:\/\/dev.modularte.de\/STEVIASWEET-WP\/fr\/wp-json\/wp\/v2\/media\/14958"}],"wp:attachment":[{"href":"http:\/\/dev.modularte.de\/STEVIASWEET-WP\/fr\/wp-json\/wp\/v2\/media?parent=2293"}],"wp:term":[{"taxonomy":"product_brand","embeddable":true,"href":"http:\/\/dev.modularte.de\/STEVIASWEET-WP\/fr\/wp-json\/wp\/v2\/product_brand?post=2293"},{"taxonomy":"product_cat","embeddable":true,"href":"http:\/\/dev.modularte.de\/STEVIASWEET-WP\/fr\/wp-json\/wp\/v2\/product_cat?post=2293"},{"taxonomy":"product_tag","embeddable":true,"href":"http:\/\/dev.modularte.de\/STEVIASWEET-WP\/fr\/wp-json\/wp\/v2\/product_tag?post=2293"}],"curies":[{"name":"wp","href":"https:\/\/api.w.org\/{rel}","templated":true}]}}