{"id":8428,"date":"2022-03-02T19:34:14","date_gmt":"2022-03-02T18:34:14","guid":{"rendered":"http:\/\/dev.modularte.de\/STEVIASWEET-WP\/zahlung-versand\/"},"modified":"2022-05-18T10:44:30","modified_gmt":"2022-05-18T10:44:30","slug":"zahlung-versand","status":"publish","type":"page","link":"http:\/\/dev.modularte.de\/STEVIASWEET-WP\/fr\/zahlung-versand\/","title":{"rendered":"Paiement et livraison"},"content":{"rendered":"\n<p>Les conditions suivantes s&#8217;appliquent :<\/p>\n\n\n\n<p>Les marchandises sont livr\u00e9es en Suisse.<br><strong>Frais d&#8217;exp\u00e9dition<\/strong>\u00a0(TVA l\u00e9gale incluse)<\/p>\n\n\n\n<figure class=\"wp-block-table\"><table><thead><tr><th><strong><strong><strong>Frais d&#8217;envoi des colis<\/strong><\/strong><\/strong><\/th><th>Forfait<\/th><\/tr><\/thead><tbody><tr><td>Suisse<\/td><td>CHF 4.-<\/td><\/tr><\/tbody><\/table><\/figure>\n\n\n\n<p>A partir d&#8217;une valeur de commande de CHF 40.- nous livrons gratuitement.<\/p>\n\n\n\n<p><strong>Modes de paiement accept\u00e9s<\/strong><\/p>\n\n\n\n<ul class=\"wp-block-list\"><li>Paiement per carte de cr\u00e9dit<\/li><li>Paiement par PayPal&nbsp;<\/li><li>Paiement par Twint<\/li><li>Paiement par la factur<\/li><\/ul>\n\n\n\n<p><strong>Plus de d\u00e9tails sur le paiement<\/strong><\/p>\n\n\n\n<p>En cas de paiement par carte de cr\u00e9dit, le compte de votre carte de cr\u00e9dit est d\u00e9bit\u00e9 au moment de la conclusion du contrat.<\/p>\n\n\n\n<div style=\"height:100px\" aria-hidden=\"true\" class=\"wp-block-spacer\"><\/div>\n","protected":false},"excerpt":{"rendered":"<p>Les conditions suivantes s&#8217;appliquent : Les marchandises sont livr\u00e9es en Suisse.Frais d&#8217;exp\u00e9dition\u00a0(TVA l\u00e9gale incluse) Frais d&#8217;envoi des colis Forfait Suisse CHF 4.- A partir d&#8217;une valeur de commande de CHF 40.- nous livrons gratuitement. Modes de paiement accept\u00e9s Paiement per carte de cr\u00e9dit Paiement par PayPal&nbsp; Paiement par Twint Paiement par la factur Plus de [&hellip;]<\/p>\n","protected":false},"author":1,"featured_media":0,"parent":0,"menu_order":17,"comment_status":"closed","ping_status":"closed","template":"","meta":{"_acf_changed":false,"inline_featured_image":false,"kia_subtitle":"","editor_notices":[],"footnotes":""},"tags":[],"class_list":["post-8428","page","type-page","status-publish","hentry"],"acf":[],"publishpress_future_action":{"enabled":false,"date":"2026-04-12 15:46:39","action":"change-status","newStatus":"draft","terms":[],"taxonomy":"post_tag","extraData":[]},"publishpress_future_workflow_manual_trigger":{"enabledWorkflows":[]},"_links":{"self":[{"href":"http:\/\/dev.modularte.de\/STEVIASWEET-WP\/fr\/wp-json\/wp\/v2\/pages\/8428","targetHints":{"allow":["GET"]}}],"collection":[{"href":"http:\/\/dev.modularte.de\/STEVIASWEET-WP\/fr\/wp-json\/wp\/v2\/pages"}],"about":[{"href":"http:\/\/dev.modularte.de\/STEVIASWEET-WP\/fr\/wp-json\/wp\/v2\/types\/page"}],"author":[{"embeddable":true,"href":"http:\/\/dev.modularte.de\/STEVIASWEET-WP\/fr\/wp-json\/wp\/v2\/users\/1"}],"replies":[{"embeddable":true,"href":"http:\/\/dev.modularte.de\/STEVIASWEET-WP\/fr\/wp-json\/wp\/v2\/comments?post=8428"}],"version-history":[{"count":1,"href":"http:\/\/dev.modularte.de\/STEVIASWEET-WP\/fr\/wp-json\/wp\/v2\/pages\/8428\/revisions"}],"predecessor-version":[{"id":18749,"href":"http:\/\/dev.modularte.de\/STEVIASWEET-WP\/fr\/wp-json\/wp\/v2\/pages\/8428\/revisions\/18749"}],"wp:attachment":[{"href":"http:\/\/dev.modularte.de\/STEVIASWEET-WP\/fr\/wp-json\/wp\/v2\/media?parent=8428"}],"wp:term":[{"taxonomy":"post_tag","embeddable":true,"href":"http:\/\/dev.modularte.de\/STEVIASWEET-WP\/fr\/wp-json\/wp\/v2\/tags?post=8428"}],"curies":[{"name":"wp","href":"https:\/\/api.w.org\/{rel}","templated":true}]}}