{"id":5765,"date":"2022-01-31T17:18:20","date_gmt":"2022-01-31T16:18:20","guid":{"rendered":"http:\/\/dev.modularte.de\/STEVIASWEET-WP\/impressum\/"},"modified":"2023-06-27T15:52:55","modified_gmt":"2023-06-27T13:52:55","slug":"mentions-legales","status":"publish","type":"page","link":"http:\/\/dev.modularte.de\/STEVIASWEET-WP\/fr\/mentions-legales\/","title":{"rendered":"Mentions l\u00e9gales"},"content":{"rendered":"\n<p class=\"has-text-align-center\">Hermes S\u00fcssstoff AG<br>Ankerstrasse 53<br>8004 Z\u00fcrich<\/p>\n\n\n\n<p class=\"has-text-align-center\">Num\u00e9ro de TVA intracommunautaire: CH-102 383 540<br>Registre du commerce: Kanton Z\u00fcrich<\/p>\n\n\n\n<p class=\"has-text-align-center\"><strong>Repr\u00e9sent\u00e9 par :<\/strong><br>Rimann Roland<\/p>\n\n\n\n<h2 class=\"wp-block-heading has-text-align-center\" id=\"h-contact\" id=\"contact\">Contact<\/h2>\n\n\n\n<p class=\"has-text-align-center\">T\u00e9l\u00e9phone : +41 (0) 44 245 43 00<br>T\u00e9l\u00e9copie : +41 (0)44 245 43 35<br>Courrier \u00e9lectronique : &#x69;&#110;f&#x6f;&#64;m&#x79;&#115;t&#x65;&#x76;&#105;&#x61;&#x73;&#119;e&#x65;&#116;&#46;&#x63;&#111;m<\/p>\n\n\n\n<h2 class=\"wp-block-heading has-text-align-center\" id=\"h-responsable-de-la-redaction\" id=\"responsable-de-la-redaction\">Responsable de la r\u00e9daction<\/h2>\n\n\n\n<p class=\"has-text-align-center\">Hermes S\u00fcssstoff AG<br>Ankerstrasse 53<br>8004 Z\u00fcrich<br>Suisse<\/p>\n\n\n\n<p class=\"has-text-align-center has-standard-font-size\"><strong>Responsable de la r\u00e9daction<\/strong><\/p>\n\n\n\n<p class=\"has-text-align-center\">MODULAR<br>www.modularte.de<\/p>\n","protected":false},"excerpt":{"rendered":"<p>Hermes S\u00fcssstoff AGAnkerstrasse 538004 Z\u00fcrich Num\u00e9ro de TVA intracommunautaire: CH-102 383 540Registre du commerce: Kanton Z\u00fcrich Repr\u00e9sent\u00e9 par :Rimann Roland Contact T\u00e9l\u00e9phone : +41 (0) 44 245 43 00T\u00e9l\u00e9copie : +41 (0)44 245 43 35Courrier \u00e9lectronique : info&#64;mys&#116;&#101;&#118;&#105;&#97;&#115;&#119;&#101;&#101;&#116;&#x2e;&#x63;&#x6f;&#x6d; Responsable de la r\u00e9daction Hermes S\u00fcssstoff AGAnkerstrasse 538004 Z\u00fcrichSuisse Responsable de la r\u00e9daction MODULARwww.modularte.de<\/p>\n","protected":false},"author":1,"featured_media":0,"parent":0,"menu_order":14,"comment_status":"closed","ping_status":"closed","template":"","meta":{"_acf_changed":false,"inline_featured_image":false,"kia_subtitle":"","editor_notices":[],"footnotes":""},"tags":[],"class_list":["post-5765","page","type-page","status-publish","hentry"],"acf":[],"publishpress_future_action":{"enabled":false,"date":"2026-04-12 21:51:03","action":"change-status","newStatus":"draft","terms":[],"taxonomy":"post_tag","extraData":[]},"publishpress_future_workflow_manual_trigger":{"enabledWorkflows":[]},"_links":{"self":[{"href":"http:\/\/dev.modularte.de\/STEVIASWEET-WP\/fr\/wp-json\/wp\/v2\/pages\/5765","targetHints":{"allow":["GET"]}}],"collection":[{"href":"http:\/\/dev.modularte.de\/STEVIASWEET-WP\/fr\/wp-json\/wp\/v2\/pages"}],"about":[{"href":"http:\/\/dev.modularte.de\/STEVIASWEET-WP\/fr\/wp-json\/wp\/v2\/types\/page"}],"author":[{"embeddable":true,"href":"http:\/\/dev.modularte.de\/STEVIASWEET-WP\/fr\/wp-json\/wp\/v2\/users\/1"}],"replies":[{"embeddable":true,"href":"http:\/\/dev.modularte.de\/STEVIASWEET-WP\/fr\/wp-json\/wp\/v2\/comments?post=5765"}],"version-history":[{"count":3,"href":"http:\/\/dev.modularte.de\/STEVIASWEET-WP\/fr\/wp-json\/wp\/v2\/pages\/5765\/revisions"}],"predecessor-version":[{"id":25844,"href":"http:\/\/dev.modularte.de\/STEVIASWEET-WP\/fr\/wp-json\/wp\/v2\/pages\/5765\/revisions\/25844"}],"wp:attachment":[{"href":"http:\/\/dev.modularte.de\/STEVIASWEET-WP\/fr\/wp-json\/wp\/v2\/media?parent=5765"}],"wp:term":[{"taxonomy":"post_tag","embeddable":true,"href":"http:\/\/dev.modularte.de\/STEVIASWEET-WP\/fr\/wp-json\/wp\/v2\/tags?post=5765"}],"curies":[{"name":"wp","href":"https:\/\/api.w.org\/{rel}","templated":true}]}}