{"id":5751,"date":"2022-01-31T19:06:19","date_gmt":"2022-01-31T18:06:19","guid":{"rendered":"http:\/\/dev.modularte.de\/STEVIASWEET-WP\/media-kit\/"},"modified":"2022-08-01T15:02:54","modified_gmt":"2022-08-01T13:02:54","slug":"kit-medias","status":"publish","type":"page","link":"http:\/\/dev.modularte.de\/STEVIASWEET-WP\/fr\/kit-medias\/","title":{"rendered":"Kit m\u00e9dias"},"content":{"rendered":"\n<p class=\"has-text-align-center\">N&#8217;h\u00e9sitez pas \u00e0 utiliser notre logo, nos images et nos ic\u00f4nes SteviaSweet dans votre publication ou vos m\u00e9dias.<\/p>\n\n\n\n<div class=\"wp-block-file\"><a id=\"wp-block-file--media-d86a5972-55ea-4dd7-8e6f-8763c43263da\" href=\"http:\/\/dev.modularte.de\/STEVIASWEET-WP\/wp-content\/uploads\/2022\/06\/MEDIAKIT-D-A-CH.zip\">Mediakit &#8211; ZIP File<\/a><a href=\"http:\/\/dev.modularte.de\/STEVIASWEET-WP\/wp-content\/uploads\/2022\/06\/MEDIAKIT-D-A-CH.zip\" class=\"wp-block-file__button\" download aria-describedby=\"wp-block-file--media-d86a5972-55ea-4dd7-8e6f-8763c43263da\">T\u00e9l\u00e9charger<\/a><\/div>\n","protected":false},"excerpt":{"rendered":"<p>N&#8217;h\u00e9sitez pas \u00e0 utiliser notre logo, nos images et nos ic\u00f4nes SteviaSweet dans votre publication ou vos m\u00e9dias.<\/p>\n","protected":false},"author":1,"featured_media":0,"parent":0,"menu_order":11,"comment_status":"closed","ping_status":"closed","template":"","meta":{"_acf_changed":false,"inline_featured_image":false,"kia_subtitle":"","editor_notices":[],"footnotes":""},"tags":[],"class_list":["post-5751","page","type-page","status-publish","hentry"],"acf":[],"publishpress_future_action":{"enabled":false,"date":"2026-04-12 23:38:10","action":"change-status","newStatus":"draft","terms":[],"taxonomy":"post_tag","extraData":[]},"publishpress_future_workflow_manual_trigger":{"enabledWorkflows":[]},"_links":{"self":[{"href":"http:\/\/dev.modularte.de\/STEVIASWEET-WP\/fr\/wp-json\/wp\/v2\/pages\/5751","targetHints":{"allow":["GET"]}}],"collection":[{"href":"http:\/\/dev.modularte.de\/STEVIASWEET-WP\/fr\/wp-json\/wp\/v2\/pages"}],"about":[{"href":"http:\/\/dev.modularte.de\/STEVIASWEET-WP\/fr\/wp-json\/wp\/v2\/types\/page"}],"author":[{"embeddable":true,"href":"http:\/\/dev.modularte.de\/STEVIASWEET-WP\/fr\/wp-json\/wp\/v2\/users\/1"}],"replies":[{"embeddable":true,"href":"http:\/\/dev.modularte.de\/STEVIASWEET-WP\/fr\/wp-json\/wp\/v2\/comments?post=5751"}],"version-history":[{"count":1,"href":"http:\/\/dev.modularte.de\/STEVIASWEET-WP\/fr\/wp-json\/wp\/v2\/pages\/5751\/revisions"}],"predecessor-version":[{"id":18743,"href":"http:\/\/dev.modularte.de\/STEVIASWEET-WP\/fr\/wp-json\/wp\/v2\/pages\/5751\/revisions\/18743"}],"wp:attachment":[{"href":"http:\/\/dev.modularte.de\/STEVIASWEET-WP\/fr\/wp-json\/wp\/v2\/media?parent=5751"}],"wp:term":[{"taxonomy":"post_tag","embeddable":true,"href":"http:\/\/dev.modularte.de\/STEVIASWEET-WP\/fr\/wp-json\/wp\/v2\/tags?post=5751"}],"curies":[{"name":"wp","href":"https:\/\/api.w.org\/{rel}","templated":true}]}}