{"id":5547,"date":"2022-03-02T19:37:19","date_gmt":"2022-03-02T18:37:19","guid":{"rendered":"http:\/\/dev.modularte.de\/STEVIASWEET-WP\/kontakt\/"},"modified":"2024-07-16T13:28:47","modified_gmt":"2024-07-16T11:28:47","slug":"coordonnees","status":"publish","type":"page","link":"http:\/\/dev.modularte.de\/STEVIASWEET-WP\/fr\/coordonnees\/","title":{"rendered":"Contact"},"content":{"rendered":"\n<p class=\"has-text-align-center has-intro-font-size\">Appelle-nous ou \u00e9cris-nous &#8211; nous attendons tes r\u00e9actions!<\/p>\n\n\n\n<div style=\"height:50px\" aria-hidden=\"true\" class=\"wp-block-spacer\"><\/div>\n\n\n\n<div class=\"wp-block-columns alignwide is-layout-flex wp-container-core-columns-is-layout-28f84493 wp-block-columns-is-layout-flex\">\n<div class=\"wp-block-column is-layout-flow wp-block-column-is-layout-flow\">\n<h2 class=\"wp-block-heading\" id=\"h-adresse\" id=\"adresse\">Adresse<\/h2>\n\n\n\n<p><strong>SteviaSweet Konsumentendienst<\/strong><br>Hermes S\u00fcssstoff AG<br>Ankerstrasse 53<br>8004 Z\u00fcrich<\/p>\n\n\n\n<p>+41 (0) 44 245 43 42<br><a href=\"&#109;a&#x69;l&#x74;o&#x3a;&#105;&#x6e;&#102;&#x6f;&#64;m&#x79;s&#x74;e&#x76;&#105;&#x61;&#115;&#x77;&#101;&#x65;&#116;&#46;&#x63;o&#x6d;\">&#105;&#x6e;f&#111;&#x40;&#109;&#x79;s&#116;&#x65;v&#x69;&#x61;&#115;&#x77;e&#101;&#x74;&#46;&#x63;&#x6f;&#109;<\/a><\/p>\n<\/div>\n\n\n\n<div class=\"wp-block-column is-layout-flow wp-block-column-is-layout-flow\">\n<h2 class=\"wp-block-heading\" id=\"coordonnees\">Coordonn\u00e9es<\/h2>\n\n\n\n<div class=\"wpcf7 no-js\" id=\"wpcf7-f6107-o1\" lang=\"fr-FR\" dir=\"ltr\" data-wpcf7-id=\"6107\">\n<div class=\"screen-reader-response\"><p role=\"status\" aria-live=\"polite\" aria-atomic=\"true\"><\/p> <ul><\/ul><\/div>\n<form action=\"\/STEVIASWEET-WP\/fr\/wp-json\/wp\/v2\/pages\/5547#wpcf7-f6107-o1\" method=\"post\" class=\"wpcf7-form init wpcf7-acceptance-as-validation\" aria-label=\"Contact form\" novalidate=\"novalidate\" data-status=\"init\">\n<fieldset class=\"hidden-fields-container\"><input type=\"hidden\" name=\"_wpcf7\" value=\"6107\" \/><input type=\"hidden\" name=\"_wpcf7_version\" value=\"6.1.5\" \/><input type=\"hidden\" name=\"_wpcf7_locale\" value=\"fr_FR\" \/><input type=\"hidden\" name=\"_wpcf7_unit_tag\" value=\"wpcf7-f6107-o1\" \/><input type=\"hidden\" name=\"_wpcf7_container_post\" value=\"0\" \/><input type=\"hidden\" name=\"_wpcf7_posted_data_hash\" value=\"\" \/>\n<\/fieldset>\n<div class=\"form-row form-row-first\">\n\t<p><label> Pr\u00e9nom*<\/label><br \/>\n<span class=\"wpcf7-form-control-wrap\" data-name=\"first-name\"><input size=\"40\" maxlength=\"400\" class=\"wpcf7-form-control wpcf7-text wpcf7-validates-as-required\" aria-required=\"true\" aria-invalid=\"false\" value=\"\" type=\"text\" name=\"first-name\" \/><\/span>\n\t<\/p>\n<\/div>\n<div class=\"form-row form-row-last\">\n\t<p><label> Nom* <\/label><br \/>\n<span class=\"wpcf7-form-control-wrap\" data-name=\"last-name\"><input size=\"40\" maxlength=\"400\" class=\"wpcf7-form-control wpcf7-text wpcf7-validates-as-required\" aria-required=\"true\" aria-invalid=\"false\" value=\"\" type=\"text\" name=\"last-name\" \/><\/span>\n\t<\/p>\n<\/div>\n<div class=\"form-row form-row-first\">\n\t<p><label> E-mail* <\/label><br \/>\n<span class=\"wpcf7-form-control-wrap\" data-name=\"your-email\"><input size=\"40\" maxlength=\"400\" class=\"wpcf7-form-control wpcf7-email wpcf7-validates-as-required wpcf7-text wpcf7-validates-as-email\" aria-required=\"true\" aria-invalid=\"false\" value=\"\" type=\"email\" name=\"your-email\" \/><\/span>\n\t<\/p>\n<\/div>\n<div class=\"form-row form-row-last\">\n\t<p><label> T\u00e9l\u00e9phone <\/label><br \/>\n<span class=\"wpcf7-form-control-wrap\" data-name=\"telefon\"><input size=\"40\" maxlength=\"400\" class=\"wpcf7-form-control wpcf7-text wpcf7-validates-as-required\" aria-required=\"true\" aria-invalid=\"false\" value=\"\" type=\"text\" name=\"telefon\" \/><\/span>\n\t<\/p>\n<\/div>\n<div class=\"form-row\">\n\t<p><label> Votre message* (optional)<br \/>\n<span class=\"wpcf7-form-control-wrap\" data-name=\"your-message\"><textarea cols=\"40\" rows=\"10\" maxlength=\"2000\" class=\"wpcf7-form-control wpcf7-textarea\" aria-invalid=\"false\" name=\"your-message\"><\/textarea><\/span> <\/label>\n\t<\/p>\n<\/div>\n<p><span class=\"wpcf7-form-control-wrap\" data-name=\"acceptance-900\"><span class=\"wpcf7-form-control wpcf7-acceptance optional\"><span class=\"wpcf7-list-item\"><label><input type=\"checkbox\" name=\"acceptance-900\" value=\"1\" aria-invalid=\"false\" \/><span class=\"wpcf7-list-item-label\">J'ai lu la note de <a href=\"privacy-policy\/\">Politique de confidentialit\u00e9<\/a>. J'accepte que mes coordonn\u00e9es et donn\u00e9es soient collect\u00e9es et stock\u00e9es \u00e9lectroniquement pour r\u00e9pondre \u00e0 ma demande.<\/span><\/label><\/span><\/span><\/span>\n<\/p>\n<p><input class=\"wpcf7-form-control wpcf7-submit has-spinner\" type=\"submit\" value=\"Envoyer\" \/>\n<\/p><div class=\"wpcf7-response-output\" aria-hidden=\"true\"><\/div>\n<\/form>\n<\/div>\n\n<\/div>\n<\/div>\n\n\n\n<p><\/p>\n","protected":false},"excerpt":{"rendered":"<p>Appelle-nous ou \u00e9cris-nous &#8211; nous attendons tes r\u00e9actions! Adresse SteviaSweet KonsumentendienstHermes S\u00fcssstoff AGAnkerstrasse 538004 Z\u00fcrich +41 (0) 44 245 43 42info&#64;mysteviasweet&#46;com Coordonn\u00e9es<\/p>\n","protected":false},"author":1,"featured_media":0,"parent":0,"menu_order":12,"comment_status":"closed","ping_status":"closed","template":"","meta":{"_acf_changed":false,"inline_featured_image":false,"kia_subtitle":"","editor_notices":[],"footnotes":""},"tags":[],"class_list":["post-5547","page","type-page","status-publish","hentry"],"acf":[],"publishpress_future_action":{"enabled":false,"date":"2026-04-12 23:33:38","action":"change-status","newStatus":"draft","terms":[],"taxonomy":"post_tag","extraData":[]},"publishpress_future_workflow_manual_trigger":{"enabledWorkflows":[]},"_links":{"self":[{"href":"http:\/\/dev.modularte.de\/STEVIASWEET-WP\/fr\/wp-json\/wp\/v2\/pages\/5547","targetHints":{"allow":["GET"]}}],"collection":[{"href":"http:\/\/dev.modularte.de\/STEVIASWEET-WP\/fr\/wp-json\/wp\/v2\/pages"}],"about":[{"href":"http:\/\/dev.modularte.de\/STEVIASWEET-WP\/fr\/wp-json\/wp\/v2\/types\/page"}],"author":[{"embeddable":true,"href":"http:\/\/dev.modularte.de\/STEVIASWEET-WP\/fr\/wp-json\/wp\/v2\/users\/1"}],"replies":[{"embeddable":true,"href":"http:\/\/dev.modularte.de\/STEVIASWEET-WP\/fr\/wp-json\/wp\/v2\/comments?post=5547"}],"version-history":[{"count":2,"href":"http:\/\/dev.modularte.de\/STEVIASWEET-WP\/fr\/wp-json\/wp\/v2\/pages\/5547\/revisions"}],"predecessor-version":[{"id":35999,"href":"http:\/\/dev.modularte.de\/STEVIASWEET-WP\/fr\/wp-json\/wp\/v2\/pages\/5547\/revisions\/35999"}],"wp:attachment":[{"href":"http:\/\/dev.modularte.de\/STEVIASWEET-WP\/fr\/wp-json\/wp\/v2\/media?parent=5547"}],"wp:term":[{"taxonomy":"post_tag","embeddable":true,"href":"http:\/\/dev.modularte.de\/STEVIASWEET-WP\/fr\/wp-json\/wp\/v2\/tags?post=5547"}],"curies":[{"name":"wp","href":"https:\/\/api.w.org\/{rel}","templated":true}]}}