{"id":14612,"date":"2022-08-17T14:08:35","date_gmt":"2022-08-17T12:08:35","guid":{"rendered":"http:\/\/mysteviasweet.ch.w01dee90.kasserver.com\/ratgeber\/"},"modified":"2022-12-13T11:47:55","modified_gmt":"2022-12-13T10:47:55","slug":"guide-apercu","status":"publish","type":"page","link":"http:\/\/dev.modularte.de\/STEVIASWEET-WP\/fr\/guide-apercu\/","title":{"rendered":"Guide"},"content":{"rendered":"\n<div id=\"top-headline-block_e935bf9536ee6bbe76e4ecd2218b0e5b\" class=\"top_headline\" style=\"text-align: center\">GUIDE<\/div>\n\n\n\n<h1 class=\"has-text-align-center wp-block-heading\" id=\"h-pour-tout-savoir-sur-la-stevia-les-succedanes-du-sucre-et-avoir-un-style-de-vie-sain\" id=\"pour-tout-savoir-sur-la-stevia-les-succedanes-du-sucre-et-avoir-un-style-de-vie-sain\">Pour tout savoir sur la st\u00e9via, les succ\u00e9dan\u00e9s du sucre et avoir un style de vie sain<\/h1>\n\n\n\n<div class=\"wp-block-columns alignwide is-layout-flex wp-container-core-columns-is-layout-28f84493 wp-block-columns-is-layout-flex\">\n<div class=\"wp-block-column is-layout-flow wp-block-column-is-layout-flow\">\n<figure class=\"wp-block-image size-full is-style-editorskit-rounded\"><a href=\"http:\/\/dev.modularte.de\/STEVIASWEET-WP\/fr\/notre-guide\/style-vie-sain-famille\/\"><img decoding=\"async\" src=\"http:\/\/dev.modularte.de\/STEVIASWEET-WP\/wp-content\/uploads\/2022\/08\/gesunder-lifestyle-fuer-die-ganze-familie.jpg\" alt=\"Un style de vie sain pour toute la famille\" class=\"wp-image-13444\"\/><\/a><\/figure>\n\n\n\n<h2 class=\"has-text-align-center has-h-3-font-size wp-block-heading\" id=\"un-style-de-vie-sain-pour-toute-la-famille\"><strong>Un style de vie sain pour toute la famille<\/strong><\/h2>\n\n\n\n<div class=\"wp-block-buttons is-content-justification-center is-layout-flex wp-container-core-buttons-is-layout-a89b3969 wp-block-buttons-is-layout-flex\">\n<div class=\"wp-block-button is-style-outline is-style-outline--2\"><a class=\"wp-block-button__link wp-element-button\" href=\"http:\/\/dev.modularte.de\/STEVIASWEET-WP\/fr\/notre-guide\/style-vie-sain-famille\/\" style=\"border-radius:0px\"><strong>NOTRE TH\u00c8ME ACTUEL<\/strong><\/a><\/div>\n<\/div>\n<\/div>\n\n\n\n<div class=\"wp-block-column is-layout-flow wp-block-column-is-layout-flow\">\n<figure class=\"wp-block-image size-full is-style-editorskit-rounded\"><a href=\"http:\/\/dev.modularte.de\/STEVIASWEET-WP\/fr\/notre-guide\/alimentation-sans-sucre\/\"><img decoding=\"async\" src=\"http:\/\/dev.modularte.de\/STEVIASWEET-WP\/wp-content\/uploads\/2022\/08\/abnehmen-mit-zuckerfreier-ernaehrung.jpg\" alt=\"Abnehmen mit zuckerfreier Ern\u00e4hrung\" class=\"wp-image-13446\"\/><\/a><\/figure>\n\n\n\n<h2 class=\"has-text-align-center has-h-3-font-size wp-block-heading\" id=\"une-alimentation-sans-sucre\"><strong>Une alimentation sans sucre<\/strong><\/h2>\n\n\n\n<div class=\"wp-block-buttons is-content-justification-center is-layout-flex wp-container-core-buttons-is-layout-a89b3969 wp-block-buttons-is-layout-flex\">\n<div class=\"wp-block-button is-style-outline is-style-outline--3\"><a class=\"wp-block-button__link wp-element-button\" href=\"http:\/\/dev.modularte.de\/STEVIASWEET-WP\/fr\/notre-guide\/alimentation-sans-sucre\/\" style=\"border-radius:0px\"><strong>NOTRE TH\u00c8ME ACTUEL<\/strong><\/a><\/div>\n<\/div>\n<\/div>\n\n\n\n<div class=\"wp-block-column is-layout-flow wp-block-column-is-layout-flow\">\n<figure class=\"wp-block-image size-full is-style-editorskit-rounded\"><a href=\"http:\/\/dev.modularte.de\/STEVIASWEET-WP\/fr\/notre-guide\/nutrition-sans-sucre\/\"><img decoding=\"async\" src=\"http:\/\/dev.modularte.de\/STEVIASWEET-WP\/wp-content\/uploads\/2022\/08\/zuckerfreies-naschen.jpg\" alt=\"Zuckerfreies Naschen\" class=\"wp-image-13448\"\/><\/a><\/figure>\n\n\n\n<h2 class=\"has-text-align-center has-h-3-font-size wp-block-heading\" id=\"pour-se-regaler-sans-sucre\"><strong><strong>Pour se r\u00e9galer sans sucre<\/strong><\/strong><\/h2>\n\n\n\n<div class=\"wp-block-buttons is-content-justification-center is-layout-flex wp-container-core-buttons-is-layout-a89b3969 wp-block-buttons-is-layout-flex\">\n<div class=\"wp-block-button is-style-outline is-style-outline--4\"><a class=\"wp-block-button__link wp-element-button\" href=\"http:\/\/dev.modularte.de\/STEVIASWEET-WP\/fr\/notre-guide\/nutrition-sans-sucre\/\" style=\"border-radius:0px\"><strong>NOTRE TH\u00c8ME ACTUEL<\/strong><\/a><\/div>\n<\/div>\n<\/div>\n<\/div>\n\n\n\n<div style=\"height:40px\" aria-hidden=\"true\" class=\"wp-block-spacer\"><\/div>\n\n\n\n<div id=\"newsletter-block-block_db91e598d6a3935716d63603f5741d6c\" class=\"newsletter_block alignfull\">\n  <div class=\"newsletter_block__waves-top\">\n    <svg class=\"waves\" xmlns=\"http:\/\/www.w3.org\/2000\/svg\" xmlns:xlink=\"http:\/\/www.w3.org\/1999\/xlink\" viewBox=\"0 24 150 28\" preserveAspectRatio=\"none\" shape-rendering=\"auto\">\n      <defs>\n        <path id=\"gentle-wave\" d=\"M-160 44c30 0 58-18 88-18s 58 18 88 18 58-18 88-18 58 18 88 18 v44h-352z\" \/>\n      <\/defs>\n      <g class=\"parallax\">\n        <use xlink:href=\"#gentle-wave\" x=\"48\" y=\"0\" fill=\"#66BC29\" \/>\n        <use xlink:href=\"#gentle-wave\" x=\"48\" y=\"8\" fill=\"#417630\" \/>\n      <\/g>\n    <\/svg>\n  <\/div>\n  <div class=\"newsletter_block__content\">\n    <div class=\"newsletter_block__wrapper frame-wide\">\n            <div class=\"newsletter_block__image\">\n        <img decoding=\"async\" width=\"480\" height=\"520\" src=\"http:\/\/dev.modularte.de\/STEVIASWEET-WP\/wp-content\/uploads\/2022\/05\/steviasweet-newsletter-480x520.png\" class=\"attachment-newsletter size-newsletter\" alt=\"\" srcset=\"http:\/\/dev.modularte.de\/STEVIASWEET-WP\/wp-content\/uploads\/2022\/05\/steviasweet-newsletter-480x520.png 480w, http:\/\/dev.modularte.de\/STEVIASWEET-WP\/wp-content\/uploads\/2022\/05\/steviasweet-newsletter-780x845.png 780w, http:\/\/dev.modularte.de\/STEVIASWEET-WP\/wp-content\/uploads\/2022\/05\/steviasweet-newsletter-150x163.png 150w, http:\/\/dev.modularte.de\/STEVIASWEET-WP\/wp-content\/uploads\/2022\/05\/steviasweet-newsletter-768x832.png 768w, http:\/\/dev.modularte.de\/STEVIASWEET-WP\/wp-content\/uploads\/2022\/05\/steviasweet-newsletter-860x932.png 860w, http:\/\/dev.modularte.de\/STEVIASWEET-WP\/wp-content\/uploads\/2022\/05\/steviasweet-newsletter-420x455.png 420w, http:\/\/dev.modularte.de\/STEVIASWEET-WP\/wp-content\/uploads\/2022\/05\/steviasweet-newsletter-255x276.png 255w, http:\/\/dev.modularte.de\/STEVIASWEET-WP\/wp-content\/uploads\/2022\/05\/steviasweet-newsletter-530x574.png 530w, http:\/\/dev.modularte.de\/STEVIASWEET-WP\/wp-content\/uploads\/2022\/05\/steviasweet-newsletter-670x726.png 670w, http:\/\/dev.modularte.de\/STEVIASWEET-WP\/wp-content\/uploads\/2022\/05\/steviasweet-newsletter-252x273.png 252w, http:\/\/dev.modularte.de\/STEVIASWEET-WP\/wp-content\/uploads\/2022\/05\/steviasweet-newsletter-400x433.png 400w, http:\/\/dev.modularte.de\/STEVIASWEET-WP\/wp-content\/uploads\/2022\/05\/steviasweet-newsletter-640x693.png 640w, http:\/\/dev.modularte.de\/STEVIASWEET-WP\/wp-content\/uploads\/2022\/05\/steviasweet-newsletter.png 960w, http:&#47;&#x2f;&#x64;e&#118;&#x2e;&#x6d;o&#100;&#x75;l&#97;&#x72;&#x74;e&#46;&#x64;e&#47;&#x53;&#x54;E&#86;&#x49;&#x41;&#83;&#x57;&#x45;E&#84;&#x2d;&#x57;P&#47;&#x77;p&#45;&#x63;&#x6f;n&#116;&#x65;n&#116;&#x2f;&#x75;p&#108;&#x6f;&#x61;&#100;&#x73;&#x2f;2&#48;&#x32;&#x32;\/&#48;&#x35;\/&#115;&#x74;&#x65;v&#105;&#x61;s&#119;&#x65;&#x65;t&#45;&#x6e;&#x65;&#119;&#x73;&#x6c;e&#116;&#x74;&#x65;r&#45;&#x31;5&#48;&#x78;&#x31;6&#51;&#x40;2&#120;&#x2e;&#x70;n&#103; 300w, http:&#47;&#x2f;&#100;&#x65;&#118;&#x2e;&#109;&#x6f;d&#x75;l&#x61;r&#x74;e&#46;&#x64;&#101;&#x2f;&#83;&#x54;&#69;&#x56;&#73;&#x41;S&#x57;E&#x45;T&#x2d;W&#80;&#x2f;&#119;&#x70;&#45;&#x63;&#111;&#x6e;&#116;&#x65;n&#x74;\/&#x75;p&#x6c;o&#97;&#x64;&#115;&#x2f;&#50;&#x30;&#50;&#x32;&#47;&#x30;5&#x2f;s&#x74;e&#118;i&#97;&#x73;&#119;&#x65;&#101;&#x74;&#45;&#x6e;&#101;&#x77;s&#x6c;e&#x74;t&#101;r&#45;&#x34;&#50;&#x30;&#120;&#x34;&#53;&#x35;&#64;&#x32;x&#x2e;p&#x6e;g 840w, http:&#x2f;\/&#x64;&#101;&#x76;&#46;m&#x6f;d&#x75;&#108;&#x61;&#114;t&#x65;&#46;&#x64;&#101;\/&#x53;T&#x45;&#86;&#x49;&#65;S&#x57;E&#x45;&#84;&#x2d;&#x57;P&#x2f;&#119;&#x70;&#45;c&#x6f;n&#x74;&#101;&#x6e;&#116;\/&#x75;&#112;&#x6c;&#111;&#x61;&#x64;s&#x2f;&#50;&#x30;&#50;2&#x2f;0&#x35;&#47;&#x73;&#116;e&#x76;&#105;&#x61;&#115;w&#x65;e&#x74;&#45;&#x6e;&#101;w&#x73;l&#x65;&#116;&#x74;&#x65;r&#x2d;&#50;&#x35;&#53;x&#x32;7&#x36;&#64;&#x32;&#120;&#46;&#x70;&#110;&#x67; 510w\" sizes=\"(max-width: 480px) 100vw, 480px\" \/>      <\/div>\n            <div class=\"newsletter_block__content\">\n                <div class=\"newsletter_block__description\"><p>B\u00e9n\u00e9ficiez de <strong>10%<\/strong> de remise sur votre prochaine commande<\/p>\n<\/div>\n                        <h2 class=\"newsletter_block__title\" id=\"abonnez-vous-a-notre-newsletter\">Abonnez-vous \u00e0 notre newsletter<\/h2>\n        \n        <form action=\"https:\/\/mysteviasweet.us7.list-manage.com\/subscribe\/post?u=223f87897f68dbede8b31be13&amp;id=0aa85d2996\" method=\"post\" id=\"mc-embedded-subscribe-form\" name=\"mc-embedded-subscribe-form\" class=\"newsletter_block__form validate entry-form box-row\" target=\"_blank\" novalidate=\"\">\n          <input type=\"email\" value=\"\" name=\"EMAIL\" class=\"required\" id=\"mce-EMAIL\" placeholder=\"Votre adresse e-mail\">\n          <button type=\"submit\" data-info=\"subscribe-newsletter\" id=\"mc-embedded-subscribe\">S\u2019abonner<\/button>\n\n          <div id=\"mce-responses\" class=\"clear\">\n            <div class=\"response\" id=\"mce-error-response\" style=\"display:none\"><\/div>\n            <div class=\"response\" id=\"mce-success-response\" style=\"display:none\"><\/div>\n          <\/div>\n\n          <!-- real people should not fill this in and expect good things - do not remove this or risk form bot signups-->\n          <div style=\"position: absolute; left: -5000px;\" aria-hidden=\"true\"><input type=\"text\" name=\"b_223f87897f68dbede8b31be13_0aa85d2996\" tabindex=\"-1\" value=\"\"><\/div>\n        <\/form>\n        <div class=\"newsletter-block__note\">Par la pr\u00e9sente, je donne mon accord pour recevoir la newsletter. Ce consentement est volontaire et peut \u00eatre r\u00e9voqu\u00e9 \u00e0 tout moment.<\/div>\n      <\/div>\n    <\/div>\n  <\/div>\n  <div class=\"newsletter_block__waves-bottom\">\n    <svg class=\"waves\" xmlns=\"http:\/\/www.w3.org\/2000\/svg\" xmlns:xlink=\"http:\/\/www.w3.org\/1999\/xlink\" viewBox=\"0 24 150 28\" preserveAspectRatio=\"none\" shape-rendering=\"auto\">\n      <defs>\n        <path id=\"gentle-wave\" d=\"M-160 44c30 0 58-18 88-18s 58 18 88 18 58-18 88-18 58 18 88 18 v44h-352z\" \/>\n      <\/defs>\n      <g class=\"parallax\">\n        <use xlink:href=\"#gentle-wave\" x=\"48\" y=\"8\" fill=\"#417630\" \/>\n      <\/g>\n    <\/svg>\n  <\/div>\n<\/div>\n\n\n<div style=\"height:80px\" aria-hidden=\"true\" class=\"wp-block-spacer\"><\/div>\n\n\n\n<div style=\"height:50px\" aria-hidden=\"true\" class=\"wp-block-spacer\"><\/div>\n","protected":false},"excerpt":{"rendered":"<p>Pour tout savoir sur la st\u00e9via, les succ\u00e9dan\u00e9s du sucre et avoir un style de vie sain Un style de vie sain pour toute la famille Une alimentation sans sucre Pour se r\u00e9galer sans sucre<\/p>\n","protected":false},"author":1,"featured_media":0,"parent":0,"menu_order":3,"comment_status":"closed","ping_status":"closed","template":"","meta":{"_acf_changed":false,"inline_featured_image":false,"kia_subtitle":"","editor_notices":[],"footnotes":""},"tags":[],"class_list":["post-14612","page","type-page","status-publish","hentry"],"acf":[],"publishpress_future_action":{"enabled":false,"date":"2026-04-12 15:35:55","action":"change-status","newStatus":"draft","terms":[],"taxonomy":"post_tag","extraData":[]},"publishpress_future_workflow_manual_trigger":{"enabledWorkflows":[]},"_links":{"self":[{"href":"http:\/\/dev.modularte.de\/STEVIASWEET-WP\/fr\/wp-json\/wp\/v2\/pages\/14612","targetHints":{"allow":["GET"]}}],"collection":[{"href":"http:\/\/dev.modularte.de\/STEVIASWEET-WP\/fr\/wp-json\/wp\/v2\/pages"}],"about":[{"href":"http:\/\/dev.modularte.de\/STEVIASWEET-WP\/fr\/wp-json\/wp\/v2\/types\/page"}],"author":[{"embeddable":true,"href":"http:\/\/dev.modularte.de\/STEVIASWEET-WP\/fr\/wp-json\/wp\/v2\/users\/1"}],"replies":[{"embeddable":true,"href":"http:\/\/dev.modularte.de\/STEVIASWEET-WP\/fr\/wp-json\/wp\/v2\/comments?post=14612"}],"version-history":[{"count":18,"href":"http:\/\/dev.modularte.de\/STEVIASWEET-WP\/fr\/wp-json\/wp\/v2\/pages\/14612\/revisions"}],"predecessor-version":[{"id":21311,"href":"http:\/\/dev.modularte.de\/STEVIASWEET-WP\/fr\/wp-json\/wp\/v2\/pages\/14612\/revisions\/21311"}],"wp:attachment":[{"href":"http:\/\/dev.modularte.de\/STEVIASWEET-WP\/fr\/wp-json\/wp\/v2\/media?parent=14612"}],"wp:term":[{"taxonomy":"post_tag","embeddable":true,"href":"http:\/\/dev.modularte.de\/STEVIASWEET-WP\/fr\/wp-json\/wp\/v2\/tags?post=14612"}],"curies":[{"name":"wp","href":"https:\/\/api.w.org\/{rel}","templated":true}]}}